{"id":17835,"date":"2023-11-17T12:18:52","date_gmt":"2023-11-17T12:18:52","guid":{"rendered":"https:\/\/woolskins.eu\/?post_type=product&#038;p=17835"},"modified":"2025-11-03T14:12:14","modified_gmt":"2025-11-03T14:12:14","slug":"teppe-for-barnehage-barnehage-2","status":"publish","type":"product","link":"https:\/\/woolskins.eu\/nb\/vloerkleed-voor-babykamer-kinderkamer-2\/","title":{"rendered":"Teppe til barnehage og barnerom"},"content":{"rendered":"","protected":false},"excerpt":{"rendered":"<p>V\u00e5re h\u00e5ndknyttede ulltepper er et perfekt tilskudd til barnerommet. Det er varmt, slitesterkt og lett \u00e5 vedlikeholde. Dette ullteppet er laget av naturlig ull, som er allergivennlig, smussavvisende og brannsikkert. Dessuten gir et h\u00e5ndknyttet teppe et unikt og personlig preg til rommet, ettersom hvert teppe er forskjellig.<\/p>\n<p>Det er en fin m\u00e5te \u00e5 gj\u00f8re barnerommet mer koselig, behagelig og morsomt p\u00e5. Det er en investering som vil vare i mange \u00e5r og gi barna mye glede, blant annet p\u00e5 grunn av det lekne ullrelieffet i morsomme m\u00f8nstre p\u00e5 teppet. Nyt fordelene med et naturlig, vakkert og h\u00e5ndlaget produkt av h\u00f8y kvalitet.<\/p>\n<ul>\n<li>M\u00e5l 150 x 80 cm.<\/li>\n<li>100% ull.<\/li>\n<\/ul>\n<p><strong>Merke: Woolskins<br \/>\nProduksjon: Europa<\/strong><\/p>","protected":false},"featured_media":17833,"comment_status":"open","ping_status":"closed","template":"","meta":{"_acf_changed":false},"product_brand":[],"product_cat":[348,528],"product_tag":[],"class_list":{"0":"post-17835","1":"product","2":"type-product","3":"status-publish","4":"has-post-thumbnail","6":"product_cat-kussens","7":"product_cat-schapenvachten-voor-thuis","9":"first","10":"instock","11":"taxable","12":"shipping-taxable","13":"purchasable","14":"product-type-simple"},"acf":[],"_links":{"self":[{"href":"https:\/\/woolskins.eu\/nb\/wp-json\/wp\/v2\/product\/17835","targetHints":{"allow":["GET"]}}],"collection":[{"href":"https:\/\/woolskins.eu\/nb\/wp-json\/wp\/v2\/product"}],"about":[{"href":"https:\/\/woolskins.eu\/nb\/wp-json\/wp\/v2\/types\/product"}],"replies":[{"embeddable":true,"href":"https:\/\/woolskins.eu\/nb\/wp-json\/wp\/v2\/comments?post=17835"}],"wp:featuredmedia":[{"embeddable":true,"href":"https:\/\/woolskins.eu\/nb\/wp-json\/wp\/v2\/media\/17833"}],"wp:attachment":[{"href":"https:\/\/woolskins.eu\/nb\/wp-json\/wp\/v2\/media?parent=17835"}],"wp:term":[{"taxonomy":"product_brand","embeddable":true,"href":"https:\/\/woolskins.eu\/nb\/wp-json\/wp\/v2\/product_brand?post=17835"},{"taxonomy":"product_cat","embeddable":true,"href":"https:\/\/woolskins.eu\/nb\/wp-json\/wp\/v2\/product_cat?post=17835"},{"taxonomy":"product_tag","embeddable":true,"href":"https:\/\/woolskins.eu\/nb\/wp-json\/wp\/v2\/product_tag?post=17835"}],"curies":[{"name":"wp","href":"https:\/\/api.w.org\/{rel}","templated":true}]}}