{"id":17301,"date":"2023-10-29T14:57:25","date_gmt":"2023-10-29T14:57:25","guid":{"rendered":"https:\/\/woolskins.eu\/?post_type=product&#038;p=17301"},"modified":"2025-12-11T12:44:29","modified_gmt":"2025-12-11T12:44:29","slug":"babykape-i-ull-a-basic-merket-lysegra","status":"publish","type":"product","link":"https:\/\/woolskins.eu\/nb\/wollen-babyjas-a-basic-brand-lichtgrijs\/","title":{"rendered":"A Basic Brand - Babyullfrakk i lysegr\u00e5tt"},"content":{"rendered":"<p>Ulljakken fra\u00a0<strong>Et grunnleggende varemerke<\/strong> er tilgjengelig fra Woolskins i ulike farger og er perfekt \u00e5 kombinere med alle de andre ullproduktene i kolleksjonen v\u00e5r<\/p>\n<p>Sammensetning:<br \/>\n100% ull.<\/p>\n<p>St\u00f8rrelsestabell:<\/p>\n<p>Total lengde cm \/ total bredde cm \/ ermelengde cm<br \/>\n6 m\u00e5neder - 30 cm \/ 30 cm \/ 25 cm<br \/>\n1 \u00e5r - 34 cm \/ 32 cm \/<\/p>\n<h5 class=\"seo_titel_cat\">Et babymerke<\/h5>\n<p>Oppdag en virkelig minimalistisk garderobe fra A Basic Brand, full av praktiske ting. Miks og match v\u00e5re unisex-modeller og farger.  Ingen logo, ingen trykk, ikke noe oppstyr.<\/p>\n<p>Deres misjon er \u00e5 gj\u00f8re livet ditt enklere, s\u00e5 en av hovedideene bak v\u00e5r filosofi er PRAKTIKK. Vi bryr oss ogs\u00e5 mye om planeten v\u00e5r og \u00f8nsker at alle skal leve et mer minimalistisk liv og derfor bruke mindre kl\u00e6r (#CONSUMEWISELY).<\/p>\n<p>Derfor er kvaliteten den h\u00f8yest mulige. Du kan bruke dem i \u00e5revis og gi dem videre n\u00e5r du er ferdig med dem. Vi bruker tekstiler av topp kvalitet med b\u00e5de GOTS-sertifikat for \u00f8kologisk bomull og STANDARD 100 by OEKO-TEX\u00ae. Alle produktene kan vaskes i maskin og t\u00f8rkes i t\u00f8rketrommel s\u00e5 ofte du vil. Du vil oppdage at v\u00e5r bomullsfleece ikke engang trenger stryking for \u00e5 se bra ut.<\/p>\n<h5>Vaskeanvisning:<\/h5>\n<p>Vi anbefaler at du vasker produktene v\u00e5re for h\u00e5nd i varmt vann og bruker et lanolinvaskemiddel.<\/p>","protected":false},"excerpt":{"rendered":"<p>Naturlige og myke materialer er avgj\u00f8rende for babyers og barns f\u00f8lsomme hud. Denne babyjakken i ull fra <strong>Et grunnleggende varemerke<\/strong> er et perfekt valg for foreldre som er p\u00e5 utkikk etter en varm og komfortabel jakke til babyen sin. Jakken er laget av 100% naturull, som er kjent for sine isolerende egenskaper og fukttransporterende evne. Jakken er ideell til v\u00e5r og h\u00f8st, eller som en varm cardigan om vinteren.<\/p>\n<p>Jakken har et tidl\u00f8st design og er tilgjengelig i ulike farger. Ermebekledningen lukker jakken godt og s\u00f8rger for at den kan brukes lenge, uansett st\u00f8rrelse. Jakken passer til b\u00e5de gutter og jenter.<\/p>\n<p>Ull er allergivennlig og fri for skadelige stoffer, noe som gj\u00f8r den sv\u00e6rt godt egnet for babyer med allergi eller sensitiv hud. Ull er dessuten slitesterkt og t\u00e5ler litt av hvert, noe som gj\u00f8r at jakken holder lenge.<\/p>\n<p><strong>Merkevare: A Basic Brand<\/strong><br \/>\n<strong>Produksjon: Polen<\/strong><\/p>","protected":false},"featured_media":17283,"comment_status":"open","ping_status":"closed","template":"","meta":{"_acf_changed":false},"product_brand":[],"product_cat":[360,335,364,200,337,413],"product_tag":[],"class_list":{"0":"post-17301","1":"product","2":"type-product","3":"status-publish","4":"has-post-thumbnail","6":"product_cat-cadeautips","7":"product_cat-a_baby_brand","8":"product_cat-cadeaus-vanaf-e50","9":"product_cat-wollen-babykleding","10":"product_cat-vestjes","11":"product_cat-alwero-bodywarmer","13":"first","14":"instock","15":"taxable","16":"shipping-taxable","17":"purchasable","18":"product-type-variable"},"acf":[],"_links":{"self":[{"href":"https:\/\/woolskins.eu\/nb\/wp-json\/wp\/v2\/product\/17301","targetHints":{"allow":["GET"]}}],"collection":[{"href":"https:\/\/woolskins.eu\/nb\/wp-json\/wp\/v2\/product"}],"about":[{"href":"https:\/\/woolskins.eu\/nb\/wp-json\/wp\/v2\/types\/product"}],"replies":[{"embeddable":true,"href":"https:\/\/woolskins.eu\/nb\/wp-json\/wp\/v2\/comments?post=17301"}],"wp:featuredmedia":[{"embeddable":true,"href":"https:\/\/woolskins.eu\/nb\/wp-json\/wp\/v2\/media\/17283"}],"wp:attachment":[{"href":"https:\/\/woolskins.eu\/nb\/wp-json\/wp\/v2\/media?parent=17301"}],"wp:term":[{"taxonomy":"product_brand","embeddable":true,"href":"https:\/\/woolskins.eu\/nb\/wp-json\/wp\/v2\/product_brand?post=17301"},{"taxonomy":"product_cat","embeddable":true,"href":"https:\/\/woolskins.eu\/nb\/wp-json\/wp\/v2\/product_cat?post=17301"},{"taxonomy":"product_tag","embeddable":true,"href":"https:\/\/woolskins.eu\/nb\/wp-json\/wp\/v2\/product_tag?post=17301"}],"curies":[{"name":"wp","href":"https:\/\/api.w.org\/{rel}","templated":true}]}}