{"id":16558,"date":"2023-09-25T10:50:25","date_gmt":"2023-09-25T10:50:25","guid":{"rendered":"https:\/\/woolskins.eu\/?post_type=product&#038;p=16558"},"modified":"2026-02-21T13:30:55","modified_gmt":"2026-02-21T13:30:55","slug":"alwero-handvarmere-votter-tommelfinger-lysegra","status":"publish","type":"product","link":"https:\/\/woolskins.eu\/nb\/alwero-handwarmers-wanten-thumbled-licht-grijs\/","title":{"rendered":"Ullvotter for damer - Thumbled | Lysegr\u00e5"},"content":{"rendered":"<p>Til mammaer har vi disse herlige h\u00e5ndvarmerne - votter - i ull. Den rene nyullen er herlig varm, pustende og sv\u00e6rt behagelig. Takket v\u00e6re de praktiske \u00e5pningene har du fingerl\u00f8se votter i en h\u00e5ndvending, noe som gj\u00f8r det enkelt \u00e5 for eksempel f\u00e5 barnet inn og ut av vognen eller gi det flaske.<\/p>\n<p>- 100% jomfruull, Woolmark-merket.<br \/>\n- Med praktisk deksel til fingerl\u00f8se \u00f8nsker.<br \/>\n- Ulike farger tilgjengelig.<\/p>\n<p>St\u00f8rrelser i centimeter:<\/p>\n<p>St\u00f8rrelse S: 10 cm bredde ved h\u00e5ndleddet x 24 cm lengde<br \/>\nSt\u00f8rrelse M: 11 cm bredde ved h\u00e5ndleddet x 25 cm lengde<br \/>\nSt\u00f8rrelse L: 12 cm bredde ved h\u00e5ndleddet x 26 cm lengde<\/p>\n<h5>Woolskins Label<\/h5>\n<p class=\"brz-lh-xs-1_8 brz-fs-xs-17 brz-text-xs-center brz-text-lg-center brz-tp-lg-empty brz-ff-roboto brz-ft-google brz-fs-lg-17 brz-fss-lg-px brz-fw-lg-400 brz-ls-lg-0 brz-lh-lg-1_8 brz-css-vesng\" data-generated-css=\"brz-css-djhzh\" data-uniq-id=\"odjfi\"><span class=\"brz-cp-color8\">Etter flere \u00e5rs vellykket samarbeid med Alwero er vi stolte av \u00e5 kunne kunngj\u00f8re at vi n\u00e5 f\u00f8rer produktene v\u00e5re under v\u00e5rt eget Woolskins-merke. <\/span><\/p>\n<p class=\"brz-lh-xs-1_8 brz-fs-xs-17 brz-text-xs-center brz-text-lg-center brz-tp-lg-empty brz-ff-roboto brz-ft-google brz-fs-lg-17 brz-fss-lg-px brz-fw-lg-400 brz-ls-lg-0 brz-lh-lg-1_8 brz-css-vesng\" data-generated-css=\"brz-css-djhzh\" data-uniq-id=\"odjfi\"><span class=\"brz-cp-color8\">P\u00e5 denne m\u00e5ten f\u00e5r du fortsatt den beste kvaliteten kombinert med Woolskins' s\u00f8teste og mest unike produkter\/design. <\/span><\/p>\n<p class=\"brz-lh-xs-1_8 brz-fs-xs-17 brz-text-xs-center brz-text-lg-center brz-tp-lg-empty brz-ff-roboto brz-ft-google brz-fs-lg-17 brz-fss-lg-px brz-fw-lg-400 brz-ls-lg-0 brz-lh-lg-1_8 brz-css-vesng\" data-generated-css=\"brz-css-djhzh\" data-uniq-id=\"odjfi\"><span class=\"brz-cp-color8\">Kvaliteten p\u00e5 stoffene og fargene er som den alltid har v\u00e6rt, men n\u00e5 har Woolskins f\u00e5tt et bredere utvalg som de mener de kan differensiere seg med. <\/span><\/p>\n<p class=\"brz-lh-xs-1_8 brz-fs-xs-17 brz-text-xs-center brz-text-lg-center brz-tp-lg-empty brz-ff-roboto brz-ft-google brz-fs-lg-17 brz-fss-lg-px brz-fw-lg-400 brz-ls-lg-0 brz-lh-lg-1_8 brz-css-gyngf\" data-generated-css=\"brz-css-djhzh\" data-uniq-id=\"odjfi\"><span class=\"brz-cp-color8\">V\u00e5r brede kolleksjon er designet for \u00e5 v\u00e6re et flott tillegg til ethvert babyantrekk, laget av 100% europeisk ull som puster og passer til alle \u00e5rstider. <\/span><\/p>\n<p class=\"brz-lh-xs-1_8 brz-fs-xs-17 brz-text-xs-center brz-text-lg-center brz-tp-lg-empty brz-ff-roboto brz-ft-google brz-fs-lg-17 brz-fss-lg-px brz-fw-lg-400 brz-ls-lg-0 brz-lh-lg-1_8 brz-css-gyngf\" data-generated-css=\"brz-css-djhzh\" data-uniq-id=\"odjfi\"><span class=\"brz-cp-color8\">Vi g\u00e5r entusiastisk sammen for \u00e5 skape et b\u00e6rekraftig, naturlig og komfortabelt produkt for babyen din.<\/span><\/p>","protected":false},"excerpt":{"rendered":"<p>Til mammaer har vi disse herlige h\u00e5ndvarmerne - votter - i ull. Den rene nyullen er herlig varm, pustende og sv\u00e6rt behagelig. Takket v\u00e6re de praktiske \u00e5pningene har du fingerl\u00f8se votter i en h\u00e5ndvending, noe som gj\u00f8r det enkelt \u00e5 for eksempel f\u00e5 barnet inn og ut av vognen eller gi det flaske.<\/p>\n<p><strong>Merke: Woolskins<\/strong><br \/>\n<strong>Produksjon: Polen<\/strong><\/p>","protected":false},"featured_media":17591,"comment_status":"open","ping_status":"closed","template":"","meta":{"_acf_changed":false},"product_brand":[],"product_cat":[360,351,362,350,31,194],"product_tag":[],"class_list":{"0":"post-16558","1":"product","2":"type-product","3":"status-publish","4":"has-post-thumbnail","6":"product_cat-cadeautips","7":"product_cat-accessoiresvoormama","8":"product_cat-cadeaus-tot-e-25","9":"product_cat-fashion","10":"product_cat-yogamat-wol","11":"product_cat-wollen-babyproducten","12":"pa_maat-l","13":"pa_maat-m","14":"pa_maat-s","16":"first","17":"instock","18":"taxable","19":"shipping-taxable","20":"purchasable","21":"product-type-variable"},"acf":[],"_links":{"self":[{"href":"https:\/\/woolskins.eu\/nb\/wp-json\/wp\/v2\/product\/16558","targetHints":{"allow":["GET"]}}],"collection":[{"href":"https:\/\/woolskins.eu\/nb\/wp-json\/wp\/v2\/product"}],"about":[{"href":"https:\/\/woolskins.eu\/nb\/wp-json\/wp\/v2\/types\/product"}],"replies":[{"embeddable":true,"href":"https:\/\/woolskins.eu\/nb\/wp-json\/wp\/v2\/comments?post=16558"}],"wp:featuredmedia":[{"embeddable":true,"href":"https:\/\/woolskins.eu\/nb\/wp-json\/wp\/v2\/media\/17591"}],"wp:attachment":[{"href":"https:\/\/woolskins.eu\/nb\/wp-json\/wp\/v2\/media?parent=16558"}],"wp:term":[{"taxonomy":"product_brand","embeddable":true,"href":"https:\/\/woolskins.eu\/nb\/wp-json\/wp\/v2\/product_brand?post=16558"},{"taxonomy":"product_cat","embeddable":true,"href":"https:\/\/woolskins.eu\/nb\/wp-json\/wp\/v2\/product_cat?post=16558"},{"taxonomy":"product_tag","embeddable":true,"href":"https:\/\/woolskins.eu\/nb\/wp-json\/wp\/v2\/product_tag?post=16558"}],"curies":[{"name":"wp","href":"https:\/\/api.w.org\/{rel}","templated":true}]}}