{"id":14150,"date":"2023-01-25T10:53:36","date_gmt":"2023-01-25T10:53:36","guid":{"rendered":"https:\/\/woolskins.eu\/?post_type=product&#038;p=14150"},"modified":"2023-11-25T12:31:09","modified_gmt":"2023-11-25T12:31:09","slug":"alltid-vest","status":"publish","type":"product","link":"https:\/\/woolskins.eu\/nb\/alwero-vest\/","title":{"rendered":"Alwero vest"},"content":{"rendered":"<p>Denne kofta fra Alwero er laget av ull. Den faller lett, og n\u00e5r du tar den p\u00e5, vil du kjenne komforten som ull har \u00e5 tilby. Hold deg varm og fin med denne ullkofta fra Alwero p\u00e5 de kaldere dagene.<\/p>\n<p>- 100% Ull boucle<br \/>\n- Denne vesten gir ekstra varme p\u00e5 kaldere dager.<br \/>\n- Ull isolerer godt og puster.<\/p>\n<p>Dette produktet har Woolmark-godkjenning.<\/p>\n<h5>Alwero<\/h5>\n<p>Familiebedriften Alwero ble f\u00f8dt p\u00e5 slutten av 1990-tallet ut fra behovet for \u00e5 skape noe. Midt i naturen, der sauene beiter i fjellet, finner Alwerode det unike r\u00e5materialet som det hele handler om: r\u00e5 ull.<\/p>\n<p>Ved \u00e5 kombinere gamle tradisjoner og teknisk innovasjon skaper Alwero en verden av komfort. Kunnskap, h\u00e5ndverk og kj\u00e6rlighet til ull har s\u00f8rget for at Alweros produkter er verdsatt over hele verden.<\/p>","protected":false},"excerpt":{"rendered":"<p>Denne kofta fra Alwero er laget av ull. Den faller lett, og n\u00e5r du tar den p\u00e5, vil du kjenne komforten som ull har \u00e5 tilby. Hold deg varm og fin med denne ullkofta fra Alwero p\u00e5 de kaldere dagene.<\/p>","protected":false},"featured_media":14155,"comment_status":"open","ping_status":"closed","template":"","meta":{"_acf_changed":false},"product_brand":[],"product_cat":[31,350,459],"product_tag":[],"class_list":{"0":"post-14150","1":"product","2":"type-product","3":"status-publish","4":"has-post-thumbnail","6":"product_cat-yogamat-wol","7":"product_cat-fashion","8":"product_cat-sale","9":"pa_maat-l-xl","10":"pa_maat-s-m","12":"first","13":"outofstock","14":"sale","15":"taxable","16":"shipping-taxable","17":"purchasable","18":"product-type-variable"},"acf":[],"_links":{"self":[{"href":"https:\/\/woolskins.eu\/nb\/wp-json\/wp\/v2\/product\/14150","targetHints":{"allow":["GET"]}}],"collection":[{"href":"https:\/\/woolskins.eu\/nb\/wp-json\/wp\/v2\/product"}],"about":[{"href":"https:\/\/woolskins.eu\/nb\/wp-json\/wp\/v2\/types\/product"}],"replies":[{"embeddable":true,"href":"https:\/\/woolskins.eu\/nb\/wp-json\/wp\/v2\/comments?post=14150"}],"wp:featuredmedia":[{"embeddable":true,"href":"https:\/\/woolskins.eu\/nb\/wp-json\/wp\/v2\/media\/14155"}],"wp:attachment":[{"href":"https:\/\/woolskins.eu\/nb\/wp-json\/wp\/v2\/media?parent=14150"}],"wp:term":[{"taxonomy":"product_brand","embeddable":true,"href":"https:\/\/woolskins.eu\/nb\/wp-json\/wp\/v2\/product_brand?post=14150"},{"taxonomy":"product_cat","embeddable":true,"href":"https:\/\/woolskins.eu\/nb\/wp-json\/wp\/v2\/product_cat?post=14150"},{"taxonomy":"product_tag","embeddable":true,"href":"https:\/\/woolskins.eu\/nb\/wp-json\/wp\/v2\/product_tag?post=14150"}],"curies":[{"name":"wp","href":"https:\/\/api.w.org\/{rel}","templated":true}]}}