{"id":14069,"date":"2023-01-18T09:57:57","date_gmt":"2023-01-18T09:57:57","guid":{"rendered":"https:\/\/woolskins.eu\/?post_type=product&#038;p=14069"},"modified":"2026-03-03T13:23:20","modified_gmt":"2026-03-03T13:23:20","slug":"alwero-matepute-lammy-s-ecru","status":"publish","type":"product","link":"https:\/\/woolskins.eu\/nb\/alwero-voedingskussen-lammy-s-ecru\/","title":{"rendered":"Ammepute i ull Thumbled-S | Ecru"},"content":{"rendered":"<p>Siden b\u00e5de puten og fyllet er laget av ull, puster puten, st\u00f8yer ikke, er lett og tar opp kroppstemperaturen umiddelbart.<\/p>\n<p>- Trekket er av 100% jomfruull \u2018Thumbled\u2019 og har Woolmark-stempel.<br \/>\n- Fylling av ullballer (100% \u00f8kologisk ull).<br \/>\n- Innerpute (\u00f8kologisk bomull) med glidel\u00e5s.<br \/>\n- Stille naturlig fylling!<br \/>\n- Lav vekt (900 gram).<br \/>\n- Matepute og hjelper babyen med \u00e5 sitte opp og \u2018Tummy time\u2019.<br \/>\n- St\u00f8rrelse 55 x 50 cm (omkrets senter 60 cm).<br \/>\n- Trekket og innerputen kan vaskes p\u00e5 30 \u00b0C ullvask.<\/p>\n<h5>Woolskins Label<\/h5>\n<p>Etter flere \u00e5rs vellykket samarbeid med Alwero er vi stolte av \u00e5 kunne kunngj\u00f8re at vi n\u00e5 f\u00f8rer produktene v\u00e5re under v\u00e5rt eget Woolskins-merke.<\/p>\n<p>P\u00e5 denne m\u00e5ten f\u00e5r du fortsatt den beste kvaliteten, men kombinert med de s\u00f8teste og mest unike produktene og designene.<\/p>\n<p>Kvaliteten p\u00e5 stoffene og fargene er som den alltid har v\u00e6rt, men n\u00e5 er det bare et st\u00f8rre utvalg av hva Woolskins mener de kan skille seg ut med.<\/p>\n<p>V\u00e5r brede kolleksjon er s\u00e5 like at de er et flott tillegg til ethvert babyantrekk, laget av 100% europeisk ull som puster og passer til alle \u00e5rstider.<\/p>\n<p>Vi g\u00e5r entusiastisk sammen for \u00e5 skape et b\u00e6rekraftig, naturlig og komfortabelt produkt for babyen din.<\/p>","protected":false},"excerpt":{"rendered":"<p>Denne ammeputen i ull er sv\u00e6rt behagelig og beroligende for babyen under mating, siden den er stilleg\u00e5ende og umiddelbart tilpasser seg babyens kroppstemperatur. Den hjelper ogs\u00e5 babyen med \u00e5 sitte oppreist, eller du kan bruke den under \u2018magetiden\u2019.<\/p>\n<p>Fordi puten og fyllet er laget av ull, puster puten og er allergivennlig. Ullfibrene har evnen til \u00e5 fungere som en naturlig termostat som regulerer kroppstemperaturen? Dette sikrer en stabil temperatur og holder deg og babyen t\u00f8rr og komfortabel.<\/p>\n<p>Det unike \u00f8kologiske ullballfyllet gir god st\u00f8tte til b\u00e5de din og barnets kropp, og fordi fyllet ikke lager noen lyd (i motsetning til f.eks. gropfyll), kan du mate barnet ditt uforstyrret og dermed nyte hverandre i det uendelige. Ullen rengj\u00f8res og vaskes med biologisk nedbrytbare vaskemidler, og p\u00e5 grunn av det naturlig tilstedev\u00e6rende lanolinet er ullen st\u00f8vfri og dermed allergivennlig.<\/p>\n<p><strong>Merke: Woolskins<\/strong><br \/>\n<strong>Produksjon: Polen<\/strong><\/p>","protected":false},"featured_media":14073,"comment_status":"open","ping_status":"closed","template":"","meta":{"_acf_changed":false},"product_brand":[],"product_cat":[360,349,364,210],"product_tag":[],"class_list":{"0":"post-14069","1":"product","2":"type-product","3":"status-publish","4":"has-post-thumbnail","6":"product_cat-cadeautips","7":"product_cat-borstvoedingenvoedingskussens","8":"product_cat-cadeaus-vanaf-e50","9":"product_cat-wollen-voedingskussen","11":"first","12":"outofstock","13":"taxable","14":"shipping-taxable","15":"purchasable","16":"product-type-variable","17":"has-default-attributes"},"acf":[],"_links":{"self":[{"href":"https:\/\/woolskins.eu\/nb\/wp-json\/wp\/v2\/product\/14069","targetHints":{"allow":["GET"]}}],"collection":[{"href":"https:\/\/woolskins.eu\/nb\/wp-json\/wp\/v2\/product"}],"about":[{"href":"https:\/\/woolskins.eu\/nb\/wp-json\/wp\/v2\/types\/product"}],"replies":[{"embeddable":true,"href":"https:\/\/woolskins.eu\/nb\/wp-json\/wp\/v2\/comments?post=14069"}],"wp:featuredmedia":[{"embeddable":true,"href":"https:\/\/woolskins.eu\/nb\/wp-json\/wp\/v2\/media\/14073"}],"wp:attachment":[{"href":"https:\/\/woolskins.eu\/nb\/wp-json\/wp\/v2\/media?parent=14069"}],"wp:term":[{"taxonomy":"product_brand","embeddable":true,"href":"https:\/\/woolskins.eu\/nb\/wp-json\/wp\/v2\/product_brand?post=14069"},{"taxonomy":"product_cat","embeddable":true,"href":"https:\/\/woolskins.eu\/nb\/wp-json\/wp\/v2\/product_cat?post=14069"},{"taxonomy":"product_tag","embeddable":true,"href":"https:\/\/woolskins.eu\/nb\/wp-json\/wp\/v2\/product_tag?post=14069"}],"curies":[{"name":"wp","href":"https:\/\/api.w.org\/{rel}","templated":true}]}}