{"id":13414,"date":"2022-12-06T15:56:51","date_gmt":"2022-12-06T15:56:51","guid":{"rendered":"https:\/\/woolskins.eu\/?post_type=product&#038;p=13414"},"modified":"2025-11-21T09:49:46","modified_gmt":"2025-11-21T09:49:46","slug":"babyjakke-bomber-essential-beige","status":"publish","type":"product","link":"https:\/\/woolskins.eu\/nb\/baby-jasje-bomber-essential-beige\/","title":{"rendered":"Bomberjakke i ull, tovet, lysegr\u00e5"},"content":{"rendered":"<p>Dette produktet er blant annet merket med Safe for Children og Woolmark. Denne kofta brukes ofte som overplagg, s\u00e5 ha det i bakhodet n\u00e5r det gjelder riktig st\u00f8rrelse.<\/p>\n<p>- 100% jomfruull, Woolmark-merket.<br \/>\n- Veldig varm for hjemme eller p\u00e5 farten.<br \/>\n- Ulike farger tilgjengelig.<br \/>\n- Praktiske trykknapper, lukkes enkelt.<br \/>\n- Mansjettene sitter tett inntil overdelen og holder kulden ute.<\/p>\n<h5>Woolskins Label<\/h5>\n<p>Etter flere \u00e5rs vellykket samarbeid med Alwero er vi stolte av \u00e5 kunne kunngj\u00f8re at vi n\u00e5 f\u00f8rer produktene v\u00e5re under v\u00e5rt eget Woolskins-merke.<\/p>\n<p>P\u00e5 denne m\u00e5ten f\u00e5r du fortsatt den beste kvaliteten, men kombinert med de s\u00f8teste og mest unike produktene og designene.<\/p>\n<p>Kvaliteten p\u00e5 stoffene og fargene er som den alltid har v\u00e6rt, men n\u00e5 er det bare et st\u00f8rre utvalg av hva Woolskins mener de kan skille seg ut med.<\/p>\n<p>V\u00e5r brede kolleksjon er s\u00e5 like at de er et flott tillegg til ethvert babyantrekk, laget av 100% europeisk ull som puster og passer til alle \u00e5rstider.<\/p>\n<p>Vi g\u00e5r entusiastisk sammen for \u00e5 skape et b\u00e6rekraftig, naturlig og komfortabelt produkt for babyen din.<\/p>","protected":false},"excerpt":{"rendered":"<p>Denne jakken er et ekte \u2018must have\u2019 til ethvert babyantrekk. Den er ekstremt komfortabel og er laget av 100%-ull. Den s\u00f8rger for at babyen din er klar til \u00e5 g\u00e5 ut. Det velsittende ermeomslaget s\u00f8rger for at vinden ikke kan bl\u00e5se inn.  Jakken har trykknapper og broderi p\u00e5 ryggen med bokstavene \u2018A True Lovestory Never Ends\u2019. Hvis du ikke \u00f8nsker tekst p\u00e5 ryggen, er det bare \u00e5 bestille uten. Laget av 100% tovet ull som gj\u00f8r den fantastisk varm. Denne jakken passer b\u00e5de v\u00e5r, vinter og h\u00f8st.<\/p>\n<p><strong>Merke: Woolskins<\/strong><br \/>\n<strong>Produksjon: Polen<\/strong><\/p>","protected":false},"featured_media":13431,"comment_status":"open","ping_status":"closed","template":"","meta":{"_acf_changed":false},"product_brand":[],"product_cat":[360,364,200,196,337,344,194],"product_tag":[],"class_list":{"0":"post-13414","1":"product","2":"type-product","3":"status-publish","4":"has-post-thumbnail","6":"product_cat-cadeautips","7":"product_cat-cadeaus-vanaf-e50","8":"product_cat-wollen-babykleding","9":"product_cat-slaapkleding-baby","10":"product_cat-vestjes","11":"product_cat-kleertjes","12":"product_cat-wollen-babyproducten","13":"pa_maat-3-6-maanden","14":"pa_maat-6-12-maanden","16":"first","17":"instock","18":"taxable","19":"shipping-taxable","20":"purchasable","21":"product-type-variable","22":"has-default-attributes"},"acf":[],"_links":{"self":[{"href":"https:\/\/woolskins.eu\/nb\/wp-json\/wp\/v2\/product\/13414","targetHints":{"allow":["GET"]}}],"collection":[{"href":"https:\/\/woolskins.eu\/nb\/wp-json\/wp\/v2\/product"}],"about":[{"href":"https:\/\/woolskins.eu\/nb\/wp-json\/wp\/v2\/types\/product"}],"replies":[{"embeddable":true,"href":"https:\/\/woolskins.eu\/nb\/wp-json\/wp\/v2\/comments?post=13414"}],"wp:featuredmedia":[{"embeddable":true,"href":"https:\/\/woolskins.eu\/nb\/wp-json\/wp\/v2\/media\/13431"}],"wp:attachment":[{"href":"https:\/\/woolskins.eu\/nb\/wp-json\/wp\/v2\/media?parent=13414"}],"wp:term":[{"taxonomy":"product_brand","embeddable":true,"href":"https:\/\/woolskins.eu\/nb\/wp-json\/wp\/v2\/product_brand?post=13414"},{"taxonomy":"product_cat","embeddable":true,"href":"https:\/\/woolskins.eu\/nb\/wp-json\/wp\/v2\/product_cat?post=13414"},{"taxonomy":"product_tag","embeddable":true,"href":"https:\/\/woolskins.eu\/nb\/wp-json\/wp\/v2\/product_tag?post=13414"}],"curies":[{"name":"wp","href":"https:\/\/api.w.org\/{rel}","templated":true}]}}