{"id":13331,"date":"2022-12-02T12:36:55","date_gmt":"2022-12-02T12:36:55","guid":{"rendered":"https:\/\/woolskins.eu\/?post_type=product&#038;p=13331"},"modified":"2023-11-08T10:38:41","modified_gmt":"2023-11-08T10:38:41","slug":"moms-bag-essential-beige","status":"publish","type":"product","link":"https:\/\/woolskins.eu\/nb\/moms-bag-essential-beige\/","title":{"rendered":"Mom Bag Wool Felted | beige"},"content":{"rendered":"<p>Vesken er f\u00f4ret med et vanntett stoff og har rikelig med oppbevaringsplass. Den er tilgjengelig i en rekke stilige farger og passer godt sammen med alle de andre produktene i Thumbled-serien v\u00e5r.<\/p>\n<p>- M\u00e5l: 58 x 42 cm<br \/>\n- Praktiske h\u00e5ndtak<br \/>\n- 100% ull (vanntett innerf\u00f4r)<\/p>\n<h5>Woolskins Label<\/h5>\n<p>Etter flere \u00e5rs vellykket samarbeid med Alwero er vi stolte av \u00e5 kunne kunngj\u00f8re at vi n\u00e5 f\u00f8rer produktene v\u00e5re under v\u00e5rt eget Woolskins-merke.<\/p>\n<p>P\u00e5 denne m\u00e5ten f\u00e5r du fortsatt den beste kvaliteten, men kombinert med de s\u00f8teste og mest unike produktene og designene.<\/p>\n<p>Kvaliteten p\u00e5 stoffene og fargene er som den alltid har v\u00e6rt, men n\u00e5 er det bare et st\u00f8rre utvalg av hva Woolskins mener de kan skille seg ut med.<\/p>\n<p>V\u00e5r brede kolleksjon er s\u00e5 like at de er et flott tillegg til ethvert babyantrekk, laget av 100% europeisk ull som puster og passer til alle \u00e5rstider.<\/p>\n<p>Vi g\u00e5r entusiastisk sammen for \u00e5 skape et b\u00e6rekraftig, naturlig og komfortabelt produkt for babyen din.<\/p>","protected":false},"excerpt":{"rendered":"<p>Denne praktiske Mom Bag i ull fra Woolskins er ideell til \u00e5 feste p\u00e5 barnevognen eller som handlebag. Et must-have n\u00e5r du er mye p\u00e5 farten. Posen er f\u00f4ret med et vanntett stoff, slik at du ogs\u00e5 kan bruke den innvendig og utvendig n\u00e5r det regner. Mom Bag er et allsidig og praktisk tilbeh\u00f8r som gj\u00f8r livet enklere for alle m\u00f8dre. Mom Bag har plass til alt barnet trenger, som bleier, v\u00e5tservietter, flasker, leker og kl\u00e6r, i tillegg til personlige ting som telefon, n\u00f8kler og kosmetikk. Mom Bag er tilgjengelig i en rekke stilige farger og passer godt sammen med alle de andre produktene i Felted-serien v\u00e5r.<\/p>\n<p><strong>Merke: Woolskins<\/strong><br \/>\n<strong>Produksjon: Polen<\/strong><\/p>","protected":false},"featured_media":13332,"comment_status":"closed","ping_status":"closed","template":"","meta":{"_acf_changed":false},"product_brand":[],"product_cat":[351,364,350,31,196,194],"product_tag":[],"class_list":{"0":"post-13331","1":"product","2":"type-product","3":"status-publish","4":"has-post-thumbnail","6":"product_cat-accessoiresvoormama","7":"product_cat-cadeaus-vanaf-e50","8":"product_cat-fashion","9":"product_cat-yogamat-wol","10":"product_cat-slaapkleding-baby","11":"product_cat-wollen-babyproducten","13":"first","14":"outofstock","15":"taxable","16":"shipping-taxable","17":"purchasable","18":"product-type-simple"},"acf":[],"_links":{"self":[{"href":"https:\/\/woolskins.eu\/nb\/wp-json\/wp\/v2\/product\/13331","targetHints":{"allow":["GET"]}}],"collection":[{"href":"https:\/\/woolskins.eu\/nb\/wp-json\/wp\/v2\/product"}],"about":[{"href":"https:\/\/woolskins.eu\/nb\/wp-json\/wp\/v2\/types\/product"}],"replies":[{"embeddable":true,"href":"https:\/\/woolskins.eu\/nb\/wp-json\/wp\/v2\/comments?post=13331"}],"wp:featuredmedia":[{"embeddable":true,"href":"https:\/\/woolskins.eu\/nb\/wp-json\/wp\/v2\/media\/13332"}],"wp:attachment":[{"href":"https:\/\/woolskins.eu\/nb\/wp-json\/wp\/v2\/media?parent=13331"}],"wp:term":[{"taxonomy":"product_brand","embeddable":true,"href":"https:\/\/woolskins.eu\/nb\/wp-json\/wp\/v2\/product_brand?post=13331"},{"taxonomy":"product_cat","embeddable":true,"href":"https:\/\/woolskins.eu\/nb\/wp-json\/wp\/v2\/product_cat?post=13331"},{"taxonomy":"product_tag","embeddable":true,"href":"https:\/\/woolskins.eu\/nb\/wp-json\/wp\/v2\/product_tag?post=13331"}],"curies":[{"name":"wp","href":"https:\/\/api.w.org\/{rel}","templated":true}]}}