{"id":13249,"date":"2022-11-28T10:51:34","date_gmt":"2022-11-28T10:51:34","guid":{"rendered":"https:\/\/woolskins.eu\/?post_type=product&#038;p=13249"},"modified":"2025-12-08T11:19:04","modified_gmt":"2025-12-08T11:19:04","slug":"alwero-tofler-essential-beige","status":"publish","type":"product","link":"https:\/\/woolskins.eu\/nb\/alwero-slofjes-essential-beige\/","title":{"rendered":"Babyt\u00f8fler i ull tovet | Beige"},"content":{"rendered":"<p>Woolskins ullt\u00f8fler finnes i forskjellige farger og st\u00f8rrelser, slik at du alltid kan finne den som passer best for barnet ditt. Dette produktet er blant annet merket med Safe for Children og Woolmark.<\/p>\n<p>- 100% jomfruull, Woolmark-merket.<br \/>\n- Veldig varm for hjemme eller p\u00e5 farten.<br \/>\n- praktisk b\u00e5nd du kan knytte.<br \/>\n- St\u00f8rrelse 0-3 m\u00e5neder (8 cm) og 3-6 m\u00e5neder (9,5 cm).<br \/>\n- Ulike farger tilgjengelig.<\/p>\n<h5>Woolskins Label<\/h5>\n<p>Etter flere \u00e5rs vellykket samarbeid med Alwero er vi stolte av \u00e5 kunne kunngj\u00f8re at vi n\u00e5 f\u00f8rer produktene v\u00e5re under v\u00e5rt eget Woolskins-merke.<\/p>\n<p>P\u00e5 denne m\u00e5ten f\u00e5r du fortsatt den beste kvaliteten, men kombinert med de s\u00f8teste og mest unike produktene og designene.<\/p>\n<p>Kvaliteten p\u00e5 stoffene og fargene er som den alltid har v\u00e6rt, men n\u00e5 er det bare et st\u00f8rre utvalg av hva Woolskins mener de kan skille seg ut med.<\/p>\n<p>V\u00e5r brede kolleksjon er s\u00e5 like at de er et flott tillegg til ethvert babyantrekk, laget av 100% europeisk ull som puster og passer til alle \u00e5rstider.<\/p>\n<p>Vi g\u00e5r entusiastisk sammen for \u00e5 skape et b\u00e6rekraftig, naturlig og komfortabelt produkt for babyen din.<\/p>","protected":false},"excerpt":{"rendered":"<p>V\u00e5re behagelige babyt\u00f8fler er et perfekt valg for \u00e5 holde de minste f\u00f8ttene herlig varme. De har alle de gode egenskapene til 100% \u00f8kologisk ull og tilpasser seg barnets temperatur umiddelbart n\u00e5r du tar dem p\u00e5. Babyt\u00f8fler i ull er ogs\u00e5 en supers\u00f8t og praktisk gave til enhver anledning. Disse t\u00f8flene passer fint sammen med hele \u2018Felted\u2019-serien v\u00e5r. Den lille vil elske disse ullt\u00f8flene.<\/p>\n<p><strong>Merke: Woolskins<\/strong><br \/>\n<strong>Produsent: Polen<\/strong><\/p>","protected":false},"featured_media":14411,"comment_status":"closed","ping_status":"closed","template":"","meta":{"_acf_changed":false},"product_brand":[],"product_cat":[345,361,360,362,200,323,194],"product_tag":[],"class_list":{"0":"post-13249","1":"product","2":"type-product","3":"status-publish","4":"has-post-thumbnail","6":"product_cat-accessoires","7":"product_cat-babyshower","8":"product_cat-cadeautips","9":"product_cat-cadeaus-tot-e-25","10":"product_cat-wollen-babykleding","11":"product_cat-slofjes","12":"product_cat-wollen-babyproducten","13":"pa_maat-0-6-maanden-9cm","14":"pa_maat-6-12-maanden11cm","16":"first","17":"outofstock","18":"taxable","19":"shipping-taxable","20":"purchasable","21":"product-type-variable"},"acf":[],"_links":{"self":[{"href":"https:\/\/woolskins.eu\/nb\/wp-json\/wp\/v2\/product\/13249","targetHints":{"allow":["GET"]}}],"collection":[{"href":"https:\/\/woolskins.eu\/nb\/wp-json\/wp\/v2\/product"}],"about":[{"href":"https:\/\/woolskins.eu\/nb\/wp-json\/wp\/v2\/types\/product"}],"replies":[{"embeddable":true,"href":"https:\/\/woolskins.eu\/nb\/wp-json\/wp\/v2\/comments?post=13249"}],"wp:featuredmedia":[{"embeddable":true,"href":"https:\/\/woolskins.eu\/nb\/wp-json\/wp\/v2\/media\/14411"}],"wp:attachment":[{"href":"https:\/\/woolskins.eu\/nb\/wp-json\/wp\/v2\/media?parent=13249"}],"wp:term":[{"taxonomy":"product_brand","embeddable":true,"href":"https:\/\/woolskins.eu\/nb\/wp-json\/wp\/v2\/product_brand?post=13249"},{"taxonomy":"product_cat","embeddable":true,"href":"https:\/\/woolskins.eu\/nb\/wp-json\/wp\/v2\/product_cat?post=13249"},{"taxonomy":"product_tag","embeddable":true,"href":"https:\/\/woolskins.eu\/nb\/wp-json\/wp\/v2\/product_tag?post=13249"}],"curies":[{"name":"wp","href":"https:\/\/api.w.org\/{rel}","templated":true}]}}