{"id":13077,"date":"2022-11-22T11:14:22","date_gmt":"2022-11-22T11:14:22","guid":{"rendered":"https:\/\/woolskins.eu\/?post_type=product&#038;p=13077"},"modified":"2026-02-03T10:47:54","modified_gmt":"2026-02-03T10:47:54","slug":"alwero-bodywarmer-essential-gra-med-morke-sommer","status":"publish","type":"product","link":"https:\/\/woolskins.eu\/nb\/alwero-bodywarmer-essential-grijs-met-donkere-stiksel\/","title":{"rendered":"Bodywarmer i ull til baby og barn | lysegr\u00e5 tovet \/ m\u00f8rke s\u00f8mmer"},"content":{"rendered":"<p>Dette produktet er blant annet merket med Safe for Children og Woolmark. Denne kofta brukes ofte som overplagg, s\u00e5 ha det i bakhodet n\u00e5r det gjelder riktig st\u00f8rrelse.<\/p>\n<p>- 100% jomfruull, Woolmark-merket.<br \/>\n- Veldig varm for hjemme eller p\u00e5 farten.<br \/>\n- Ulike farger tilgjengelig.<br \/>\n- MERK: For riktig st\u00f8rrelse, se \u2018St\u00f8rrelser i centimeter\u2019.<\/p>\n<h5>Woolskins Label<\/h5>\n<p>Etter flere \u00e5rs vellykket samarbeid med Alwero er vi stolte av \u00e5 kunne kunngj\u00f8re at vi n\u00e5 f\u00f8rer produktene v\u00e5re under v\u00e5rt eget Woolskins-merke.<\/p>\n<p>P\u00e5 denne m\u00e5ten f\u00e5r du fortsatt den beste kvaliteten, men kombinert med de s\u00f8teste og mest unike produktene og designene.<\/p>\n<p>Kvaliteten p\u00e5 stoffene og fargene er som den alltid har v\u00e6rt, men n\u00e5 er det bare et st\u00f8rre utvalg av hva Woolskins mener de kan skille seg ut med.<\/p>\n<p>V\u00e5r brede kolleksjon er s\u00e5 like at de er et flott tillegg til ethvert babyantrekk, laget av 100% europeisk ull som puster og passer til alle \u00e5rstider.<\/p>\n<p>Vi g\u00e5r entusiastisk sammen for \u00e5 skape et b\u00e6rekraftig, naturlig og komfortabelt produkt for babyen din.<\/p>\n<h5 class=\"Text1893342656__root Text1893342656---typography-11-runningText Text1893342656---priority-7-primary s8gg2 _2UIKs InfoSectionTitle3095652555__root\" aria-hidden=\"false\" data-hook=\"info-section-title\">St\u00f8rrelser i centimeter:<\/h5>\n<div class=\"_2tV5m fggS- cell\">St\u00f8rrelse: 50\/56 Lengde: 27,5 cm Bredde: 22 cm (ved armhulen)<br \/>\nSt\u00f8rrelse: 62\/60 Lengde: 28,5 cm Bredde: 25 cm<br \/>\nSt\u00f8rrelse: 74\/80 Lengde: 29,5 cm Bredde: 28 cm<br \/>\nSt\u00f8rrelse: 80\/86 Lengde: 31 cm Bredde: 32 cm<br \/>\nSt\u00f8rrelse: 92\/98 Lengde: 33,5 cm Bredde: 35 cm<br \/>\nSt\u00f8rrelse: 104\/110 Lengde: 39,5 cm Bredde: 37 cm<\/div>","protected":false},"excerpt":{"rendered":"<p>Denne trendy bodywarmeren er herlig varm og behagelig.  Bruk den uformelt over en genser eller jakke, den ser alltid fin ut og er superhendig. Denne vesten har alle de gode egenskapene til 100% Eco Wool. Det betyr at barnet ditt vil v\u00e6re varmt og komfortabelt p\u00e5 kaldere dager. Denne kofta er fin \u00e5 kombinere med hele Woolskins-kolleksjonen. Woolskins Bodywarmer er vakkert avsluttet med teppes\u00f8m og treknapp.<\/p>\n<p>OBS: Cardigans er sm\u00e5. For riktig st\u00f8rrelse, se \u2018St\u00f8rrelser i centimeter\u2019 under beskrivelsen.<\/p>\n<p><strong>Merke: Woolskins<\/strong><br \/>\n<strong>Produksjon: Polen<\/strong><\/p>","protected":false},"featured_media":17468,"comment_status":"closed","ping_status":"closed","template":"","meta":{"_acf_changed":false},"product_brand":[],"product_cat":[361,360,363,200,337,413,344,194],"product_tag":[424,451,452,450,421,484,486],"class_list":{"0":"post-13077","1":"product","2":"type-product","3":"status-publish","4":"has-post-thumbnail","6":"product_cat-babyshower","7":"product_cat-cadeautips","8":"product_cat-cadeaus-e25-e50","9":"product_cat-wollen-babykleding","10":"product_cat-vestjes","11":"product_cat-alwero-bodywarmer","12":"product_cat-kleertjes","13":"product_cat-wollen-babyproducten","14":"product_tag-alwero-bodywarmer","15":"product_tag-alwero-bodywarmer-baby","16":"product_tag-alwero-bodywarmer-kind","17":"product_tag-alwero-gilet","18":"product_tag-wollen-bodywarmer","19":"product_tag-wollen-kinderbodywarmer","20":"product_tag-woolskins-wollen-bodywarmer","21":"pa_maat-104-110","22":"pa_maat-50-56","23":"pa_maat-62-68","24":"pa_maat-74-80","25":"pa_maat-80-86","26":"pa_maat-92-98","28":"first","29":"instock","30":"taxable","31":"shipping-taxable","32":"purchasable","33":"product-type-variable"},"acf":[],"_links":{"self":[{"href":"https:\/\/woolskins.eu\/nb\/wp-json\/wp\/v2\/product\/13077","targetHints":{"allow":["GET"]}}],"collection":[{"href":"https:\/\/woolskins.eu\/nb\/wp-json\/wp\/v2\/product"}],"about":[{"href":"https:\/\/woolskins.eu\/nb\/wp-json\/wp\/v2\/types\/product"}],"replies":[{"embeddable":true,"href":"https:\/\/woolskins.eu\/nb\/wp-json\/wp\/v2\/comments?post=13077"}],"wp:featuredmedia":[{"embeddable":true,"href":"https:\/\/woolskins.eu\/nb\/wp-json\/wp\/v2\/media\/17468"}],"wp:attachment":[{"href":"https:\/\/woolskins.eu\/nb\/wp-json\/wp\/v2\/media?parent=13077"}],"wp:term":[{"taxonomy":"product_brand","embeddable":true,"href":"https:\/\/woolskins.eu\/nb\/wp-json\/wp\/v2\/product_brand?post=13077"},{"taxonomy":"product_cat","embeddable":true,"href":"https:\/\/woolskins.eu\/nb\/wp-json\/wp\/v2\/product_cat?post=13077"},{"taxonomy":"product_tag","embeddable":true,"href":"https:\/\/woolskins.eu\/nb\/wp-json\/wp\/v2\/product_tag?post=13077"}],"curies":[{"name":"wp","href":"https:\/\/api.w.org\/{rel}","templated":true}]}}