{"id":12005,"date":"2022-09-15T12:00:16","date_gmt":"2022-09-15T12:00:16","guid":{"rendered":"https:\/\/woolskins.eu\/?post_type=product&#038;p=12005"},"modified":"2026-03-08T13:17:42","modified_gmt":"2026-03-08T13:17:42","slug":"alwero-stellematte-beige","status":"publish","type":"product","link":"https:\/\/woolskins.eu\/nb\/alwero-verschoningsmat-beige\/","title":{"rendered":"Pusleunderlag i ull - tovet | Beige"},"content":{"rendered":"<p>Woolskins stellematte, gjennomtenkt og veldig praktisk p\u00e5 farten eller hjemme n\u00e5r du trenger \u00e5 skifte babyen din. Stellematten v\u00e5r er laget av 100% ull og har et vanntett flanellinnlegg for de sm\u00e5 uhellene. Dermed slipper du \u00e5 vaske hele stellematten. Stellematten er enkel \u00e5 brette sammen og har to sidelommer til bleier og stellekluter. Stellematten kan ogs\u00e5 brukes hjemme p\u00e5 stellematten.<\/p>\n<p>Snoren holder ikke bare matten brettet sammen, men fungerer ogs\u00e5 som en liten distraksjon med perler for barnet ditt, slik at du kan skifte dem i ro og mak.<\/p>\n<p>M\u00e5l: 50 x 70 cm, brettet 24 x 22 cm.<\/p>\n<p>En stellematte laget av ull er det:<\/p>\n<p>- 100% ny ull Filtet med Woolmark-sertifisering.<br \/>\n- Glatt, myk og kompakt struktur<br \/>\n- Gode termiske egenskaper<br \/>\n- For hjemme og p\u00e5 farten.<br \/>\n- Vannavvisende, komfortabel og hygienisk<br \/>\n- Europeisk produksjon.<br \/>\n- kan vaskes p\u00e5 30 \u00b0C ullvaskesyklus.<\/p>\n<p>Dette produktet er blant annet merket med Safe for Children og Woolmark.<\/p>\n<h5>Woolskins Label<\/h5>\n<p>Etter flere \u00e5rs vellykket samarbeid med Alwero er vi stolte av \u00e5 kunne kunngj\u00f8re at vi n\u00e5 f\u00f8rer produktene v\u00e5re under v\u00e5rt eget Woolskins-merke.<\/p>\n<p>P\u00e5 denne m\u00e5ten f\u00e5r du fortsatt den beste kvaliteten, men kombinert med de s\u00f8teste og mest unike produktene og designene.<\/p>\n<p>Kvaliteten p\u00e5 stoffene og fargene er som den alltid har v\u00e6rt, men n\u00e5 er det bare et st\u00f8rre utvalg av hva Woolskins mener de kan skille seg ut med.<\/p>\n<p>V\u00e5r brede kolleksjon er s\u00e5 like at de er et flott tillegg til ethvert babyantrekk, laget av 100% europeisk ull som puster og passer til alle \u00e5rstider.<\/p>\n<p>Vi g\u00e5r entusiastisk sammen for \u00e5 skape et b\u00e6rekraftig, naturlig og s\u00e5 komfortabelt produkt som mulig for barnet ditt<span style=\"font-size: 16px;\">.<\/span><\/p>","protected":false},"excerpt":{"rendered":"<p>Denne stellematten i ull er et mykt og varmt produkt som er ideelt n\u00e5r du skal stelle babyen din. Stellematten er gjennomtenkt og veldig praktisk n\u00e5r du er p\u00e5 farten eller hjemme og trenger et raskt stellested til babyen din. Stellematten er laget av 100%-ull og har et vanntett flanellinnlegg for de sm\u00e5 uhellene. Dermed slipper du \u00e5 vaske hele stellematten. Stellematten er enkel \u00e5 brette sammen og har to sidelommer for bleier og stellekluter. Stellematten kan ogs\u00e5 brukes hjemme p\u00e5 stellematten. Den er et must for alle foreldre som \u00f8nsker \u00e5 amme barnet sitt p\u00e5 en komfortabel og hygienisk m\u00e5te.<\/p>\n<p><strong>Merke: Woolskins<\/strong><br \/>\n<strong>Produksjon: Polen<\/strong><\/p>","protected":false},"featured_media":12009,"comment_status":"open","ping_status":"closed","template":"","meta":{"_acf_changed":false},"product_brand":[],"product_cat":[360,363,196,318,194],"product_tag":[],"class_list":{"0":"post-12005","1":"product","2":"type-product","3":"status-publish","4":"has-post-thumbnail","6":"product_cat-cadeautips","7":"product_cat-cadeaus-e25-e50","8":"product_cat-slaapkleding-baby","9":"product_cat-wollen-wiegdeken-ledikantdeken","10":"product_cat-wollen-babyproducten","12":"first","13":"instock","14":"taxable","15":"shipping-taxable","16":"purchasable","17":"product-type-simple"},"acf":[],"_links":{"self":[{"href":"https:\/\/woolskins.eu\/nb\/wp-json\/wp\/v2\/product\/12005","targetHints":{"allow":["GET"]}}],"collection":[{"href":"https:\/\/woolskins.eu\/nb\/wp-json\/wp\/v2\/product"}],"about":[{"href":"https:\/\/woolskins.eu\/nb\/wp-json\/wp\/v2\/types\/product"}],"replies":[{"embeddable":true,"href":"https:\/\/woolskins.eu\/nb\/wp-json\/wp\/v2\/comments?post=12005"}],"wp:featuredmedia":[{"embeddable":true,"href":"https:\/\/woolskins.eu\/nb\/wp-json\/wp\/v2\/media\/12009"}],"wp:attachment":[{"href":"https:\/\/woolskins.eu\/nb\/wp-json\/wp\/v2\/media?parent=12005"}],"wp:term":[{"taxonomy":"product_brand","embeddable":true,"href":"https:\/\/woolskins.eu\/nb\/wp-json\/wp\/v2\/product_brand?post=12005"},{"taxonomy":"product_cat","embeddable":true,"href":"https:\/\/woolskins.eu\/nb\/wp-json\/wp\/v2\/product_cat?post=12005"},{"taxonomy":"product_tag","embeddable":true,"href":"https:\/\/woolskins.eu\/nb\/wp-json\/wp\/v2\/product_tag?post=12005"}],"curies":[{"name":"wp","href":"https:\/\/api.w.org\/{rel}","templated":true}]}}