{"id":11302,"date":"2022-06-21T13:59:46","date_gmt":"2022-06-21T13:59:46","guid":{"rendered":"https:\/\/woolskins.eu\/?post_type=product&#038;p=11302"},"modified":"2026-05-03T20:00:35","modified_gmt":"2026-05-03T20:00:35","slug":"rib-romper-naturhvit","status":"publish","type":"product","link":"https:\/\/woolskins.eu\/nb\/rib-romper-natural-white\/","title":{"rendered":"A Basic Brand - Barnedress Rib | Naturhvit"},"content":{"rendered":"<h6>Et babymerke<\/h6>\n<p>Den ultimate romperen for hele dagen og hele natten. Unisex romper uten f\u00f8tter laget av v\u00e5r favorittribbede bomull med en leken r\u00e5 finish. \u00c5pnes med sm\u00e5 trykknapper foran for rask og enkel tilgang. Den enkleste designen i basisfarger.<\/p>\n<p>97% bomull 3% elastan. STANDARD 100 fra OEKO-TEX\u00ae.<\/p>\n<p>St\u00f8rrelser:<\/p>\n<p>inners\u00f8m cm \/ total lengde cm \/ ermelengde cm<\/p>\n<p>0m - 13 \/ 41 \/ 18<br \/>\n3m - 16 \/ 51 \/ 20<br \/>\n6m - 19 \/ 58 \/ 24<\/p>\n<h5>Et babymerke<\/h5>\n<p>Oppdag en virkelig minimalistisk garderobe full av praktiske n\u00f8dvendigheter. Miks og match v\u00e5re unisex-modeller og farger.  Ingen logo, ikke noe trykk, ikke noe oppstyr.<\/p>\n<p>V\u00e5r misjon er \u00e5 gj\u00f8re livet ditt enklere, s\u00e5 en av hovedideene bak filosofien v\u00e5r er PRAKTIKK. Vi bryr oss ogs\u00e5 mye om planeten v\u00e5r og \u00f8nsker at alle skal leve et mer minimalistisk liv og derfor bruke mindre kl\u00e6r (#CONSUMEWISELY).<\/p>\n<p>Derfor er kvaliteten p\u00e5 produktene v\u00e5re den h\u00f8yest mulige. Du kan bruke dem i \u00e5revis og gi dem videre n\u00e5r du er ferdig med dem. Vi bruker tekstiler av topp kvalitet med b\u00e5de GOTS-sertifikat for \u00f8kologisk bomull og STANDARD 100 by OEKO-TEX\u00ae. Alle produktene v\u00e5re kan vaskes i maskin og t\u00f8rkes i t\u00f8rketrommel s\u00e5 mange ganger du vil. Du vil oppdage at bomullsfleecen v\u00e5r ikke engang trenger \u00e5 strykes for \u00e5 se bra ut.<\/p>","protected":false},"excerpt":{"rendered":"<h6>Et babymerke<\/h6>\n<p>Den ultimate romperen for hele dagen og hele natten. Unisex romper uten f\u00f8tter laget av v\u00e5r favorittribbede bomull med perfekt r\u00e5 finish. \u00c5pnes med sm\u00e5 trykknapper foran for rask og enkel tilgang. Den enkleste designen i basisfarger.<\/p>","protected":false},"featured_media":11310,"comment_status":"closed","ping_status":"closed","template":"","meta":{"_acf_changed":false},"product_brand":[],"product_cat":[335,361,360,363,529,534],"product_tag":[],"class_list":{"0":"post-11302","1":"product","2":"type-product","3":"status-publish","4":"has-post-thumbnail","6":"product_cat-a_baby_brand","7":"product_cat-babyshower","8":"product_cat-cadeautips","9":"product_cat-cadeaus-e25-e50","10":"product_cat-katoenen-babykleertjes","11":"product_cat-katoenen-babypak","12":"pa_maat-0-maanden","13":"pa_maat-3-maanden","14":"pa_maat-6-maanden","16":"first","17":"outofstock","18":"taxable","19":"shipping-taxable","20":"purchasable","21":"product-type-variable"},"acf":[],"_links":{"self":[{"href":"https:\/\/woolskins.eu\/nb\/wp-json\/wp\/v2\/product\/11302","targetHints":{"allow":["GET"]}}],"collection":[{"href":"https:\/\/woolskins.eu\/nb\/wp-json\/wp\/v2\/product"}],"about":[{"href":"https:\/\/woolskins.eu\/nb\/wp-json\/wp\/v2\/types\/product"}],"replies":[{"embeddable":true,"href":"https:\/\/woolskins.eu\/nb\/wp-json\/wp\/v2\/comments?post=11302"}],"wp:featuredmedia":[{"embeddable":true,"href":"https:\/\/woolskins.eu\/nb\/wp-json\/wp\/v2\/media\/11310"}],"wp:attachment":[{"href":"https:\/\/woolskins.eu\/nb\/wp-json\/wp\/v2\/media?parent=11302"}],"wp:term":[{"taxonomy":"product_brand","embeddable":true,"href":"https:\/\/woolskins.eu\/nb\/wp-json\/wp\/v2\/product_brand?post=11302"},{"taxonomy":"product_cat","embeddable":true,"href":"https:\/\/woolskins.eu\/nb\/wp-json\/wp\/v2\/product_cat?post=11302"},{"taxonomy":"product_tag","embeddable":true,"href":"https:\/\/woolskins.eu\/nb\/wp-json\/wp\/v2\/product_tag?post=11302"}],"curies":[{"name":"wp","href":"https:\/\/api.w.org\/{rel}","templated":true}]}}