{"id":11237,"date":"2022-06-20T13:38:31","date_gmt":"2022-06-20T13:38:31","guid":{"rendered":"https:\/\/woolskins.eu\/?post_type=product&#038;p=11237"},"modified":"2026-05-07T11:54:31","modified_gmt":"2026-05-07T11:54:31","slug":"bottehatt-svart","status":"publish","type":"product","link":"https:\/\/woolskins.eu\/nb\/bucket-hat-black\/","title":{"rendered":"A Basic Brand - Baby Bucket Hat | svart"},"content":{"rendered":"<h6>Et babymerke<\/h6>\n<p>Denne b\u00f8ttehatten i kanvas med frynsete kanter er et skikkelig sommer-must-have. Den er tilgjengelig i fire farger, slik at du kan mikse og matche. Det brede st\u00f8rrelsesspekteret - 3 st\u00f8rrelser fra nyf\u00f8dt til voksen - gj\u00f8r denne luen til nok et A BABY BRAND-produkt som passer til b\u00e5de barn og foreldre.<\/p>\n<p>St\u00f8rrelser:<\/p>\n<p>S - 0\/12m - 46 cm<br \/>\nM - 1\/4y - 53 cm<br \/>\nL - 4 \u00e5r\/voksen - 60 cm<\/p>\n<h5>Et babymerke<\/h5>\n<p>Oppdag en virkelig minimalistisk garderobe full av praktiske n\u00f8dvendigheter. Miks og match v\u00e5re unisex-modeller og farger.  Ingen logo, ikke noe trykk, ikke noe oppstyr.<\/p>\n<p>V\u00e5r misjon er \u00e5 gj\u00f8re livet ditt enklere, s\u00e5 en av hovedideene bak filosofien v\u00e5r er PRAKTIKK. Vi bryr oss ogs\u00e5 mye om planeten v\u00e5r og \u00f8nsker at alle skal leve et mer minimalistisk liv og derfor bruke mindre kl\u00e6r (#CONSUMEWISELY).<\/p>\n<p>Derfor er kvaliteten p\u00e5 produktene v\u00e5re den h\u00f8yest mulige. Du kan bruke dem i \u00e5revis og gi dem videre n\u00e5r du er ferdig med dem. Vi bruker tekstiler av topp kvalitet med b\u00e5de GOTS-sertifikat for \u00f8kologisk bomull og STANDARD 100 by OEKO-TEX\u00ae. Alle produktene v\u00e5re kan vaskes i maskin og t\u00f8rkes i t\u00f8rketrommel s\u00e5 mange ganger du vil. Du vil oppdage at bomullsfleecen v\u00e5r ikke engang trenger \u00e5 strykes for \u00e5 se bra ut.<\/p>","protected":false},"excerpt":{"rendered":"<h6>Et babymerke<\/h6>\n<p>Denne b\u00f8ttehatten i kanvas med frynsete kanter er et must-have for sommeren.<\/p>","protected":false},"featured_media":11243,"comment_status":"closed","ping_status":"closed","template":"","meta":{"_acf_changed":false},"product_brand":[],"product_cat":[335,351,361,360,362,350,529,535,31],"product_tag":[],"class_list":{"0":"post-11237","1":"product","2":"type-product","3":"status-publish","4":"has-post-thumbnail","6":"product_cat-a_baby_brand","7":"product_cat-accessoiresvoormama","8":"product_cat-babyshower","9":"product_cat-cadeautips","10":"product_cat-cadeaus-tot-e-25","11":"product_cat-fashion","12":"product_cat-katoenen-babykleertjes","13":"product_cat-katoenen-babymuts-babysjaaltjes","14":"product_cat-yogamat-wol","15":"pa_maat-l","16":"pa_maat-m","17":"pa_maat-s","19":"first","20":"instock","21":"taxable","22":"shipping-taxable","23":"purchasable","24":"product-type-variable"},"acf":[],"_links":{"self":[{"href":"https:\/\/woolskins.eu\/nb\/wp-json\/wp\/v2\/product\/11237","targetHints":{"allow":["GET"]}}],"collection":[{"href":"https:\/\/woolskins.eu\/nb\/wp-json\/wp\/v2\/product"}],"about":[{"href":"https:\/\/woolskins.eu\/nb\/wp-json\/wp\/v2\/types\/product"}],"replies":[{"embeddable":true,"href":"https:\/\/woolskins.eu\/nb\/wp-json\/wp\/v2\/comments?post=11237"}],"wp:featuredmedia":[{"embeddable":true,"href":"https:\/\/woolskins.eu\/nb\/wp-json\/wp\/v2\/media\/11243"}],"wp:attachment":[{"href":"https:\/\/woolskins.eu\/nb\/wp-json\/wp\/v2\/media?parent=11237"}],"wp:term":[{"taxonomy":"product_brand","embeddable":true,"href":"https:\/\/woolskins.eu\/nb\/wp-json\/wp\/v2\/product_brand?post=11237"},{"taxonomy":"product_cat","embeddable":true,"href":"https:\/\/woolskins.eu\/nb\/wp-json\/wp\/v2\/product_cat?post=11237"},{"taxonomy":"product_tag","embeddable":true,"href":"https:\/\/woolskins.eu\/nb\/wp-json\/wp\/v2\/product_tag?post=11237"}],"curies":[{"name":"wp","href":"https:\/\/api.w.org\/{rel}","templated":true}]}}