{"id":10532,"date":"2022-05-17T12:34:50","date_gmt":"2022-05-17T12:34:50","guid":{"rendered":"https:\/\/woolskins.eu\/?post_type=product&#038;p=10532"},"modified":"2026-02-18T13:41:57","modified_gmt":"2026-02-18T13:41:57","slug":"alwero-pute-sky-ecru","status":"publish","type":"product","link":"https:\/\/woolskins.eu\/nb\/alwero-kussen-wolk-ecru\/","title":{"rendered":"Babypute i ull - Thumbled | Ecru"},"content":{"rendered":"<p>En herlig myk ullpute i form av en sky. Denne s\u00f8te puten passer perfekt i det trendy babyrommet og barnerommet.  Kombiner gjerne denne puten med de andre herlige ullproduktene fra Woolskins!<\/p>\n<p>St\u00f8rrelse: 50 x 35 cm.<\/p>\n<p>Dette produktet er blant annet merket med Safe for Children og Woolmark<\/p>\n<h5>Woolskins Label<\/h5>\n<p>Etter flere \u00e5rs vellykket samarbeid med Alwero er vi stolte av \u00e5 kunne kunngj\u00f8re at vi n\u00e5 f\u00f8rer produktene v\u00e5re under v\u00e5rt eget Woolskins-merke.<\/p>\n<p>P\u00e5 denne m\u00e5ten f\u00e5r du fortsatt den beste kvaliteten, men kombinert med de s\u00f8teste og mest unike produktene og designene.<\/p>\n<p>Kvaliteten p\u00e5 stoffene og fargene er som den alltid har v\u00e6rt, men n\u00e5 er det bare et st\u00f8rre utvalg av hva Woolskins mener de kan skille seg ut med.<\/p>\n<p>V\u00e5r brede kolleksjon er s\u00e5 like at de er et flott tillegg til ethvert babyantrekk, laget av 100% europeisk ull som puster og passer til alle \u00e5rstider.<\/p>\n<p>Vi g\u00e5r entusiastisk sammen for \u00e5 skape et b\u00e6rekraftig, naturlig og komfortabelt produkt for babyen din.<\/p>","protected":false},"excerpt":{"rendered":"<p>Dekorationsputer i ull er en morsom og koselig m\u00e5te \u00e5 pifte opp et barnerom p\u00e5. De er myke, varme og behagelige \u00e5 kose med. I tillegg kommer de i forskjellige farger og former, slik at du kan matche dem til rommets stil og tema. Kombiner gjerne denne puten med de andre flotte ullproduktene i Woolskins' Thumbled-serie. Dekorationsputer i ull er dermed et flott tilbeh\u00f8r til barnerommet, som ikke bare er vakre \u00e5 se p\u00e5, men ogs\u00e5 morsomme \u00e5 leke med!<\/p>\n<p><strong>Merke: Woolskins<\/strong><br \/>\n<strong>Produksjon: Polen<\/strong><\/p>","protected":false},"featured_media":10534,"comment_status":"closed","ping_status":"closed","template":"","meta":{"_acf_changed":false},"product_brand":[],"product_cat":[361,360,363,196,348,194],"product_tag":[],"class_list":{"0":"post-10532","1":"product","2":"type-product","3":"status-publish","4":"has-post-thumbnail","6":"product_cat-babyshower","7":"product_cat-cadeautips","8":"product_cat-cadeaus-e25-e50","9":"product_cat-slaapkleding-baby","10":"product_cat-kussens","11":"product_cat-wollen-babyproducten","13":"first","14":"outofstock","15":"taxable","16":"shipping-taxable","17":"purchasable","18":"product-type-simple"},"acf":[],"_links":{"self":[{"href":"https:\/\/woolskins.eu\/nb\/wp-json\/wp\/v2\/product\/10532","targetHints":{"allow":["GET"]}}],"collection":[{"href":"https:\/\/woolskins.eu\/nb\/wp-json\/wp\/v2\/product"}],"about":[{"href":"https:\/\/woolskins.eu\/nb\/wp-json\/wp\/v2\/types\/product"}],"replies":[{"embeddable":true,"href":"https:\/\/woolskins.eu\/nb\/wp-json\/wp\/v2\/comments?post=10532"}],"wp:featuredmedia":[{"embeddable":true,"href":"https:\/\/woolskins.eu\/nb\/wp-json\/wp\/v2\/media\/10534"}],"wp:attachment":[{"href":"https:\/\/woolskins.eu\/nb\/wp-json\/wp\/v2\/media?parent=10532"}],"wp:term":[{"taxonomy":"product_brand","embeddable":true,"href":"https:\/\/woolskins.eu\/nb\/wp-json\/wp\/v2\/product_brand?post=10532"},{"taxonomy":"product_cat","embeddable":true,"href":"https:\/\/woolskins.eu\/nb\/wp-json\/wp\/v2\/product_cat?post=10532"},{"taxonomy":"product_tag","embeddable":true,"href":"https:\/\/woolskins.eu\/nb\/wp-json\/wp\/v2\/product_tag?post=10532"}],"curies":[{"name":"wp","href":"https:\/\/api.w.org\/{rel}","templated":true}]}}