{"id":10421,"date":"2022-05-13T12:35:41","date_gmt":"2022-05-13T12:35:41","guid":{"rendered":"https:\/\/woolskins.eu\/?post_type=product&#038;p=10421"},"modified":"2026-01-29T11:03:41","modified_gmt":"2026-01-29T11:03:41","slug":"alwero-oversized-hettegenser","status":"publish","type":"product","link":"https:\/\/woolskins.eu\/nb\/alwero-oversized-hoody\/","title":{"rendered":"Woolskins Oversized hettegenser 100% Wool | Ecru"},"content":{"rendered":"<p>Overdimensjonert hettegenser for kvinner med glidel\u00e5s og lommer. Denne overdimensjonerte hettegenseren faller jevnt, og n\u00e5r du tar den p\u00e5, vil du f\u00f8le komforten som ull har \u00e5 tilby. Hold deg varm og fin med denne ullkofta fra Woolskins p\u00e5 de kaldere dagene.<\/p>\n<p>- 100% Ull.<br \/>\n- Denne vesten gir ekstra varme p\u00e5 kaldere dager.<br \/>\n- Ull isolerer godt.<\/p>\n<h5>Woolskins Label<\/h5>\n<p>Etter flere \u00e5rs vellykket samarbeid med Alwero er vi stolte av \u00e5 kunne kunngj\u00f8re at vi n\u00e5 f\u00f8rer produktene v\u00e5re under v\u00e5rt eget Woolskins-merke.<\/p>\n<p>P\u00e5 denne m\u00e5ten f\u00e5r du fortsatt den beste kvaliteten, men kombinert med de s\u00f8teste og mest unike produktene og designene.<\/p>\n<p>Kvaliteten p\u00e5 stoffene og fargene er som den alltid har v\u00e6rt, men n\u00e5 er det bare et st\u00f8rre utvalg av hva Woolskins mener de kan skille seg ut med.<\/p>\n<p>V\u00e5r brede kolleksjon er s\u00e5 like at de er et flott tillegg til ethvert babyantrekk, laget av 100% europeisk ull som puster og passer til alle \u00e5rstider.<\/p>\n<p>Vi g\u00e5r entusiastisk sammen for \u00e5 skape et b\u00e6rekraftig, naturlig og komfortabelt produkt for babyen din.<\/p>","protected":false},"excerpt":{"rendered":"<p>Overdimensjonert hettegenser for kvinner med glidel\u00e5s og lommer. Denne overdimensjonerte hettegenseren faller jevnt, og n\u00e5r du tar den p\u00e5, vil du f\u00f8le komforten som ull har \u00e5 tilby. Hold deg varm og fin med denne ullkofta fra Woolskins p\u00e5 de kaldere dagene.<\/p>\n<p><strong>Merke: Woolskins<\/strong><br \/>\n<strong>Produksjon: Polen<\/strong><\/p>","protected":false},"featured_media":10427,"comment_status":"closed","ping_status":"closed","template":"","meta":{"_acf_changed":false},"product_brand":[],"product_cat":[364,350,31,194],"product_tag":[],"class_list":{"0":"post-10421","1":"product","2":"type-product","3":"status-publish","4":"has-post-thumbnail","6":"product_cat-cadeaus-vanaf-e50","7":"product_cat-fashion","8":"product_cat-yogamat-wol","9":"product_cat-wollen-babyproducten","10":"pa_maat-l-xl","11":"pa_maat-s-m","12":"pa_maat-xxs-xs","14":"first","15":"instock","16":"taxable","17":"shipping-taxable","18":"purchasable","19":"product-type-variable"},"acf":[],"_links":{"self":[{"href":"https:\/\/woolskins.eu\/nb\/wp-json\/wp\/v2\/product\/10421","targetHints":{"allow":["GET"]}}],"collection":[{"href":"https:\/\/woolskins.eu\/nb\/wp-json\/wp\/v2\/product"}],"about":[{"href":"https:\/\/woolskins.eu\/nb\/wp-json\/wp\/v2\/types\/product"}],"replies":[{"embeddable":true,"href":"https:\/\/woolskins.eu\/nb\/wp-json\/wp\/v2\/comments?post=10421"}],"wp:featuredmedia":[{"embeddable":true,"href":"https:\/\/woolskins.eu\/nb\/wp-json\/wp\/v2\/media\/10427"}],"wp:attachment":[{"href":"https:\/\/woolskins.eu\/nb\/wp-json\/wp\/v2\/media?parent=10421"}],"wp:term":[{"taxonomy":"product_brand","embeddable":true,"href":"https:\/\/woolskins.eu\/nb\/wp-json\/wp\/v2\/product_brand?post=10421"},{"taxonomy":"product_cat","embeddable":true,"href":"https:\/\/woolskins.eu\/nb\/wp-json\/wp\/v2\/product_cat?post=10421"},{"taxonomy":"product_tag","embeddable":true,"href":"https:\/\/woolskins.eu\/nb\/wp-json\/wp\/v2\/product_tag?post=10421"}],"curies":[{"name":"wp","href":"https:\/\/api.w.org\/{rel}","templated":true}]}}