{"id":8194,"date":"2022-03-08T10:34:56","date_gmt":"2022-03-08T10:34:56","guid":{"rendered":"https:\/\/woolskins.eu\/?post_type=product&#038;p=8194"},"modified":"2023-03-14T10:21:36","modified_gmt":"2023-03-14T10:21:36","slug":"coperta-baby-phuyu-con-pompon-grigio","status":"publish","type":"product","link":"https:\/\/woolskins.eu\/it\/baby-phuyu-deken-met-pompons-grijs\/","title":{"rendered":"Coperta Baby Phuyu con pompon | Grigio chiaro"},"content":{"rendered":"<p>Senti l&#039;intensa morbidezza di questa accogliente coperta. Usa questa coperta come accessorio perfetto per la cameretta dei bambini o per mantenere il tuo piccolo caldo e accogliente durante le giornate fredde. <span style=\"font-style: var(--fontStyle, inherit); font-weight: var(--fontWeight); letter-spacing: var(--letterSpacing); text-transform: var(--textTransform);\">Bellissimo design semplicistico con una consistenza densa e soffice. Le coperte sono rifinite con pompon colorati. Coperta o copriletto completamente lavorata a mano, realizzata con amore da magliaie locali in Per\u00f9.<\/span><\/p>\n<p>\u2013 118 x 88 centimetri<br \/>\n\u2013 \u00c8 leggero e molto morbido<br \/>\n\u2013 \u00c8 termico, quindi rinfrescante d\u2019estate e bello e caldo d\u2019inverno<br \/>\n\u2013 \u00c8 4 volte meno \u201csensibile all\u2019usura\u201d della lana merino<br \/>\n\u2013 Non si restringe dopo il lavaggio<br \/>\n\u2013 89% alpaca superfine, 11% poliammide<br \/>\n\u2013 100% biologico secondo Oeko-Tex\u00ae Standard 100<\/p>\n<p>Questi plaid phuyu sono uno dei nostri prodotti speciali quest&#039;inverno, disegnati da Cocoliso in Per\u00f9. Un&#039;azienda che condivide gli stessi valori di Petit Kolibri e sostiene l&#039;empowerment dei knitters locali nelle Ande.<\/p>\n<h5 class=\"Text1893342656__root Text1893342656---typography-11-runningText Text1893342656---priority-7-primary s8gg2 _2UIKs InfoSectionTitle3095652555__root\" aria-hidden=\"false\" data-hook=\"info-section-title\">Lana di alpaca baby<\/h5>\n<div class=\"rah-static rah-static--height-auto\" aria-hidden=\"false\">\n<div>\n<div class=\"_1yvxJ fggS- cell\">\n<div class=\"WncCi\" data-hook=\"info-section-description\">\n<p>La struttura della fibra della Lana Baby Alpaca \u00e8 molto fine e la morbidezza \u00e8 paragonabile alla lana cashmere, ma ancora pi\u00f9 morbida. La lana di alpaca \u00e8 nota per la sua qualit\u00e0 superiore, \u00e8 molto morbida sulla pelle ed \u00e8 ipoallergenica. La lana di baby alpaca \u00e8 la lana di alpaca pi\u00f9 morbida fin dalla prima tosatura. Baby alpaca non significa che la lana proviene da baby alpaca, ma che viene utilizzata solo la lana pi\u00f9 pregiata. Ha un diametro di circa 20 micron, che \u00e8 incredibilmente sottile: un micron equivale a 0,001 millimetri. Pi\u00f9 sottile \u00e8 la lana, pi\u00f9 morbido \u00e8 il prodotto.<\/p>\n<h5>Piccolo colibr\u00ec<\/h5>\n<p class=\"\">PETIT KOLIBRI nasce da un amore incondizionato per i prodotti autentici, biologici e naturali. I nostri prodotti nascono da un impegno costante nel promuovere la sostenibilit\u00e0 ambientale e pratiche commerciali consapevoli nelle comunit\u00e0 locali dell\u2019America Latina.<\/p>\n<p class=\"\">Tutto il nostro abbigliamento biologico in alpaca e baby alpaca viene acquistato con cura e attenzione in un rapporto reciprocamente vantaggioso e trasparente con i nostri fornitori. I prodotti finali prendono vita in condizioni eque da un collettivo di artigiani in Colombia e Per\u00f9. Il commercio equo e solidale \u00e8 diventato il nostro principio guida.<\/p>\n<p class=\"\">I bambini sono la popolazione di domani. L\u2019impatto che avranno sul nostro pianeta sar\u00e0 influenzato dai principi che insegniamo loro oggi. Il nostro lavoro a maglia minimalista dal design organico \u00e8 fatto per tutte le piccole avventure!<\/p>\n<p>Il nostro obiettivo \u00e8 fornire abbigliamento e accessori sicuri per i bambini, perch\u00e9 crediamo che i prodotti che i bambini toccano debbano essere allo stato pi\u00f9 puro e non trattato. Siamo orgogliosi di offrire prodotti biologici privi di sostanze nocive, certificati dallo Standard 100 by OEKO-TEX\u00ae. La lana che utilizziamo presso PETIT KOLIBRI proviene dal Per\u00f9, uno dei pi\u00f9 importanti paesi esportatori di lana di alpaca.<\/p>\n<\/div>\n<\/div>\n<\/div>\n<\/div>","protected":false},"excerpt":{"rendered":"<p>Senti l&#039;intensa morbidezza di questa accogliente coperta. Usa questa coperta come accessorio perfetto per la cameretta dei bambini o per mantenere il tuo piccolo caldo e accogliente durante le giornate fredde<\/p>","protected":false},"featured_media":8196,"comment_status":"closed","ping_status":"closed","template":"","meta":{"_acf_changed":false},"product_brand":[],"product_cat":[361,360,364,232,196,318],"product_tag":[],"class_list":{"0":"post-8194","1":"product","2":"type-product","3":"status-publish","4":"has-post-thumbnail","6":"product_cat-babyshower","7":"product_cat-cadeautips","8":"product_cat-cadeaus-vanaf-e50","9":"product_cat-petit-kolibri","10":"product_cat-slaapkleding-baby","11":"product_cat-wollen-wiegdeken-ledikantdeken","13":"first","14":"outofstock","15":"taxable","16":"shipping-taxable","17":"purchasable","18":"product-type-simple"},"acf":[],"_links":{"self":[{"href":"https:\/\/woolskins.eu\/it\/wp-json\/wp\/v2\/product\/8194","targetHints":{"allow":["GET"]}}],"collection":[{"href":"https:\/\/woolskins.eu\/it\/wp-json\/wp\/v2\/product"}],"about":[{"href":"https:\/\/woolskins.eu\/it\/wp-json\/wp\/v2\/types\/product"}],"replies":[{"embeddable":true,"href":"https:\/\/woolskins.eu\/it\/wp-json\/wp\/v2\/comments?post=8194"}],"wp:featuredmedia":[{"embeddable":true,"href":"https:\/\/woolskins.eu\/it\/wp-json\/wp\/v2\/media\/8196"}],"wp:attachment":[{"href":"https:\/\/woolskins.eu\/it\/wp-json\/wp\/v2\/media?parent=8194"}],"wp:term":[{"taxonomy":"product_brand","embeddable":true,"href":"https:\/\/woolskins.eu\/it\/wp-json\/wp\/v2\/product_brand?post=8194"},{"taxonomy":"product_cat","embeddable":true,"href":"https:\/\/woolskins.eu\/it\/wp-json\/wp\/v2\/product_cat?post=8194"},{"taxonomy":"product_tag","embeddable":true,"href":"https:\/\/woolskins.eu\/it\/wp-json\/wp\/v2\/product_tag?post=8194"}],"curies":[{"name":"wp","href":"https:\/\/api.w.org\/{rel}","templated":true}]}}