{"id":7854,"date":"2022-03-02T11:30:06","date_gmt":"2022-03-02T11:30:06","guid":{"rendered":"https:\/\/woolskins.eu\/?post_type=product&#038;p=7854"},"modified":"2025-09-30T14:01:45","modified_gmt":"2025-09-30T14:01:45","slug":"skiep-woolcare-spray-alla-lanolina","status":"publish","type":"product","link":"https:\/\/woolskins.eu\/it\/skiep-woolcare-lanoline-spray\/","title":{"rendered":"Skiep Woolcare | Spray alla lanolina"},"content":{"rendered":"<p>Spray alla lanolina naturalmente inodore della marca olandese Skiep Woolcare. Realizzato con ingredienti biologici e naturali 100%.<\/p>\n<p>Ideale per la manutenzione di pelli di pecora e indumenti di lana. Nutre, si prende cura e protegge il tuo capo di lana preferito in modo rapido e semplice.<\/p>\n<p>\u2013 Contenuto: 100ml<br \/>\n\u2013 Ingredienti: acqua, oli biologici saponificati di oliva, cocco e girasole, lanolina.<\/p>\n<p>La lanolina \u00e8 nota per il suo effetto nutriente e disinfettante. Questo pu\u00f2 avere un effetto lenitivo sulla pelle sensibile e\/o irritata. <span style=\"font-style: var(--fontStyle, inherit); font-weight: var(--fontWeight); letter-spacing: var(--letterSpacing); text-transform: var(--textTransform);\">Le bottiglie sono di colore un po&#039; grigio\/grigio. Questo perch\u00e9 sono realizzati con plastica riciclata!<\/span><\/p>\n<p>Utilizzo:<\/p>\n<p>Agitare delicatamente prima dell&#039;uso. Spruzza il tuo capo di lana o pelle di pecora preferito recentemente lavato con Skiep Lanolin Spray. Quindi massaggiare delicatamente la soluzione di lanolina nelle fibre e poi stendere il capo in modo che la lanolina possa essere assorbita correttamente dalla lana.<\/p>\n<p>Nota: lo spray alla lanolina non necessita di risciacquo.<\/p>\n<div id=\"jw-element-126665088\" class=\"jw-tree-node jw-element jw-text jw-node-is-first-child jw-image-text\" data-jw-element-id=\"126665088\">\n<div class=\"jw-element-imagetext-text\">\n<h5 class=\"jw-heading-100\">Salta Woolcare<\/h5>\n<\/div>\n<\/div>\n<div id=\"jw-element-126755716\" class=\"jw-tree-node jw-element jw-text jw-node-is-last-child jw-image-text\" data-jw-element-id=\"126755716\">\n<div class=\"jw-element-imagetext-text\">\n<p>Fare il sapone \u00e8 stato un mio hobby per anni, derivante dalla mia eterna ricerca di prodotti naturali (per la cura) a cui la mia pelle risponde bene. Aggiungete a ci\u00f2 il mio grande amore per la lana, e l&#039;idea di Skiep Woolcare era l\u00ec!<\/p>\n<p>Dopo molte ricerche e test, ho finalmente formulato una buona ricetta per il mio sapone da bucato in lana biologica con lanolina. Il sapone rende i tuoi capi di lana meravigliosamente freschi e morbidi grazie all&#039;alto contenuto di lanolina. Poco dopo ho sviluppato anche un pregiato spray alla lanolina organica. Inutile dire che ho utilizzato solo ingredienti biologici e naturali. Spero che tu sia emozionato quanto me!<\/p>\n<h5>Lo sapevate:<\/h5>\n<p>\u2013 I nostri saponi per il lavaggio della lana alla lanolina sono realizzati con oli vegetali biologici (e lanolina naturale) e sono privi di olio di palma?<br \/>\n\u2013 Abbiamo utilizzato la quantit\u00e0 massima consentita di olio essenziale secondo gli standard UE per tutti i saponi? Il profumo \u00e8 quindi presente, ma non estremo.<br \/>\n\u2013 Ogni sapone ha un aspetto diverso? Uno ha un aspetto leggermente pi\u00f9 ruvido dell&#039;altro. Questo perch\u00e9 i nostri saponi sono fatti a mano e anche tagliati a mano.<br \/>\n\u2013 A volte pu\u00f2 esserci una \u201cfoschia\u201d bianca o macchie bianche visibili sul sapone? Questa si chiama cenere di sapone ed \u00e8 una reazione naturale tra tutti i componenti e l&#039;ossigeno. Quindi \u00e8 puramente cosmetico e non ha alcuna influenza sulla qualit\u00e0 del sapone. Poich\u00e9 amiamo la natura pura, abbiamo scelto di non aggiungere altre sostanze per contrastare questo fenomeno.<br \/>\n\u2013 I nostri materiali di imballaggio, ecc., sono realizzati con materiale riciclato? Ad esempio, la carta marrone che circonda i saponi per 80% \u00e8 compostabile e le bottiglie degli spray alla lanolina sono realizzate con plastica riciclata 100%!<\/p>\n<p>&nbsp;<\/p>\n<\/div>\n<\/div>","protected":false},"excerpt":{"rendered":"<p>Lo spray alla lanolina Skiep Woolcare \u00e8 ideale per la manutenzione della pelle di pecora e degli indumenti di lana. Nutre, si prende cura e protegge il tuo capo di lana preferito in modo rapido e semplice.<\/p>","protected":false},"featured_media":7853,"comment_status":"open","ping_status":"closed","template":"","meta":{"_acf_changed":false},"product_brand":[],"product_cat":[349,200,31,352,357,216,222,356,196,210],"product_tag":[],"class_list":{"0":"post-7854","1":"product","2":"type-product","3":"status-publish","4":"has-post-thumbnail","6":"product_cat-borstvoedingenvoedingskussens","7":"product_cat-wollen-babykleding","8":"product_cat-yogamat-wol","9":"product_cat-merken","10":"product_cat-onderhoud","11":"product_cat-schapenvacht-voor-baby","12":"product_cat-buggy-schapenvachtjes","13":"product_cat-skiep-woolcare","14":"product_cat-slaapkleding-baby","15":"product_cat-wollen-voedingskussen","17":"first","18":"outofstock","19":"taxable","20":"shipping-taxable","21":"purchasable","22":"product-type-simple"},"acf":[],"_links":{"self":[{"href":"https:\/\/woolskins.eu\/it\/wp-json\/wp\/v2\/product\/7854","targetHints":{"allow":["GET"]}}],"collection":[{"href":"https:\/\/woolskins.eu\/it\/wp-json\/wp\/v2\/product"}],"about":[{"href":"https:\/\/woolskins.eu\/it\/wp-json\/wp\/v2\/types\/product"}],"replies":[{"embeddable":true,"href":"https:\/\/woolskins.eu\/it\/wp-json\/wp\/v2\/comments?post=7854"}],"wp:featuredmedia":[{"embeddable":true,"href":"https:\/\/woolskins.eu\/it\/wp-json\/wp\/v2\/media\/7853"}],"wp:attachment":[{"href":"https:\/\/woolskins.eu\/it\/wp-json\/wp\/v2\/media?parent=7854"}],"wp:term":[{"taxonomy":"product_brand","embeddable":true,"href":"https:\/\/woolskins.eu\/it\/wp-json\/wp\/v2\/product_brand?post=7854"},{"taxonomy":"product_cat","embeddable":true,"href":"https:\/\/woolskins.eu\/it\/wp-json\/wp\/v2\/product_cat?post=7854"},{"taxonomy":"product_tag","embeddable":true,"href":"https:\/\/woolskins.eu\/it\/wp-json\/wp\/v2\/product_tag?post=7854"}],"curies":[{"name":"wp","href":"https:\/\/api.w.org\/{rel}","templated":true}]}}