{"id":7307,"date":"2022-02-09T12:48:21","date_gmt":"2022-02-09T12:48:21","guid":{"rendered":"https:\/\/woolskins.eu\/?post_type=product&#038;p=7307"},"modified":"2025-12-12T15:07:17","modified_gmt":"2025-12-12T15:07:17","slug":"babyshoes-bianco-naturale","status":"publish","type":"product","link":"https:\/\/woolskins.eu\/it\/babyshoes-naturel-white\/","title":{"rendered":"Un marchio essenziale: scarpe per bambini | Bianco naturale"},"content":{"rendered":"<p>Pantofole super carine e morbidissime per i pi\u00f9 piccoli. Realizzato a mano con il nostro noto pile di cotone di alta qualit\u00e0. Il regalo perfetto per un bambino.<\/p>\n<p>97% cotone<br \/>\nElastan 3%<\/p>\n<p>STANDARD 100 di OEKO-TEX\u00ae<\/p>\n<p>TAGLIA UNICA (0 \u2013 3 mesi \u2013 lunghezza plantare \u2013 10 cm)<\/p>\n<h5>Un marchio per bambini<\/h5>\n<p>Scopri un guardaroba davvero minimalista, pieno di pratici elementi essenziali. Mescola e abbina i nostri modelli e colori unisex. Nessun logo, nessuna stampa, nessuna confusione.<\/p>\n<p>La nostra missione \u00e8 semplificarti la vita, quindi una delle idee principali alla base della nostra filosofia \u00e8 la PRATICA. Abbiamo anche a cuore il nostro pianeta e desideriamo che tutti vivano una vita pi\u00f9 minimalista e quindi usino meno vestiti (#CONSUMEWISELY).<\/p>\n<p>Ecco perch\u00e9 la qualit\u00e0 dei nostri prodotti \u00e8 la pi\u00f9 alta possibile. Puoi usarli per anni e trasmetterli quando hai finito. Utilizziamo tessuti di prima qualit\u00e0 con certificato di cotone organico GOTS e STANDARD 100 di OEKO-TEX\u00ae. Tutti i nostri prodotti possono essere lavati in lavatrice e asciugati in asciugatrice tutte le volte che vuoi. Scoprirai che la nostra felpa di cotone non ha nemmeno bisogno di essere stirata per avere un bell&#039;aspetto.<\/p>","protected":false},"excerpt":{"rendered":"<p>Pantofole super carine e morbidissime per i pi\u00f9 piccoli. Realizzato a mano con il nostro noto pile di cotone di alta qualit\u00e0. Il regalo perfetto per un bambino.<\/p>","protected":false},"featured_media":7387,"comment_status":"open","ping_status":"closed","template":"","meta":{"_acf_changed":false},"product_brand":[],"product_cat":[335,361,360,363,529,536],"product_tag":[],"class_list":{"0":"post-7307","1":"product","2":"type-product","3":"status-publish","4":"has-post-thumbnail","6":"product_cat-a_baby_brand","7":"product_cat-babyshower","8":"product_cat-cadeautips","9":"product_cat-cadeaus-e25-e50","10":"product_cat-katoenen-babykleertjes","11":"product_cat-katoenen-babyslofjes","13":"first","14":"instock","15":"taxable","16":"shipping-taxable","17":"purchasable","18":"product-type-simple"},"acf":[],"_links":{"self":[{"href":"https:\/\/woolskins.eu\/it\/wp-json\/wp\/v2\/product\/7307","targetHints":{"allow":["GET"]}}],"collection":[{"href":"https:\/\/woolskins.eu\/it\/wp-json\/wp\/v2\/product"}],"about":[{"href":"https:\/\/woolskins.eu\/it\/wp-json\/wp\/v2\/types\/product"}],"replies":[{"embeddable":true,"href":"https:\/\/woolskins.eu\/it\/wp-json\/wp\/v2\/comments?post=7307"}],"wp:featuredmedia":[{"embeddable":true,"href":"https:\/\/woolskins.eu\/it\/wp-json\/wp\/v2\/media\/7387"}],"wp:attachment":[{"href":"https:\/\/woolskins.eu\/it\/wp-json\/wp\/v2\/media?parent=7307"}],"wp:term":[{"taxonomy":"product_brand","embeddable":true,"href":"https:\/\/woolskins.eu\/it\/wp-json\/wp\/v2\/product_brand?post=7307"},{"taxonomy":"product_cat","embeddable":true,"href":"https:\/\/woolskins.eu\/it\/wp-json\/wp\/v2\/product_cat?post=7307"},{"taxonomy":"product_tag","embeddable":true,"href":"https:\/\/woolskins.eu\/it\/wp-json\/wp\/v2\/product_tag?post=7307"}],"curies":[{"name":"wp","href":"https:\/\/api.w.org\/{rel}","templated":true}]}}