{"id":7279,"date":"2022-02-09T11:49:42","date_gmt":"2022-02-09T11:49:42","guid":{"rendered":"https:\/\/woolskins.eu\/?post_type=product&#038;p=7279"},"modified":"2025-11-12T11:40:50","modified_gmt":"2025-11-12T11:40:50","slug":"felpa-a-marchio-baby-grigio-chiaro-2","status":"publish","type":"product","link":"https:\/\/woolskins.eu\/it\/a-baby-brand-sweatshirt-light-grey-2\/","title":{"rendered":"Un marchio basic \u2013 Felpa per beb\u00e8 | Grigio chiaro"},"content":{"rendered":"<p>Una felpa ampia e casual realizzata con il nostro noto morbido pile di cotone. Questo misto cotone ultra confortevole \u00e8 incredibilmente morbido e l&#039;interno in pile diventer\u00e0 immediatamente il tuo preferito. La felpa girocollo ha la finitura grezza perfetta pi\u00f9 minimalista, che acquista carattere dopo ogni lavaggio. Per un look oversize, prendi una taglia pi\u00f9 grande.<\/p>\n<p>97% cotone 3% elastan. STANDARD 100 di OEKO-TEX\u00ae<\/p>\n<p>Taglie:<\/p>\n<p>lunghezza totale cm \/ lunghezza manica cm \/ larghezza totale cm<\/p>\n<p>6m \u2013 30 \/ 23 \/ 29<br \/>\n1 anno \u2013 33 \/ 27 \/ 31<\/p>\n<h5>Un marchio per bambini<\/h5>\n<p>Scopri un guardaroba davvero minimalista, pieno di pratici elementi essenziali. Mescola e abbina i nostri modelli e colori unisex. Nessun logo, nessuna stampa, nessuna confusione.<\/p>\n<p>La nostra missione \u00e8 semplificarti la vita, quindi una delle idee principali alla base della nostra filosofia \u00e8 la PRATICA. Abbiamo anche a cuore il nostro pianeta e desideriamo che tutti vivano una vita pi\u00f9 minimalista e quindi usino meno vestiti (#CONSUMEWISELY).<\/p>\n<p>Ecco perch\u00e9 la qualit\u00e0 dei nostri prodotti \u00e8 la pi\u00f9 alta possibile. Puoi usarli per anni e trasmetterli quando hai finito. Utilizziamo tessuti di prima qualit\u00e0 con certificato di cotone organico GOTS e STANDARD 100 di OEKO-TEX\u00ae. Tutti i nostri prodotti possono essere lavati in lavatrice e asciugati in asciugatrice tutte le volte che vuoi. Scoprirai che la nostra felpa di cotone non ha nemmeno bisogno di essere stirata per avere un bell&#039;aspetto.<\/p>","protected":false},"excerpt":{"rendered":"<p>Una felpa ampia e casual realizzata con il nostro noto morbido pile di cotone. Questo misto cotone ultra confortevole \u00e8 incredibilmente morbido e l&#039;interno in pile diventer\u00e0 immediatamente il tuo preferito.<\/p>","protected":false},"featured_media":7354,"comment_status":"closed","ping_status":"closed","template":"","meta":{"_acf_changed":false},"product_brand":[],"product_cat":[335,360,363,529,530],"product_tag":[],"class_list":{"0":"post-7279","1":"product","2":"type-product","3":"status-publish","4":"has-post-thumbnail","6":"product_cat-a_baby_brand","7":"product_cat-cadeautips","8":"product_cat-cadeaus-e25-e50","9":"product_cat-katoenen-babykleertjes","10":"product_cat-katoenen-babyshirt","11":"pa_maat-1-jaar","12":"pa_maat-6-maanden","14":"first","15":"instock","16":"taxable","17":"shipping-taxable","18":"purchasable","19":"product-type-variable"},"acf":[],"_links":{"self":[{"href":"https:\/\/woolskins.eu\/it\/wp-json\/wp\/v2\/product\/7279","targetHints":{"allow":["GET"]}}],"collection":[{"href":"https:\/\/woolskins.eu\/it\/wp-json\/wp\/v2\/product"}],"about":[{"href":"https:\/\/woolskins.eu\/it\/wp-json\/wp\/v2\/types\/product"}],"replies":[{"embeddable":true,"href":"https:\/\/woolskins.eu\/it\/wp-json\/wp\/v2\/comments?post=7279"}],"wp:featuredmedia":[{"embeddable":true,"href":"https:\/\/woolskins.eu\/it\/wp-json\/wp\/v2\/media\/7354"}],"wp:attachment":[{"href":"https:\/\/woolskins.eu\/it\/wp-json\/wp\/v2\/media?parent=7279"}],"wp:term":[{"taxonomy":"product_brand","embeddable":true,"href":"https:\/\/woolskins.eu\/it\/wp-json\/wp\/v2\/product_brand?post=7279"},{"taxonomy":"product_cat","embeddable":true,"href":"https:\/\/woolskins.eu\/it\/wp-json\/wp\/v2\/product_cat?post=7279"},{"taxonomy":"product_tag","embeddable":true,"href":"https:\/\/woolskins.eu\/it\/wp-json\/wp\/v2\/product_tag?post=7279"}],"curies":[{"name":"wp","href":"https:\/\/api.w.org\/{rel}","templated":true}]}}