{"id":7267,"date":"2022-02-09T11:42:09","date_gmt":"2022-02-09T11:42:09","guid":{"rendered":"https:\/\/woolskins.eu\/?post_type=product&#038;p=7267"},"modified":"2026-04-11T11:05:36","modified_gmt":"2026-04-11T11:05:36","slug":"baby-suite-grigio-chiaro","status":"publish","type":"product","link":"https:\/\/woolskins.eu\/it\/babysuite-light-grey\/","title":{"rendered":"Un marchio basic: tutina per beb\u00e8 | Grigio chiaro"},"content":{"rendered":"<p>Il completo da bambino perfetto per tutto il giorno e tutta la notte. Realizzato in pile di cotone sottile ultra morbido, con un tocco incredibilmente morbido: il tessuto pi\u00f9 morbido possibile per la pelle sensibile del tuo bambino. Si apre completamente con piccoli bottoni a pressione per un accesso facile e veloce. Il design pi\u00f9 semplice nei colori base.<\/p>\n<p>97% cotone 3% elastan. STANDARD 100 di OEKO-TEX\u00ae<\/p>\n<p>Taglie:<\/p>\n<p>interno gamba cm \/ lunghezza totale cm \/ lunghezza manica cm<\/p>\n<p>0m \u2013 16 \/ 41 \/ 17<br \/>\n3m \u2013 19 \/ 48 \/ 19<br \/>\n6m \u2013 22 \/ 55 \/ 21<br \/>\n9m \u2013 25 \/ 62 \/ 23<\/p>\n<h5>Un marchio per bambini<\/h5>\n<p>Scopri un guardaroba davvero minimalista, pieno di pratici elementi essenziali. Mescola e abbina i nostri modelli e colori unisex. Nessun logo, nessuna stampa, nessuna confusione.<\/p>\n<p>La nostra missione \u00e8 semplificarti la vita, quindi una delle idee principali alla base della nostra filosofia \u00e8 la PRATICA. Abbiamo anche a cuore il nostro pianeta e desideriamo che tutti vivano una vita pi\u00f9 minimalista e quindi usino meno vestiti (#CONSUMEWISELY).<\/p>\n<p>Ecco perch\u00e9 la qualit\u00e0 dei nostri prodotti \u00e8 la pi\u00f9 alta possibile. Puoi usarli per anni e trasmetterli quando hai finito. Utilizziamo tessuti di prima qualit\u00e0 con certificato di cotone organico GOTS e STANDARD 100 di OEKO-TEX\u00ae. Tutti i nostri prodotti possono essere lavati in lavatrice e asciugati in asciugatrice tutte le volte che vuoi. Scoprirai che la nostra felpa di cotone non ha nemmeno bisogno di essere stirata per avere un bell&#039;aspetto.<\/p>","protected":false},"excerpt":{"rendered":"<p>Il completo da bambino perfetto per tutto il giorno e tutta la notte. Realizzato in pile di cotone sottile ultra morbido, con un tocco incredibilmente morbido: il tessuto pi\u00f9 morbido possibile per la pelle sensibile del tuo bambino.<\/p>","protected":false},"featured_media":7167,"comment_status":"closed","ping_status":"closed","template":"","meta":{"_acf_changed":false},"product_brand":[],"product_cat":[335,361,360,363,529,534],"product_tag":[],"class_list":{"0":"post-7267","1":"product","2":"type-product","3":"status-publish","4":"has-post-thumbnail","6":"product_cat-a_baby_brand","7":"product_cat-babyshower","8":"product_cat-cadeautips","9":"product_cat-cadeaus-e25-e50","10":"product_cat-katoenen-babykleertjes","11":"product_cat-katoenen-babypak","12":"pa_maat-0-maanden","13":"pa_maat-3-maanden","14":"pa_maat-6-maanden","16":"first","17":"instock","18":"taxable","19":"shipping-taxable","20":"purchasable","21":"product-type-variable","22":"has-default-attributes"},"acf":[],"_links":{"self":[{"href":"https:\/\/woolskins.eu\/it\/wp-json\/wp\/v2\/product\/7267","targetHints":{"allow":["GET"]}}],"collection":[{"href":"https:\/\/woolskins.eu\/it\/wp-json\/wp\/v2\/product"}],"about":[{"href":"https:\/\/woolskins.eu\/it\/wp-json\/wp\/v2\/types\/product"}],"replies":[{"embeddable":true,"href":"https:\/\/woolskins.eu\/it\/wp-json\/wp\/v2\/comments?post=7267"}],"wp:featuredmedia":[{"embeddable":true,"href":"https:\/\/woolskins.eu\/it\/wp-json\/wp\/v2\/media\/7167"}],"wp:attachment":[{"href":"https:\/\/woolskins.eu\/it\/wp-json\/wp\/v2\/media?parent=7267"}],"wp:term":[{"taxonomy":"product_brand","embeddable":true,"href":"https:\/\/woolskins.eu\/it\/wp-json\/wp\/v2\/product_brand?post=7267"},{"taxonomy":"product_cat","embeddable":true,"href":"https:\/\/woolskins.eu\/it\/wp-json\/wp\/v2\/product_cat?post=7267"},{"taxonomy":"product_tag","embeddable":true,"href":"https:\/\/woolskins.eu\/it\/wp-json\/wp\/v2\/product_tag?post=7267"}],"curies":[{"name":"wp","href":"https:\/\/api.w.org\/{rel}","templated":true}]}}