{"id":7244,"date":"2022-02-04T14:35:20","date_gmt":"2022-02-04T14:35:20","guid":{"rendered":"https:\/\/woolskins.eu\/?post_type=product&#038;p=7244"},"modified":"2026-03-06T13:16:33","modified_gmt":"2026-03-06T13:16:33","slug":"marsupio-per-pannolini-lammy-ecru","status":"publish","type":"product","link":"https:\/\/woolskins.eu\/it\/luieretui-lammy-ecru\/","title":{"rendered":"Portapannolini Lana \u2013 Thumbed | Ecru"},"content":{"rendered":"<p>\u2013 100% lana vergine infeltrita con marchio di qualit\u00e0 Woolmark.<br \/>\n\u2013 Struttura liscia, morbida e compatta<br \/>\n\u2013 Le dimensioni sono 24x9x9 cm.<br \/>\n\u2013 Per la casa e in viaggio.<br \/>\n\u2013 Produzione europea.<br \/>\n\u2013 lavabile a 30\u00b0C programma lavaggio lana.<\/p>\n<p>Questo prodotto ha il marchio di qualit\u00e0 Safe for Children e Woolmark.<\/p>\n<h5>Etichetta di pelli di lana<\/h5>\n<p>Dopo anni di collaborazione di successo con Alwero, possiamo annunciare con orgoglio che ora portiamo i nostri prodotti sotto la nostra etichetta Woolskins.<\/p>\n<p>In questo modo ottieni comunque la migliore qualit\u00e0, ma combinata con i prodotti e i design pi\u00f9 belli e unici.<\/p>\n<p>La qualit\u00e0 dei tessuti e dei colori rimane quella di sempre, ma ora c&#039;\u00e8 una scelta pi\u00f9 ampia che secondo Woolskins pu\u00f2 distinguersi.<\/p>\n<p>La nostra ampia collezione \u00e8 composta in modo tale da costituire una buona aggiunta a qualsiasi set per neonati, realizzata in lana europea 100% che respira ed \u00e8 adatta ad ogni stagione.<\/p>\n<p>Uniamo con entusiasmo le forze per creare un prodotto sostenibile, naturale e confortevole per il tuo bambino.<\/p>","protected":false},"excerpt":{"rendered":"<p>La nostra borsa da toilette in lana \u00e8 un accessorio elegante e pratico per riporre i tuoi articoli per l&#039;igiene personale. Che tu abbia bisogno di portare con te i tuoi oggetti essenziali per un viaggio, una sessione di palestra o una giornata in ufficio, un beauty case in lana li manterr\u00e0 organizzati e protetti. Questa borsa da toilette \u00e8 molto adatta anche per trasportare pannolini, salviette per neonati e altri oggetti necessari per il tuo bambino.<\/p>\n<p><strong>Marca: Woolskin<\/strong><br \/>\n<strong>Produzione: Polonia<\/strong><\/p>","protected":false},"featured_media":7252,"comment_status":"closed","ping_status":"closed","template":"","meta":{"_acf_changed":false},"product_brand":[],"product_cat":[351,349,360,363,31,196,194],"product_tag":[],"class_list":{"0":"post-7244","1":"product","2":"type-product","3":"status-publish","4":"has-post-thumbnail","6":"product_cat-accessoiresvoormama","7":"product_cat-borstvoedingenvoedingskussens","8":"product_cat-cadeautips","9":"product_cat-cadeaus-e25-e50","10":"product_cat-yogamat-wol","11":"product_cat-slaapkleding-baby","12":"product_cat-wollen-babyproducten","14":"first","15":"instock","16":"taxable","17":"shipping-taxable","18":"purchasable","19":"product-type-simple"},"acf":[],"_links":{"self":[{"href":"https:\/\/woolskins.eu\/it\/wp-json\/wp\/v2\/product\/7244","targetHints":{"allow":["GET"]}}],"collection":[{"href":"https:\/\/woolskins.eu\/it\/wp-json\/wp\/v2\/product"}],"about":[{"href":"https:\/\/woolskins.eu\/it\/wp-json\/wp\/v2\/types\/product"}],"replies":[{"embeddable":true,"href":"https:\/\/woolskins.eu\/it\/wp-json\/wp\/v2\/comments?post=7244"}],"wp:featuredmedia":[{"embeddable":true,"href":"https:\/\/woolskins.eu\/it\/wp-json\/wp\/v2\/media\/7252"}],"wp:attachment":[{"href":"https:\/\/woolskins.eu\/it\/wp-json\/wp\/v2\/media?parent=7244"}],"wp:term":[{"taxonomy":"product_brand","embeddable":true,"href":"https:\/\/woolskins.eu\/it\/wp-json\/wp\/v2\/product_brand?post=7244"},{"taxonomy":"product_cat","embeddable":true,"href":"https:\/\/woolskins.eu\/it\/wp-json\/wp\/v2\/product_cat?post=7244"},{"taxonomy":"product_tag","embeddable":true,"href":"https:\/\/woolskins.eu\/it\/wp-json\/wp\/v2\/product_tag?post=7244"}],"curies":[{"name":"wp","href":"https:\/\/api.w.org\/{rel}","templated":true}]}}