{"id":7214,"date":"2022-02-04T14:08:48","date_gmt":"2022-02-04T14:08:48","guid":{"rendered":"https:\/\/woolskins.eu\/?post_type=product&#038;p=7214"},"modified":"2025-02-08T18:34:03","modified_gmt":"2025-02-08T18:34:03","slug":"scaldamani-alwero-thumby-naturale","status":"publish","type":"product","link":"https:\/\/woolskins.eu\/it\/alwero-handwarmers-thumby-natural\/","title":{"rendered":"Scaldamani da donna in lana \u2013 Thumby | Naturale"},"content":{"rendered":"<p>Gli scaldamani in lana Woolskins sono disponibili in tre colori. Non ci sono dita o pollici in questo guanto, quindi puoi continuare facilmente a fare tutto e le tue mani rimangono belle e calde.<br \/>\nQuesti guanti pregiati sono realizzati in lana 100% con elastina e quindi si adattano bene alla mano. Sono ideali quando sei in viaggio con tuo figlio.<\/p>\n<p>Questi scaldamani forniscono un ambiente asciutto e confortevole, che aiuta con i disturbi ai polsi e alle articolazioni. Garantiscono una migliore circolazione sanguigna, riducendo i disturbi. Ideale per l&#039;uso dietro un computer, ad esempio.<\/p>\n<p>Dimensioni in centimetri:<\/p>\n<p>S: 23 x 10 cm (lunghezza e larghezza al polso)<br \/>\nM: 24 x 11 cm (lunghezza e larghezza al polso)<br \/>\nL: 25 x 12 cm (lunghezza e larghezza al polso)<\/p>\n<p>Lavare con il programma per lana a 30\u00b0C con detersivo per lana.<\/p>\n<div id=\"product-12858\" class=\"product type-product post-12858 status-publish first instock product_cat-cadeautips product_cat-cadeaus-tot-e-25 product_cat-alwero product_cat-yogamat-wol product_cat-accessoiresvoormama product_cat-fashion has-post-thumbnail taxable shipping-taxable purchasable product-type-variable ct-ajax-add-to-cart thumbs-bottom sticky-summary ct-default-gallery\">\n<div class=\"woocommerce-tabs wc-tabs-wrapper\" data-type=\"type-1:center\">\n<article>\n<div id=\"tab-description\" class=\"woocommerce-Tabs-panel woocommerce-Tabs-panel--description panel entry-content wc-tab\" role=\"tabpanel\" aria-labelledby=\"tab-title-description\">\n<h5>Etichetta di pelli di lana<\/h5>\n<p>Dopo anni di collaborazione di successo con Alwero, possiamo annunciare con orgoglio che ora portiamo i nostri prodotti sotto la nostra etichetta Woolskins.<\/p>\n<p>In questo modo ottieni comunque la migliore qualit\u00e0, ma combinata con i prodotti e i design pi\u00f9 belli e unici.<\/p>\n<p>La qualit\u00e0 dei tessuti e dei colori rimane quella di sempre, ma ora c&#039;\u00e8 una scelta pi\u00f9 ampia che secondo Woolskins pu\u00f2 distinguersi.<\/p>\n<p>La nostra ampia collezione \u00e8 composta in modo tale da costituire una buona aggiunta a qualsiasi set per neonati, realizzata in lana europea 100% che respira ed \u00e8 adatta ad ogni stagione.<\/p>\n<p>Uniamo con entusiasmo le forze per creare un prodotto sostenibile, naturale e confortevole per il tuo bambino.<\/p>\n<\/div>\n<\/article>\n<\/div>\n<\/div>\n<section class=\"related products ct-hidden-sm ct-hidden-md\"><\/section>","protected":false},"excerpt":{"rendered":"<p>Se stai cercando un paio di scaldamani in lana per regalare a te stesso o a una persona cara, possiamo consigliare vivamente questi scaldamani di Woolskins. Non ci sono dita o pollici in questo guanto, quindi puoi continuare facilmente a fare tutto e le tue mani rimangono belle e calde. Questi guanti pregiati sono realizzati in lana 100% con elastina e quindi si adattano bene alla mano. I nostri scaldamani in lana Thumby sono un ottimo modo per mantenere le mani calde e comode nei freddi mesi invernali. Sono morbidi e traspiranti, il che li rende adatti a persone con pelle sensibile e sono disponibili in diversi colori e dimensioni.<\/p>\n<p><strong>Marca: Woolskin<\/strong><br \/>\n<strong>Produzione: Polonia<\/strong><\/p>","protected":false},"featured_media":17599,"comment_status":"closed","ping_status":"closed","template":"","meta":{"_acf_changed":false},"product_brand":[],"product_cat":[351,362,350,31,194],"product_tag":[],"class_list":{"0":"post-7214","1":"product","2":"type-product","3":"status-publish","4":"has-post-thumbnail","6":"product_cat-accessoiresvoormama","7":"product_cat-cadeaus-tot-e-25","8":"product_cat-fashion","9":"product_cat-yogamat-wol","10":"product_cat-wollen-babyproducten","11":"pa_maat-l","12":"pa_maat-m","13":"pa_maat-s","15":"first","16":"outofstock","17":"taxable","18":"shipping-taxable","19":"purchasable","20":"product-type-variable"},"acf":[],"_links":{"self":[{"href":"https:\/\/woolskins.eu\/it\/wp-json\/wp\/v2\/product\/7214","targetHints":{"allow":["GET"]}}],"collection":[{"href":"https:\/\/woolskins.eu\/it\/wp-json\/wp\/v2\/product"}],"about":[{"href":"https:\/\/woolskins.eu\/it\/wp-json\/wp\/v2\/types\/product"}],"replies":[{"embeddable":true,"href":"https:\/\/woolskins.eu\/it\/wp-json\/wp\/v2\/comments?post=7214"}],"wp:featuredmedia":[{"embeddable":true,"href":"https:\/\/woolskins.eu\/it\/wp-json\/wp\/v2\/media\/17599"}],"wp:attachment":[{"href":"https:\/\/woolskins.eu\/it\/wp-json\/wp\/v2\/media?parent=7214"}],"wp:term":[{"taxonomy":"product_brand","embeddable":true,"href":"https:\/\/woolskins.eu\/it\/wp-json\/wp\/v2\/product_brand?post=7214"},{"taxonomy":"product_cat","embeddable":true,"href":"https:\/\/woolskins.eu\/it\/wp-json\/wp\/v2\/product_cat?post=7214"},{"taxonomy":"product_tag","embeddable":true,"href":"https:\/\/woolskins.eu\/it\/wp-json\/wp\/v2\/product_tag?post=7214"}],"curies":[{"name":"wp","href":"https:\/\/api.w.org\/{rel}","templated":true}]}}