{"id":7190,"date":"2022-02-04T13:27:44","date_gmt":"2022-02-04T13:27:44","guid":{"rendered":"https:\/\/woolskins.eu\/?post_type=product&#038;p=7190"},"modified":"2026-05-05T12:33:43","modified_gmt":"2026-05-05T12:33:43","slug":"cuscino-di-alimentazione-alwero-lammy-beige","status":"publish","type":"product","link":"https:\/\/woolskins.eu\/it\/alwero-voedingskussen-lammy-beige\/","title":{"rendered":"Cuscino da allattamento in lana Thumbled-L | Beige"},"content":{"rendered":"<p>Si utilizza il cuscino da allattamento, ad esempio, bloccando la parte inferiore tra le gambe e appoggiando la testa sulla parte superiore. Metti la parte centrale sotto la pancia incinta, in modo che il tuo peso sia meglio distribuito. In questo modo verrete abbracciati dal cuscino per il corpo e anche la vostra schiena ricever\u00e0 il sostegno necessario.<\/p>\n<p>\u2013 Copertina in lana.<br \/>\n\u2013 100% lana vergine &#039;Thumbling&#039; con marchio di qualit\u00e0 Woolmark.<br \/>\n\u2013 Struttura liscia, morbida e compatta<br \/>\n\u2013 Riempimento di gomitoli di lana (lana ecologica 100%).<br \/>\n\u2013 Cuscino interno (eco cotone) con cerniera.<br \/>\n\u2013 Riempimento naturale silenzioso!<br \/>\n\u2013 Peso leggero (1,5 KG).<br \/>\n\u2013 Cuscino per allattamento e cuscino per gravidanza.<br \/>\n\u2013 Dimensioni 35 x 150 cm (circonferenza centrale 70 cm).<br \/>\n\u2013 Fodera e cuscino interno sono lavabili con il programma di lavaggio lana a 30\u00b0C.<\/p>\n<p>Questo prodotto ha il marchio di qualit\u00e0 Safe for Children e Woolmark.<\/p>\n<h5>Etichetta di pelli di lana<\/h5>\n<p>Dopo anni di collaborazione di successo con Alwero, possiamo annunciare con orgoglio che ora portiamo i nostri prodotti sotto la nostra etichetta Woolskins.<\/p>\n<p>In questo modo ottieni comunque la migliore qualit\u00e0, ma combinata con i prodotti e i design pi\u00f9 belli e unici.<\/p>\n<p>La qualit\u00e0 dei tessuti e dei colori rimane quella di sempre, ma ora c&#039;\u00e8 una scelta pi\u00f9 ampia che secondo Woolskins pu\u00f2 distinguersi.<\/p>\n<p>La nostra ampia collezione \u00e8 composta in modo tale da costituire una buona aggiunta a qualsiasi set per neonati, realizzata in lana europea 100% che respira ed \u00e8 adatta ad ogni stagione.<\/p>\n<p>Uniamo con entusiasmo le forze per creare un prodotto sostenibile, naturale e confortevole per il tuo bambino.<\/p>","protected":false},"excerpt":{"rendered":"<p>Questo cuscino da allattamento in lana \u00e8 estremamente comodo e rilassante per il tuo bambino durante la poppata perch\u00e9 \u00e8 silenzioso e misura immediatamente la temperatura corporea del tuo bambino. Supporta il tuo corpo durante il sonno e garantisce una buona notte di sonno, cos\u00ec ti sveglierai riposato al mattino.<\/p>\n<p>Poich\u00e9 il cuscino e l&#039;imbottitura sono in lana, il cuscino \u00e8 traspirante e ipoallergenico. Le fibre di lana hanno la propriet\u00e0 di agire come un termostato naturale che regola la temperatura corporea? Ci\u00f2 garantisce una temperatura stabile e mantiene te e il tuo bambino asciutti e comodi.<\/p>\n<p>L&#039;esclusiva imbottitura in palline di lana ecologica offre un buon sostegno al tuo corpo e a quello del tuo bambino e poich\u00e9 l&#039;imbottitura non fa alcun rumore (a differenza, ad esempio, dell&#039;imbottitura in noccioli) puoi nutrire il tuo bambino indisturbato e divertirti cos\u00ec all&#039;infinito. La lana \u00e8 stata pulita e lavata con detergenti biodegradabili e la lanolina naturale rende la lana priva di polvere e quindi anallergica.<\/p>\n<p><strong>Marca: Woolskin<\/strong><br \/>\n<strong>Produzione: Polonia<\/strong><\/p>","protected":false},"featured_media":7193,"comment_status":"closed","ping_status":"closed","template":"","meta":{"_acf_changed":false},"product_brand":[],"product_cat":[349,364,31,210,194],"product_tag":[],"class_list":{"0":"post-7190","1":"product","2":"type-product","3":"status-publish","4":"has-post-thumbnail","6":"product_cat-borstvoedingenvoedingskussens","7":"product_cat-cadeaus-vanaf-e50","8":"product_cat-yogamat-wol","9":"product_cat-wollen-voedingskussen","10":"product_cat-wollen-babyproducten","12":"first","13":"instock","14":"taxable","15":"shipping-taxable","16":"purchasable","17":"product-type-simple"},"acf":[],"_links":{"self":[{"href":"https:\/\/woolskins.eu\/it\/wp-json\/wp\/v2\/product\/7190","targetHints":{"allow":["GET"]}}],"collection":[{"href":"https:\/\/woolskins.eu\/it\/wp-json\/wp\/v2\/product"}],"about":[{"href":"https:\/\/woolskins.eu\/it\/wp-json\/wp\/v2\/types\/product"}],"replies":[{"embeddable":true,"href":"https:\/\/woolskins.eu\/it\/wp-json\/wp\/v2\/comments?post=7190"}],"wp:featuredmedia":[{"embeddable":true,"href":"https:\/\/woolskins.eu\/it\/wp-json\/wp\/v2\/media\/7193"}],"wp:attachment":[{"href":"https:\/\/woolskins.eu\/it\/wp-json\/wp\/v2\/media?parent=7190"}],"wp:term":[{"taxonomy":"product_brand","embeddable":true,"href":"https:\/\/woolskins.eu\/it\/wp-json\/wp\/v2\/product_brand?post=7190"},{"taxonomy":"product_cat","embeddable":true,"href":"https:\/\/woolskins.eu\/it\/wp-json\/wp\/v2\/product_cat?post=7190"},{"taxonomy":"product_tag","embeddable":true,"href":"https:\/\/woolskins.eu\/it\/wp-json\/wp\/v2\/product_tag?post=7190"}],"curies":[{"name":"wp","href":"https:\/\/api.w.org\/{rel}","templated":true}]}}