{"id":7150,"date":"2022-02-03T15:07:10","date_gmt":"2022-02-03T15:07:10","guid":{"rendered":"https:\/\/woolskins.eu\/?post_type=product&#038;p=7150"},"modified":"2025-12-11T13:21:40","modified_gmt":"2025-12-11T13:21:40","slug":"bandana-quadrata-in-mussola-bianco-naturale","status":"publish","type":"product","link":"https:\/\/woolskins.eu\/it\/muslin-square-bandana-natural-white\/","title":{"rendered":"Un marchio basic: la mussola per neonati | Bianco naturale"},"content":{"rendered":"<p>Panno quadrato multifunzionale realizzato in cotone biologico eccezionalmente elastico e morbido. La morbida mussola perfetta per i bambini ti servir\u00e0 come bandana, coperta estiva in miniatura, bavaglino improvvisato, panno per il ruttino e molto altro ancora.<\/p>\n<p>50 x 50 cm<\/p>\n<p>100% Cotone biologico certificato GOTS.<\/p>\n<h5>Un marchio per bambini<\/h5>\n<p>Scopri un guardaroba davvero minimalista, pieno di pratici elementi essenziali. Mescola e abbina i nostri modelli e colori unisex. Nessun logo, nessuna stampa, nessuna confusione.<\/p>\n<p>La nostra missione \u00e8 semplificarti la vita, quindi una delle idee principali alla base della nostra filosofia \u00e8 la PRATICA. Abbiamo anche a cuore il nostro pianeta e desideriamo che tutti vivano una vita pi\u00f9 minimalista e quindi usino meno vestiti (#CONSUMEWISELY).<\/p>\n<p>Ecco perch\u00e9 la qualit\u00e0 dei nostri prodotti \u00e8 la pi\u00f9 alta possibile. Puoi usarli per anni e trasmetterli quando hai finito. Utilizziamo tessuti di prima qualit\u00e0 con certificato di cotone organico GOTS e STANDARD 100 di OEKO-TEX\u00ae. Tutti i nostri prodotti possono essere lavati in lavatrice e asciugati in asciugatrice tutte le volte che vuoi. Scoprirai che la nostra felpa di cotone non ha nemmeno bisogno di essere stirata per avere un bell&#039;aspetto.<\/p>","protected":false},"excerpt":{"rendered":"<p>La morbida mussola perfetta per i bambini ti servir\u00e0 come bandana, coperta estiva in miniatura, bavaglino improvvisato, panno per il ruttino e molto altro ancora.<\/p>","protected":false},"featured_media":7430,"comment_status":"open","ping_status":"closed","template":"","meta":{"_acf_changed":false},"product_brand":[],"product_cat":[335,361,360,362,529,535],"product_tag":[],"class_list":{"0":"post-7150","1":"product","2":"type-product","3":"status-publish","4":"has-post-thumbnail","6":"product_cat-a_baby_brand","7":"product_cat-babyshower","8":"product_cat-cadeautips","9":"product_cat-cadeaus-tot-e-25","10":"product_cat-katoenen-babykleertjes","11":"product_cat-katoenen-babymuts-babysjaaltjes","13":"first","14":"instock","15":"taxable","16":"shipping-taxable","17":"purchasable","18":"product-type-simple"},"acf":[],"_links":{"self":[{"href":"https:\/\/woolskins.eu\/it\/wp-json\/wp\/v2\/product\/7150","targetHints":{"allow":["GET"]}}],"collection":[{"href":"https:\/\/woolskins.eu\/it\/wp-json\/wp\/v2\/product"}],"about":[{"href":"https:\/\/woolskins.eu\/it\/wp-json\/wp\/v2\/types\/product"}],"replies":[{"embeddable":true,"href":"https:\/\/woolskins.eu\/it\/wp-json\/wp\/v2\/comments?post=7150"}],"wp:featuredmedia":[{"embeddable":true,"href":"https:\/\/woolskins.eu\/it\/wp-json\/wp\/v2\/media\/7430"}],"wp:attachment":[{"href":"https:\/\/woolskins.eu\/it\/wp-json\/wp\/v2\/media?parent=7150"}],"wp:term":[{"taxonomy":"product_brand","embeddable":true,"href":"https:\/\/woolskins.eu\/it\/wp-json\/wp\/v2\/product_brand?post=7150"},{"taxonomy":"product_cat","embeddable":true,"href":"https:\/\/woolskins.eu\/it\/wp-json\/wp\/v2\/product_cat?post=7150"},{"taxonomy":"product_tag","embeddable":true,"href":"https:\/\/woolskins.eu\/it\/wp-json\/wp\/v2\/product_tag?post=7150"}],"curies":[{"name":"wp","href":"https:\/\/api.w.org\/{rel}","templated":true}]}}