{"id":7093,"date":"2022-01-31T11:06:17","date_gmt":"2022-01-31T11:06:17","guid":{"rendered":"https:\/\/woolskins.eu\/?post_type=product&#038;p=7093"},"modified":"2025-11-21T10:36:57","modified_gmt":"2025-11-21T10:36:57","slug":"coperta-di-coccole-con-cordoncino-per-ciuccio-beige-2","status":"publish","type":"product","link":"https:\/\/woolskins.eu\/it\/knuffeldoekje-met-speenkoord-beige-2\/","title":{"rendered":"Panno coccole con cordino per ciuccio | Beige"},"content":{"rendered":"<p>Panno coccole Woolskins con cordino per ciuccio. Ideale per far coccolare e giocare il tuo bambino grazie al bel suono prodotto dal crepitio dell&#039;imbottitura. Il panno coccole \u00e8 realizzato in lana 100% e porta, ad esempio, il marchio di qualit\u00e0 &quot;Woolmark&quot; e &quot;Sicuro per i bambini&quot;. La clip per ciuccio \u00e8 utile per tenere il ciuccio del tuo bambino a portata di mano ed evitare che si perda.<\/p>\n<p>\u2013 100% lana vergine, marchio di qualit\u00e0 Woolmark.<br \/>\n\u2013 Le dimensioni sono 18\u00d725 cm.<br \/>\n\u2013 Escluso il ciuccio<\/p>\n<p>Il panno succhietto in lana pu\u00f2 essere facilmente attaccato a qualsiasi tipo di succhietto tramite il cordino.<\/p>","protected":false},"excerpt":{"rendered":"<p>Woolskins offre un bellissimo panno in lana con cordino per ciuccio. Questo panno morbido e confortevole \u00e8 perfetto per far coccolare e giocare il tuo piccolo. \u00c8 realizzato in lana di alta qualit\u00e0 ed \u00e8 disponibile in beige e grigio.<\/p>\n<p>\u00c8 l&#039;ideale per coccolare e giocare il tuo bambino grazie al bel suono prodotto dal crepitio dell&#039;imbottitura. Il panno coccole \u00e8 realizzato in lana 100% e porta, ad esempio, il marchio di qualit\u00e0 &quot;Woolmark&quot; e &quot;Sicuro per i bambini&quot;.<\/p>\n<p>Woolskins \u00e8 lo specialista in prodotti ecologici in pelle di agnello e lana. Tutti i prodotti sono realizzati con materiali di alta qualit\u00e0 e sono progettati pensando al comfort e alla durata. Questo panno coccole con cordino per ciuccio \u00e8 quindi una scelta responsabile per i genitori che cercano qualit\u00e0 e stile.<\/p>\n<p><strong>Marca: Woolskin<\/strong><br \/>\n<strong>Produzione: Polonia<\/strong><\/p>","protected":false},"featured_media":5424,"comment_status":"closed","ping_status":"closed","template":"","meta":{"_acf_changed":false},"product_brand":[],"product_cat":[345,361,360,362,200,196,346,348,194],"product_tag":[],"class_list":{"0":"post-7093","1":"product","2":"type-product","3":"status-publish","4":"has-post-thumbnail","6":"product_cat-accessoires","7":"product_cat-babyshower","8":"product_cat-cadeautips","9":"product_cat-cadeaus-tot-e-25","10":"product_cat-wollen-babykleding","11":"product_cat-slaapkleding-baby","12":"product_cat-mutsjesensjaaltjes","13":"product_cat-kussens","14":"product_cat-wollen-babyproducten","16":"first","17":"instock","18":"taxable","19":"shipping-taxable","20":"purchasable","21":"product-type-simple"},"acf":[],"_links":{"self":[{"href":"https:\/\/woolskins.eu\/it\/wp-json\/wp\/v2\/product\/7093","targetHints":{"allow":["GET"]}}],"collection":[{"href":"https:\/\/woolskins.eu\/it\/wp-json\/wp\/v2\/product"}],"about":[{"href":"https:\/\/woolskins.eu\/it\/wp-json\/wp\/v2\/types\/product"}],"replies":[{"embeddable":true,"href":"https:\/\/woolskins.eu\/it\/wp-json\/wp\/v2\/comments?post=7093"}],"wp:featuredmedia":[{"embeddable":true,"href":"https:\/\/woolskins.eu\/it\/wp-json\/wp\/v2\/media\/5424"}],"wp:attachment":[{"href":"https:\/\/woolskins.eu\/it\/wp-json\/wp\/v2\/media?parent=7093"}],"wp:term":[{"taxonomy":"product_brand","embeddable":true,"href":"https:\/\/woolskins.eu\/it\/wp-json\/wp\/v2\/product_brand?post=7093"},{"taxonomy":"product_cat","embeddable":true,"href":"https:\/\/woolskins.eu\/it\/wp-json\/wp\/v2\/product_cat?post=7093"},{"taxonomy":"product_tag","embeddable":true,"href":"https:\/\/woolskins.eu\/it\/wp-json\/wp\/v2\/product_tag?post=7093"}],"curies":[{"name":"wp","href":"https:\/\/api.w.org\/{rel}","templated":true}]}}