{"id":7018,"date":"2022-01-27T15:18:01","date_gmt":"2022-01-27T15:18:01","guid":{"rendered":"https:\/\/woolskins.eu\/?post_type=product&#038;p=7018"},"modified":"2026-02-18T13:40:53","modified_gmt":"2026-02-18T13:40:53","slug":"coperta-alwero-wrap-lammy-cammello","status":"publish","type":"product","link":"https:\/\/woolskins.eu\/it\/alwero-wikkeldeken-lammy-camel\/","title":{"rendered":"Coperta avvolgente in lana\/Coperta con cappuccio per bambino \u2013 Thumbed | Cammello"},"content":{"rendered":"<p>Le fibre di lana respirano e hanno la propriet\u00e0 di agire come un termostato naturale che regola la temperatura corporea? Questo aiuta il tuo bambino a mantenere una temperatura stabile e lo mantiene asciutto e comodo. Lo fa \u201cdinamicamente\u201d, nel senso che avviene quando \u00e8 necessario e non quando non \u00e8 necessario. Caldo d&#039;inverno e fresco d&#039;estate.<\/p>\n<p>\u2013 100% lana vergine (Tumbled) con marchio di qualit\u00e0 Woolmark.<br \/>\n\u2013 Per la casa e in viaggio.<br \/>\n\u2013 Dimensioni: 80 x 80 cm.<br \/>\n\u2013 Produzione europea.<br \/>\n\u2013 Lavabile al programma di lavaggio lana a 30\u00b0C.<br \/>\n\u2013 Disponibile esclusivamente su Woolskins.<\/p>\n<p>I prodotti in lana bottalata sono caratterizzati dalle fibre di lana sciolte. Per evitare il pi\u00f9 possibile la formazione di pelucchi, \u00e8 meglio picchiettare il prodotto all&#039;esterno prima di utilizzarlo.<\/p>\n<p>Questo prodotto ha il marchio di qualit\u00e0 Safe for Children e Woolmark.<\/p>\n<h5>Etichetta di pelli di lana<\/h5>\n<p>Dopo anni di collaborazione di successo con Alwero, possiamo annunciare con orgoglio che ora portiamo i nostri prodotti sotto la nostra etichetta Woolskins.<\/p>\n<p>In questo modo ottieni comunque la migliore qualit\u00e0, ma combinata con i prodotti e i design pi\u00f9 belli e unici.<\/p>\n<p>La qualit\u00e0 dei tessuti e dei colori rimane quella di sempre, ma ora c&#039;\u00e8 una scelta pi\u00f9 ampia che secondo Woolskins pu\u00f2 distinguersi.<\/p>\n<p>La nostra ampia collezione \u00e8 composta in modo tale da costituire una buona aggiunta a qualsiasi set per neonati, realizzata in lana europea 100% che respira ed \u00e8 adatta ad ogni stagione.<\/p>\n<p>Uniamo con entusiasmo le forze per creare un prodotto sostenibile, naturale e confortevole per il tuo bambino.<\/p>","protected":false},"excerpt":{"rendered":"<p>Il tuo bambino dormir\u00e0 meravigliosamente e sogner\u00e0 in questa comoda coperta in lana con cappuccio della nostra collezione &quot;Thummbled&quot;. Questa coperta con cappuccio\/avvolgente cade facilmente ed \u00e8 molto morbida. Hanno un aspetto bello e lussuoso e sono estremamente confortevoli. La coperta avvolgente \u00e8 realizzata in lana 100% e misura immediatamente la temperatura del tuo bambino. Puoi anche fasciare il tuo bambino con questo o allattarlo comodamente. Puoi portarlo facilmente con te in viaggio per mantenere il tuo bambino al caldo. La coperta \u00e8 adatta ad ogni stagione ed \u00e8 un regalo perfetto per un baby shower o una visita di maternit\u00e0.<\/p>\n<p><strong>Marca: Woolskin<\/strong><br \/>\n<strong>Produzione: Polonia<\/strong><\/p>","protected":false},"featured_media":17486,"comment_status":"closed","ping_status":"closed","template":"","meta":{"_acf_changed":false},"product_brand":[],"product_cat":[361,360,363,364,196,321,194],"product_tag":[],"class_list":{"0":"post-7018","1":"product","2":"type-product","3":"status-publish","4":"has-post-thumbnail","6":"product_cat-babyshower","7":"product_cat-cadeautips","8":"product_cat-cadeaus-e25-e50","9":"product_cat-cadeaus-vanaf-e50","10":"product_cat-slaapkleding-baby","11":"product_cat-wikkeldekens","12":"product_cat-wollen-babyproducten","14":"first","15":"instock","16":"taxable","17":"shipping-taxable","18":"purchasable","19":"product-type-simple"},"acf":[],"_links":{"self":[{"href":"https:\/\/woolskins.eu\/it\/wp-json\/wp\/v2\/product\/7018","targetHints":{"allow":["GET"]}}],"collection":[{"href":"https:\/\/woolskins.eu\/it\/wp-json\/wp\/v2\/product"}],"about":[{"href":"https:\/\/woolskins.eu\/it\/wp-json\/wp\/v2\/types\/product"}],"replies":[{"embeddable":true,"href":"https:\/\/woolskins.eu\/it\/wp-json\/wp\/v2\/comments?post=7018"}],"wp:featuredmedia":[{"embeddable":true,"href":"https:\/\/woolskins.eu\/it\/wp-json\/wp\/v2\/media\/17486"}],"wp:attachment":[{"href":"https:\/\/woolskins.eu\/it\/wp-json\/wp\/v2\/media?parent=7018"}],"wp:term":[{"taxonomy":"product_brand","embeddable":true,"href":"https:\/\/woolskins.eu\/it\/wp-json\/wp\/v2\/product_brand?post=7018"},{"taxonomy":"product_cat","embeddable":true,"href":"https:\/\/woolskins.eu\/it\/wp-json\/wp\/v2\/product_cat?post=7018"},{"taxonomy":"product_tag","embeddable":true,"href":"https:\/\/woolskins.eu\/it\/wp-json\/wp\/v2\/product_tag?post=7018"}],"curies":[{"name":"wp","href":"https:\/\/api.w.org\/{rel}","templated":true}]}}