{"id":6925,"date":"2022-01-24T12:55:41","date_gmt":"2022-01-24T12:55:41","guid":{"rendered":"https:\/\/woolskins.eu\/?post_type=product&#038;p=6925"},"modified":"2026-03-03T13:14:49","modified_gmt":"2026-03-03T13:14:49","slug":"gilet-alwero-lammy-grigio","status":"publish","type":"product","link":"https:\/\/woolskins.eu\/it\/alwero-bodywarmer-lammy-grijs\/","title":{"rendered":"Smanicato in lana per neonati e bambini | Thumblato Grigio Chiaro \u2013 Pelli di lana"},"content":{"rendered":"<p>Questo prodotto ha il marchio di qualit\u00e0 Safe for Children e Woolmark. Questo gilet viene spesso indossato come capospalla, quindi tienilo a mente quando scegli la taglia corretta.<\/p>\n<p>\u2013 100% lana vergine, marchio di qualit\u00e0 Woolmark.<br \/>\n\u2013 Molto caldo per la casa o in viaggio.<br \/>\n\u2013 Diversi colori disponibili.<br \/>\n- Attenzione! Per la taglia corretta vedere &#039;Taglie in centimetri&#039;.<\/p>\n<h5>Etichetta di pelli di lana<\/h5>\n<p>Dopo anni di collaborazione di successo con Alwero, possiamo annunciare con orgoglio che ora portiamo i nostri prodotti sotto la nostra etichetta Woolskins.<\/p>\n<p>In questo modo ottieni comunque la migliore qualit\u00e0, ma combinata con i prodotti e i design pi\u00f9 belli e unici.<\/p>\n<p>La qualit\u00e0 dei tessuti e dei colori rimane quella di sempre, ma ora c&#039;\u00e8 una scelta pi\u00f9 ampia che secondo Woolskins pu\u00f2 distinguersi.<\/p>\n<p>La nostra ampia collezione \u00e8 composta in modo tale da costituire una buona aggiunta a qualsiasi set per neonati, realizzata in lana europea 100% che respira ed \u00e8 adatta ad ogni stagione.<\/p>\n<p>Uniamo con entusiasmo le forze per creare un prodotto sostenibile, naturale e confortevole per il tuo bambino.<\/p>\n<h5 class=\"Text1893342656__root Text1893342656---typography-11-runningText Text1893342656---priority-7-primary s8gg2 _2UIKs InfoSectionTitle3095652555__root\" aria-hidden=\"false\" data-hook=\"info-section-title\">Dimensioni in centimetri:<\/h5>\n<div class=\"_2tV5m fggS- cell\">Taglia: 50\/56 lunghezza: 27,5 cm larghezza 22 cm (ascella)<br \/>\nMisura: 62\/60 lunghezza: 28,5 cm larghezza 25 cm<br \/>\nMisura: 74\/80 lunghezza: 29,5 cm larghezza 28 cm<br \/>\nTaglia: 80\/86 lunghezza: 31 cm larghezza 32 cm<br \/>\nTaglia: 92\/98 lunghezza: 33,5 cm larghezza 35 cm<br \/>\nMisura: 104\/110 lunghezza: 39,5 cm larghezza 37 cm<\/div>","protected":false},"excerpt":{"rendered":"<p>Questo scaldacorpo alla moda \u00e8 meravigliosamente caldo e confortevole. Indossalo con disinvoltura sopra un maglione o una giacca, sta sempre bene ed \u00e8 super trendy. Questo cardigan ha tutte le buone propriet\u00e0 della lana ecologica 100%. Ci\u00f2 garantir\u00e0 che il tuo bambino sia bello, caldo e comodo durante le giornate pi\u00f9 fredde. Questo cardigan pu\u00f2 essere combinato con tutta la nostra collezione Woolskins. Lo smanicato in lana \u00e8 splendidamente rifinito con un punto coperta e un bottone in legno.<\/p>\n<p>ATTENZIONE! I cardigan vestono piccoli. Per la taglia corretta, vedere &quot;Taglie in centimetri&quot; nella descrizione.<\/p>\n<p><strong>Marca: Woolskin<\/strong><br \/>\n<strong>Produzione: Polonia<\/strong><\/p>","protected":false},"featured_media":17068,"comment_status":"open","ping_status":"closed","template":"","meta":{"_acf_changed":false},"product_brand":[],"product_cat":[361,360,363,200,337,413,344,194],"product_tag":[],"class_list":{"0":"post-6925","1":"product","2":"type-product","3":"status-publish","4":"has-post-thumbnail","6":"product_cat-babyshower","7":"product_cat-cadeautips","8":"product_cat-cadeaus-e25-e50","9":"product_cat-wollen-babykleding","10":"product_cat-vestjes","11":"product_cat-alwero-bodywarmer","12":"product_cat-kleertjes","13":"product_cat-wollen-babyproducten","14":"pa_maat-104-110","15":"pa_maat-44-prematuur","16":"pa_maat-50-56","17":"pa_maat-62-68","18":"pa_maat-74-80","19":"pa_maat-80-86","20":"pa_maat-92-98","22":"first","23":"instock","24":"taxable","25":"shipping-taxable","26":"purchasable","27":"product-type-variable"},"acf":[],"_links":{"self":[{"href":"https:\/\/woolskins.eu\/it\/wp-json\/wp\/v2\/product\/6925","targetHints":{"allow":["GET"]}}],"collection":[{"href":"https:\/\/woolskins.eu\/it\/wp-json\/wp\/v2\/product"}],"about":[{"href":"https:\/\/woolskins.eu\/it\/wp-json\/wp\/v2\/types\/product"}],"replies":[{"embeddable":true,"href":"https:\/\/woolskins.eu\/it\/wp-json\/wp\/v2\/comments?post=6925"}],"wp:featuredmedia":[{"embeddable":true,"href":"https:\/\/woolskins.eu\/it\/wp-json\/wp\/v2\/media\/17068"}],"wp:attachment":[{"href":"https:\/\/woolskins.eu\/it\/wp-json\/wp\/v2\/media?parent=6925"}],"wp:term":[{"taxonomy":"product_brand","embeddable":true,"href":"https:\/\/woolskins.eu\/it\/wp-json\/wp\/v2\/product_brand?post=6925"},{"taxonomy":"product_cat","embeddable":true,"href":"https:\/\/woolskins.eu\/it\/wp-json\/wp\/v2\/product_cat?post=6925"},{"taxonomy":"product_tag","embeddable":true,"href":"https:\/\/woolskins.eu\/it\/wp-json\/wp\/v2\/product_tag?post=6925"}],"curies":[{"name":"wp","href":"https:\/\/api.w.org\/{rel}","templated":true}]}}