{"id":6895,"date":"2022-01-17T14:21:52","date_gmt":"2022-01-17T14:21:52","guid":{"rendered":"https:\/\/woolskins.eu\/?post_type=product&#038;p=6895"},"modified":"2025-08-25T13:29:40","modified_gmt":"2025-08-25T13:29:40","slug":"alwero-wrap-blanket-essential-grey-2","status":"publish","type":"product","link":"https:\/\/woolskins.eu\/it\/alwero-wikkeldeken-essential-grijs-2\/","title":{"rendered":"Coperta avvolgente in lana per bambino | Wingy in feltro grigio chiaro"},"content":{"rendered":"<p>Il tuo bambino dormir\u00e0 meravigliosamente e sogner\u00e0 in questa comoda coperta avvolgente in lana Wingy della nostra collezione &quot;Felted&quot;. Questa coperta avvolgente cade dolcemente ed \u00e8 molto morbida. Hanno un aspetto bello e lussuoso e sono estremamente confortevoli. La coperta avvolgente \u00e8 realizzata in lana 100% e misura immediatamente la temperatura del tuo bambino. Grazie alle aperture per le cinture di sicurezza (5 punti), si adatta bene al passeggino e porta il bambino fuori al caldo e comodamente.<\/p>\n<p>La lana respira e misura immediatamente la temperatura del tuo bambino. Caldo d&#039;inverno e fresco d&#039;estate. Comodo per la casa e per l&#039;uso nel Maxi-Cosi o nel passeggino.<\/p>\n<p>\u2013 100% lana vergine con marchio di qualit\u00e0 Woolmark.<br \/>\n\u2013 Disponibile esclusivamente su Woolskins.<br \/>\n\u2013 Per la casa e in viaggio.<br \/>\n\u2013 Aperture per le cinture di sicurezza (5 punti).<br \/>\n\u2013 lunghezza 80 cm (et\u00e0 fino a +\/- 1 anno)<br \/>\n\u2013 lavabile a 30\u00b0C programma lavaggio lana.<\/p>\n<p>Le fibre di lana respirano e hanno la propriet\u00e0 di agire come un termostato naturale che regola la temperatura corporea? Questo aiuta il tuo bambino a mantenere una temperatura stabile e lo mantiene asciutto e comodo. Lo fa \u201cdinamicamente\u201d, nel senso che avviene quando \u00e8 necessario e non quando non \u00e8 necessario. Caldo d&#039;inverno e fresco d&#039;estate.<\/p>\n<p>Questo prodotto ha il marchio di qualit\u00e0 Safe for Children e Woolmark.<\/p>\n<h5>Etichetta di pelli di lana<\/h5>\n<p>Dopo anni di collaborazione di successo con Alwero, possiamo annunciare con orgoglio che ora portiamo i nostri prodotti sotto la nostra etichetta Woolskins.<\/p>\n<p>In questo modo ottieni comunque la migliore qualit\u00e0, ma combinata con i prodotti e i design pi\u00f9 belli e unici.<\/p>\n<p>La qualit\u00e0 dei tessuti e dei colori rimane quella di sempre, ma ora c&#039;\u00e8 una scelta pi\u00f9 ampia che secondo Woolskins pu\u00f2 distinguersi.<\/p>\n<p>La nostra ampia collezione \u00e8 composta in modo tale da costituire una buona aggiunta a qualsiasi set per neonati, realizzata in lana europea 100% che respira ed \u00e8 adatta ad ogni stagione.<\/p>\n<p>Uniamo con entusiasmo le forze per creare un prodotto sostenibile, naturale e confortevole per il tuo bambino.<\/p>","protected":false},"excerpt":{"rendered":"<p>Il tuo bambino dormir\u00e0 meravigliosamente e sogner\u00e0 in questa comoda coperta avvolgente in lana Wingy della nostra collezione &quot;Felted&quot;. Questa coperta avvolgente \u00e8 elastica e molto morbida ed \u00e8 rifinita con un punto coperta a contrasto. Hanno un aspetto bello e lussuoso e sono estremamente confortevoli. La coperta avvolgente \u00e8 realizzata in lana 100% e assume subito la temperatura del tuo bambino ed \u00e8 utilizzabile in ogni stagione. Grazie alle aperture per le cinture di sicurezza (5 punti), si adatta bene al passeggino e porta il bambino fuori al caldo e comodamente.<\/p>\n<div class=\"woocommerce-product-details__short-description\">\n<p><strong>Marca: Woolskin<\/strong><br \/>\n<strong>Produzione: Polonia<\/strong><\/p>\n<\/div>","protected":false},"featured_media":17538,"comment_status":"closed","ping_status":"closed","template":"","meta":{"_acf_changed":false},"product_brand":[],"product_cat":[361,360,364,196,321,194],"product_tag":[],"class_list":{"0":"post-6895","1":"product","2":"type-product","3":"status-publish","4":"has-post-thumbnail","6":"product_cat-babyshower","7":"product_cat-cadeautips","8":"product_cat-cadeaus-vanaf-e50","9":"product_cat-slaapkleding-baby","10":"product_cat-wikkeldekens","11":"product_cat-wollen-babyproducten","13":"first","14":"instock","15":"taxable","16":"shipping-taxable","17":"purchasable","18":"product-type-simple"},"acf":[],"_links":{"self":[{"href":"https:\/\/woolskins.eu\/it\/wp-json\/wp\/v2\/product\/6895","targetHints":{"allow":["GET"]}}],"collection":[{"href":"https:\/\/woolskins.eu\/it\/wp-json\/wp\/v2\/product"}],"about":[{"href":"https:\/\/woolskins.eu\/it\/wp-json\/wp\/v2\/types\/product"}],"replies":[{"embeddable":true,"href":"https:\/\/woolskins.eu\/it\/wp-json\/wp\/v2\/comments?post=6895"}],"wp:featuredmedia":[{"embeddable":true,"href":"https:\/\/woolskins.eu\/it\/wp-json\/wp\/v2\/media\/17538"}],"wp:attachment":[{"href":"https:\/\/woolskins.eu\/it\/wp-json\/wp\/v2\/media?parent=6895"}],"wp:term":[{"taxonomy":"product_brand","embeddable":true,"href":"https:\/\/woolskins.eu\/it\/wp-json\/wp\/v2\/product_brand?post=6895"},{"taxonomy":"product_cat","embeddable":true,"href":"https:\/\/woolskins.eu\/it\/wp-json\/wp\/v2\/product_cat?post=6895"},{"taxonomy":"product_tag","embeddable":true,"href":"https:\/\/woolskins.eu\/it\/wp-json\/wp\/v2\/product_tag?post=6895"}],"curies":[{"name":"wp","href":"https:\/\/api.w.org\/{rel}","templated":true}]}}