{"id":6710,"date":"2021-09-01T12:55:46","date_gmt":"2021-09-01T12:55:46","guid":{"rendered":"https:\/\/woolskins.eu\/eco-wool-wash"},"modified":"2023-02-28T11:40:10","modified_gmt":"2023-02-28T11:40:10","slug":"lavaggio-in-eco-lana","status":"publish","type":"product","link":"https:\/\/woolskins.eu\/it\/eco-wool-wash\/","title":{"rendered":"Lavaggio Eco Lana"},"content":{"rendered":"<p>I nostri cappotti Woolskins Eco Relugan possono essere lavati in lavatrice in combinazione con il nostro Eco Wool Wash appositamente sviluppato in lavatrice con un programma di lavaggio delicato a 30\u00b0C (programma breve)*. Consigliamo comunque di attendere il pi\u00f9 a lungo possibile perch\u00e9 il mantello \u00e8 naturalmente autopulente. I nostri prodotti Woolskins Relugan possono anche essere asciugati in un&#039;asciugatrice a bassa temperatura -NON CALDA- dopo il lavaggio. Questo rende i nostri cappotti Woolskins Relugan cos\u00ec unici e facili da usare!<\/p>","protected":false},"excerpt":{"rendered":"<p>Onze Woolskins Eco Relugan vachten zijn in combinatie met ons speciaal daarvoor ontwikkelde Eco Wool Wash te wassen in de machine op 30\u00b0C fijnewasprogramma (kort programma)*. Echter raden wij aan hier echt zolang mogelijk mee te wachten omdat de vacht van nature al zelfreinigend is. Onze Woolskins Relugan producten kunnen na het wassen ook worden [&hellip;]<\/p>\n","protected":false},"featured_media":7908,"comment_status":"closed","ping_status":"closed","template":"","meta":{"_acf_changed":false},"product_brand":[],"product_cat":[200],"product_tag":[],"class_list":{"0":"post-6710","1":"product","2":"type-product","3":"status-publish","4":"has-post-thumbnail","6":"product_cat-wollen-babykleding","8":"first","9":"instock","10":"taxable","11":"shipping-taxable","12":"purchasable","13":"product-type-simple"},"acf":[],"_links":{"self":[{"href":"https:\/\/woolskins.eu\/it\/wp-json\/wp\/v2\/product\/6710","targetHints":{"allow":["GET"]}}],"collection":[{"href":"https:\/\/woolskins.eu\/it\/wp-json\/wp\/v2\/product"}],"about":[{"href":"https:\/\/woolskins.eu\/it\/wp-json\/wp\/v2\/types\/product"}],"replies":[{"embeddable":true,"href":"https:\/\/woolskins.eu\/it\/wp-json\/wp\/v2\/comments?post=6710"}],"wp:featuredmedia":[{"embeddable":true,"href":"https:\/\/woolskins.eu\/it\/wp-json\/wp\/v2\/media\/7908"}],"wp:attachment":[{"href":"https:\/\/woolskins.eu\/it\/wp-json\/wp\/v2\/media?parent=6710"}],"wp:term":[{"taxonomy":"product_brand","embeddable":true,"href":"https:\/\/woolskins.eu\/it\/wp-json\/wp\/v2\/product_brand?post=6710"},{"taxonomy":"product_cat","embeddable":true,"href":"https:\/\/woolskins.eu\/it\/wp-json\/wp\/v2\/product_cat?post=6710"},{"taxonomy":"product_tag","embeddable":true,"href":"https:\/\/woolskins.eu\/it\/wp-json\/wp\/v2\/product_tag?post=6710"}],"curies":[{"name":"wp","href":"https:\/\/api.w.org\/{rel}","templated":true}]}}