{"id":6605,"date":"2021-09-01T12:54:16","date_gmt":"2021-09-01T12:54:16","guid":{"rendered":"https:\/\/woolskins.eu\/onderhoudsset"},"modified":"2023-09-22T12:11:21","modified_gmt":"2023-09-22T12:11:21","slug":"set-di-manutenzione","status":"publish","type":"product","link":"https:\/\/woolskins.eu\/it\/onderhoudsset\/","title":{"rendered":"Kit di manutenzione"},"content":{"rendered":"<p>Il modo migliore per prendersi cura del pelo \u00e8 tamponarlo regolarmente e spazzolarlo brevemente. In questo modo mantieni il cappotto bello.<\/p>\n<p>Ti consigliamo di attendere il pi\u00f9 a lungo possibile prima di lavare il tuo cappotto &quot;lavabile&quot;, in modo che tutte le buone qualit\u00e0 del cappotto rimangano al suo interno. Di solito \u00e8 sufficiente aerare l&#039;esterno o, in caso di piccolo incidente, pulire con un panno umido.<\/p>\n<p>Se vuoi lavare il tuo cappotto, puoi farlo solo con il nostro programma per capispalla Medical Grade (giallo oro) a 30 gradi lana-delicati. Per questo abbiamo uno speciale detersivo ecologico per lana con lanolina. Puoi anche asciugare questi cappotti nell&#039;asciugatrice a bassa temperatura.<\/p>\n<p>Istruzioni di lavaggio:<\/p>\n<p>1.Metti il cappotto in lavatrice con 50 ml di Eco Wool Wash nel cassetto del sapone.<br \/>\n2. Lavare il cappotto con il programma lana\/delicati a 30 C (cicli brevi).<br \/>\n3. Posizionare il cappotto con il lato in pelle su un asciugamano e arrotolarlo. Premere con decisione in modo che l&#039;acqua rimanente venga assorbita il pi\u00f9 possibile dall&#039;asciugamano.<br \/>\n4. Ora lascia asciugare il cappotto su una superficie piana o mettilo nell&#039;asciugatrice a temperatura bassa \u2013 NON CALDO! - temperatura.<br \/>\n5. Quindi lasciare asciugare leggermente il mantello e allungarlo delicatamente per dargli la forma.<\/p>\n<p>Quindi spazzolare nuovamente se necessario. Dopo il lavaggio, il lato in pelle potrebbe sembrare un po&#039; pi\u00f9 rigido. Questo si ammorbidir\u00e0 nuovamente durante l&#039;uso.<\/p>\n<p>ATTENZIONE! TENERE FUORI DALLA PORTATA DEI BAMBINI!<\/p>\n<p>*Il lavaggio del cappotto rimane sempre sotto la tua responsabilit\u00e0<\/p>","protected":false},"excerpt":{"rendered":"<p>Questo set di manutenzione \u00e8 specifico per la manutenzione delle pelli di pecora (lavabili). Il detergente ecologico, a base di olio d&#039;oliva, ha un effetto sgrassante e contiene lanolina per mantenere le propriet\u00e0 salutari e l&#039;elasticit\u00e0 del pelo. 250 ml = lavare 5 volte.<\/p>","protected":false},"featured_media":7907,"comment_status":"closed","ping_status":"closed","template":"","meta":{"_acf_changed":false},"product_brand":[],"product_cat":[357,216,222,354],"product_tag":[],"class_list":{"0":"post-6605","1":"product","2":"type-product","3":"status-publish","4":"has-post-thumbnail","6":"product_cat-onderhoud","7":"product_cat-schapenvacht-voor-baby","8":"product_cat-buggy-schapenvachtjes","9":"product_cat-woolskins","11":"first","12":"instock","13":"taxable","14":"shipping-taxable","15":"purchasable","16":"product-type-simple"},"acf":[],"_links":{"self":[{"href":"https:\/\/woolskins.eu\/it\/wp-json\/wp\/v2\/product\/6605","targetHints":{"allow":["GET"]}}],"collection":[{"href":"https:\/\/woolskins.eu\/it\/wp-json\/wp\/v2\/product"}],"about":[{"href":"https:\/\/woolskins.eu\/it\/wp-json\/wp\/v2\/types\/product"}],"replies":[{"embeddable":true,"href":"https:\/\/woolskins.eu\/it\/wp-json\/wp\/v2\/comments?post=6605"}],"wp:featuredmedia":[{"embeddable":true,"href":"https:\/\/woolskins.eu\/it\/wp-json\/wp\/v2\/media\/7907"}],"wp:attachment":[{"href":"https:\/\/woolskins.eu\/it\/wp-json\/wp\/v2\/media?parent=6605"}],"wp:term":[{"taxonomy":"product_brand","embeddable":true,"href":"https:\/\/woolskins.eu\/it\/wp-json\/wp\/v2\/product_brand?post=6605"},{"taxonomy":"product_cat","embeddable":true,"href":"https:\/\/woolskins.eu\/it\/wp-json\/wp\/v2\/product_cat?post=6605"},{"taxonomy":"product_tag","embeddable":true,"href":"https:\/\/woolskins.eu\/it\/wp-json\/wp\/v2\/product_tag?post=6605"}],"curies":[{"name":"wp","href":"https:\/\/api.w.org\/{rel}","templated":true}]}}