{"id":6580,"date":"2021-09-01T12:53:58","date_gmt":"2021-09-01T12:53:58","guid":{"rendered":"https:\/\/woolskins.eu\/eco-lamsvacht-comfort-voor-yoga-meditatie-dubbel-3-cm"},"modified":"2024-10-25T07:06:11","modified_gmt":"2024-10-25T07:06:11","slug":"eco-pelle-di-agnello-comfort-per-yoga-meditazione-doppio-3-cm","status":"publish","type":"product","link":"https:\/\/woolskins.eu\/it\/eco-lamsvacht-comfort-voor-yoga-meditatie-dubbel-3-cm\/","title":{"rendered":"Comfort in ecopelle di agnello per yoga e meditazione | doppio 3cm"},"content":{"rendered":"<p>I nostri cappotti comfort WOOLSKINS sono un prodotto europeo, ecologico e naturale 100%.<\/p>\n<p>La lana fa bene alla mente, alla pelle e al corpo. Ha un effetto dinamico e aiuta te e la tua famiglia a godervi la vita sana, rilassata e riposata.<\/p>\n<p>Abbiamo due versioni all&#039;interno della nostra collezione, un cappotto singolo e un cappotto doppio che si adatta comodamente a tutto il tuo corpo. Un regalo bello, delizioso e sano!<\/p>\n<p>Le dimensioni del nostro cappotto XL sono +\/- 70 x 200 cm e hanno una lunghezza del cappotto di +\/- 3 cm.<\/p>\n<p>Questa pelle di agnello \u00e8 ideale per praticare yoga e meditazione. \u00c8 molto confortevole e regola il calore e l&#039;umidit\u00e0. Ci sono persino yogi che consigliano una pelle di pecora, non solo per la dimensione perfetta ma anche perch\u00e9 isola il tuo campo magnetico (la tua aura) e blocca la radiazione magnetica terrestre. Questo ti aiuta enormemente nel processo meditativo e mantiene il tuo corpo in equilibrio.<\/p>","protected":false},"excerpt":{"rendered":"<p>La lana fa bene alla mente, alla pelle e al corpo. Ha un effetto dinamico e aiuta te e la tua famiglia a godervi la vita sana, rilassata e riposata.<\/p>","protected":false},"featured_media":5927,"comment_status":"closed","ping_status":"closed","template":"","meta":{"_acf_changed":false},"product_brand":[],"product_cat":[358],"product_tag":[],"class_list":{"0":"post-6580","1":"product","2":"type-product","3":"status-publish","4":"has-post-thumbnail","6":"product_cat-wollen-yogamat","8":"first","9":"outofstock","10":"taxable","11":"shipping-taxable","12":"purchasable","13":"product-type-simple"},"acf":[],"_links":{"self":[{"href":"https:\/\/woolskins.eu\/it\/wp-json\/wp\/v2\/product\/6580","targetHints":{"allow":["GET"]}}],"collection":[{"href":"https:\/\/woolskins.eu\/it\/wp-json\/wp\/v2\/product"}],"about":[{"href":"https:\/\/woolskins.eu\/it\/wp-json\/wp\/v2\/types\/product"}],"replies":[{"embeddable":true,"href":"https:\/\/woolskins.eu\/it\/wp-json\/wp\/v2\/comments?post=6580"}],"wp:featuredmedia":[{"embeddable":true,"href":"https:\/\/woolskins.eu\/it\/wp-json\/wp\/v2\/media\/5927"}],"wp:attachment":[{"href":"https:\/\/woolskins.eu\/it\/wp-json\/wp\/v2\/media?parent=6580"}],"wp:term":[{"taxonomy":"product_brand","embeddable":true,"href":"https:\/\/woolskins.eu\/it\/wp-json\/wp\/v2\/product_brand?post=6580"},{"taxonomy":"product_cat","embeddable":true,"href":"https:\/\/woolskins.eu\/it\/wp-json\/wp\/v2\/product_cat?post=6580"},{"taxonomy":"product_tag","embeddable":true,"href":"https:\/\/woolskins.eu\/it\/wp-json\/wp\/v2\/product_tag?post=6580"}],"curies":[{"name":"wp","href":"https:\/\/api.w.org\/{rel}","templated":true}]}}