{"id":6578,"date":"2021-09-01T12:53:58","date_gmt":"2021-09-01T12:53:58","guid":{"rendered":"https:\/\/woolskins.eu\/wollen-yogamat-met-ecoleather-ecru-bruin"},"modified":"2025-01-27T11:21:47","modified_gmt":"2025-01-27T11:21:47","slug":"tappetino-yoga-in-lana-con-ecopelle-marrone-ecru","status":"publish","type":"product","link":"https:\/\/woolskins.eu\/it\/wollen-yogamat-met-ecoleather-ecru-bruin\/","title":{"rendered":"Tappetino yoga in lana ed ecopelle | ecru-marrone"},"content":{"rendered":"<p>I nostri tappetini yoga WOOLSKINS sono ideali per praticare yoga e meditazione. La lana fa bene alla mente, alla pelle e al corpo. Dopo aver provato un tappetino yoga in lana, non vorrai nient&#039;altro! Ha un effetto dinamico e aiuta a mantenere un corpo e una mente sani.<\/p>\n<p>\u2013 dimensioni: 75 x 180 cm.<br \/>\n\u2013 Per l\u2019uso in studi di yoga, aule di formazione e a casa<br \/>\n\u2013 Superficie fine per trattamenti terapeutici<br \/>\n\u2013 Il tappetino ha valori termici e un\u2019elevata sensazione di comfort.<br \/>\n\u2013 Strato superiore lana vergine 100%. Fondo: Ecopelle e presenta uno strato intermedio morbido (0,6 cm).<br \/>\n\u2013 Buona presa su superfici scivolose.<br \/>\n\u2013 Contiene ancora grasso naturale di lana ed \u00e8 autopulente.<br \/>\n\u2013 Regola il calore e l\u2019umidit\u00e0.<br \/>\n\u2013 Con pratica borsa portaoggetti con tracolla.<\/p>","protected":false},"excerpt":{"rendered":"<p>Se sei attivo nel campo dello yoga e della meditazione, un tappetino yoga in lana ti torner\u00e0 utile. I nostri sono pi\u00f9 morbidi e comodi dei normali tappetini da yoga. Questo li rende ideali per praticare la meditazione e lo yoga. Poich\u00e9 la lana fa bene alla mente, alla pelle e al corpo, un tappetino yoga in lana ha un&#039;influenza positiva sulla pratica dello yoga e della meditazione. Dopo aver scelto un tappetino yoga in lana di WOOLSKINS, \u00e8 difficile desiderare qualcos&#039;altro in seguito.<\/p>\n<p><strong>Marca: Woolskin<\/strong><br \/>\n<strong>Produzione: Polonia<\/strong><\/p>","protected":false},"featured_media":5922,"comment_status":"closed","ping_status":"closed","template":"","meta":{"_acf_changed":false},"product_brand":[],"product_cat":[31,358],"product_tag":[],"class_list":{"0":"post-6578","1":"product","2":"type-product","3":"status-publish","4":"has-post-thumbnail","6":"product_cat-yogamat-wol","7":"product_cat-wollen-yogamat","9":"first","10":"outofstock","11":"taxable","12":"shipping-taxable","13":"purchasable","14":"product-type-simple"},"acf":[],"_links":{"self":[{"href":"https:\/\/woolskins.eu\/it\/wp-json\/wp\/v2\/product\/6578","targetHints":{"allow":["GET"]}}],"collection":[{"href":"https:\/\/woolskins.eu\/it\/wp-json\/wp\/v2\/product"}],"about":[{"href":"https:\/\/woolskins.eu\/it\/wp-json\/wp\/v2\/types\/product"}],"replies":[{"embeddable":true,"href":"https:\/\/woolskins.eu\/it\/wp-json\/wp\/v2\/comments?post=6578"}],"wp:featuredmedia":[{"embeddable":true,"href":"https:\/\/woolskins.eu\/it\/wp-json\/wp\/v2\/media\/5922"}],"wp:attachment":[{"href":"https:\/\/woolskins.eu\/it\/wp-json\/wp\/v2\/media?parent=6578"}],"wp:term":[{"taxonomy":"product_brand","embeddable":true,"href":"https:\/\/woolskins.eu\/it\/wp-json\/wp\/v2\/product_brand?post=6578"},{"taxonomy":"product_cat","embeddable":true,"href":"https:\/\/woolskins.eu\/it\/wp-json\/wp\/v2\/product_cat?post=6578"},{"taxonomy":"product_tag","embeddable":true,"href":"https:\/\/woolskins.eu\/it\/wp-json\/wp\/v2\/product_tag?post=6578"}],"curies":[{"name":"wp","href":"https:\/\/api.w.org\/{rel}","templated":true}]}}