{"id":6557,"date":"2021-09-01T12:53:35","date_gmt":"2021-09-01T12:53:35","guid":{"rendered":"https:\/\/woolskins.eu\/meditatiedeken-100-wol-grijs"},"modified":"2025-05-23T14:25:49","modified_gmt":"2025-05-23T14:25:49","slug":"coperta-da-meditazione-100-lana-grigio","status":"publish","type":"product","link":"https:\/\/woolskins.eu\/it\/meditatiedeken-100-wol-grijs\/","title":{"rendered":"Coperta da meditazione 100% lana Grigia"},"content":{"rendered":"<p>Queste coperte da meditazione sono adatte per rimanere comodamente al caldo durante la meditazione o la consapevolezza e forniscono una sensazione sicura e protetta. \u00c8 anche una meravigliosa coperta extra per il letto o sul divano. La lana fornisce calore in inverno e le sue propriet\u00e0 di ventilazione la rendono ideale anche per l&#039;uso in estate. Le propriet\u00e0 riabilitative e curative della lana sono note da migliaia di anni. La lana, un prodotto naturale puro e sicuro da secoli.<br \/>&nbsp;<\/p>\n<p>\u2013 100% pura lana vergine non lavorata (Woolmark).<br \/>\u2013 Molto morbido e confortevole.<br \/>\u2013 Dimensioni: 150 x 200 cm.<br \/>\u2013 Esente da sostanze nocive e trattamenti chimici.<br \/>\u2013 Produzione europea.<br \/>\u2013 lavabile a 30\u00b0C programma lavaggio lana.<br \/>&nbsp;<\/p>\n<p>Questo prodotto ha il marchio di qualit\u00e0 Safe for Children e Woolmark e pu\u00f2 essere facilmente combinato con gli altri nostri prodotti.<\/p>","protected":false},"excerpt":{"rendered":"<p>Deze meditatiedekens zijn geschikt om tijdens&nbsp;meditatie&nbsp;of&nbsp;mindfullness\u200b&nbsp;comfortabel warm te blijven en geven een geborgen en veilig gevoel.&nbsp;Daarnaast is het een heerlijke extra&nbsp;deken voor op bed of voor op de bank.&nbsp;Wol&nbsp;zorgt voor warmte in de winter, en door de ventilerende eigenschap is het in de &nbsp;zomer ook prima te gebruiken. De revalidatie en helende eigenschappen van wol [&hellip;]<\/p>\n","protected":false},"featured_media":5895,"comment_status":"closed","ping_status":"closed","template":"","meta":{"_acf_changed":false},"product_brand":[],"product_cat":[358],"product_tag":[],"class_list":{"0":"post-6557","1":"product","2":"type-product","3":"status-publish","4":"has-post-thumbnail","6":"product_cat-wollen-yogamat","8":"first","9":"outofstock","10":"taxable","11":"shipping-taxable","12":"purchasable","13":"product-type-simple"},"acf":[],"_links":{"self":[{"href":"https:\/\/woolskins.eu\/it\/wp-json\/wp\/v2\/product\/6557","targetHints":{"allow":["GET"]}}],"collection":[{"href":"https:\/\/woolskins.eu\/it\/wp-json\/wp\/v2\/product"}],"about":[{"href":"https:\/\/woolskins.eu\/it\/wp-json\/wp\/v2\/types\/product"}],"replies":[{"embeddable":true,"href":"https:\/\/woolskins.eu\/it\/wp-json\/wp\/v2\/comments?post=6557"}],"wp:featuredmedia":[{"embeddable":true,"href":"https:\/\/woolskins.eu\/it\/wp-json\/wp\/v2\/media\/5895"}],"wp:attachment":[{"href":"https:\/\/woolskins.eu\/it\/wp-json\/wp\/v2\/media?parent=6557"}],"wp:term":[{"taxonomy":"product_brand","embeddable":true,"href":"https:\/\/woolskins.eu\/it\/wp-json\/wp\/v2\/product_brand?post=6557"},{"taxonomy":"product_cat","embeddable":true,"href":"https:\/\/woolskins.eu\/it\/wp-json\/wp\/v2\/product_cat?post=6557"},{"taxonomy":"product_tag","embeddable":true,"href":"https:\/\/woolskins.eu\/it\/wp-json\/wp\/v2\/product_tag?post=6557"}],"curies":[{"name":"wp","href":"https:\/\/api.w.org\/{rel}","templated":true}]}}