{"id":6499,"date":"2021-09-01T12:52:50","date_gmt":"2021-09-01T12:52:50","guid":{"rendered":"https:\/\/woolskins.eu\/slaap-overall-wol-zijde-ecru"},"modified":"2025-02-06T14:03:43","modified_gmt":"2025-02-06T14:03:43","slug":"tuta-da-lavoro-in-lana-e-seta-ecru","status":"publish","type":"product","link":"https:\/\/woolskins.eu\/it\/slaap-overall-wol-zijde-ecru\/","title":{"rendered":"Engel Natur Salopette lana\/seta Ecru"},"content":{"rendered":"<p>Questo morbidissimo pigiama\/tutina per il tuo bambino \u00e8 realizzato in misto lana\/seta biologica. Sono lussuosi e sono estremamente comodi per il tuo bambino. Hanno bottoni automatici sulla parte superiore del collo e sulle gambe, che li rendono facili da indossare, togliere e cambiare.<\/p>\n<p>La lana regola la temperatura corporea e mantiene il tuo bambino asciutto e comodo. Questo misto lana\/seta \u00e8 estremamente morbido e quindi non prude. Grazie alla lanolina naturalmente contenuta nella lana, \u00e8 resistente allo sporco e all&#039;acqua.<\/p>\n<p>Poich\u00e9 la lanolina \u00e8 anche antibatterica, spesso il lavaggio non \u00e8 necessario. Spesso \u00e8 sufficiente uscire all&#039;aria aperta.<\/p>\n<p>\u2013 Meravigliosamente morbido<br \/>\n\u2013 GOTS (Global Organic Textile Standard), IVN Best<br \/>\n\u2013 Sembra molto leggero, piacevole e caldo<br \/>\n\u2013 La lana \u00e8 traspirante<br \/>\n\u2013 Aiuta il tuo bambino a regolare la temperatura<br \/>\n\u2013 Ideale per il box o come pigiama.<\/p>\n<p>Sono organici e privi di metalli pesanti e coloranti AZO dannosi. Certificato GOTS.<\/p>\n<h5>Angelo<\/h5>\n<p>L&#039;azienda di famiglia produce biancheria intima e abbigliamento da 85 anni. Nel 1982 con la lavorazione del cotone naturale \u00e8 iniziata un&#039;attenzione esemplare e coerente ai tessuti naturali.<\/p>\n<p>Oggi la nostra collezione comprende abiti appositamente progettati per neonati prematuri.<\/p>\n<p>Oltre al cotone da coltivazione biologica controllata (kbA), lavoriamo la lana merino pi\u00f9 pregiata proveniente da allevamento biologico controllato (kbT) e la lana vergine merino naturale (kbT) con seta. Tutti i coloranti utilizzati sono privi di metalli pesanti e sono sempre stati privi di colori AZO dannosi. Per colorare i tessuti di lana utilizziamo solo coloranti reattivi particolarmente stabili con la fibra e caratterizzati da un&#039;elevata solidit\u00e0. Quando si tratta di finissaggio tessile, non utilizziamo finissaggi chimici.<\/p>\n<p>Tutti i materiali utilizzati devono in linea di principio essere biodegradabili e non devono contaminare il suolo, l&#039;aria o l&#039;acqua. Tutte le parti metalliche utilizzate sono prive di nichel, i nostri bottoni sono realizzati con materie prime naturali e rinnovabili. Per garantire i nostri elevati standard di qualit\u00e0, sono stabiliti requisiti corrispondenti per la resistenza alla luce, alla saliva, alla traspirazione, al lavaggio e al restringimento.<\/p>\n<p>Disponiamo di queste propriet\u00e0, insieme ai valori limite dei residui per le sostanze pericolose per l&#039;ambiente e la salute, regolarmente esaminate da laboratori e istituti ambientali indipendenti e certificati.<\/p>","protected":false},"excerpt":{"rendered":"<p>Questo morbidissimo pigiama\/tutina per il tuo bambino \u00e8 realizzato in misto lana\/seta biologica. Hanno bottoni automatici sulla parte superiore del collo e sulle gambe, che li rendono facili da indossare, togliere e cambiare.<\/p>","protected":false},"featured_media":5823,"comment_status":"closed","ping_status":"closed","template":"","meta":{"_acf_changed":false},"product_brand":[],"product_cat":[361,360,363,248,200,344,319],"product_tag":[],"class_list":{"0":"post-6499","1":"product","2":"type-product","3":"status-publish","4":"has-post-thumbnail","6":"product_cat-babyshower","7":"product_cat-cadeautips","8":"product_cat-cadeaus-e25-e50","9":"product_cat-engel_natur","10":"product_cat-wollen-babykleding","11":"product_cat-kleertjes","12":"product_cat-pakjes-en-jasjes","13":"pa_maat-50-56","14":"pa_maat-62-68","16":"first","17":"outofstock","18":"taxable","19":"shipping-taxable","20":"purchasable","21":"product-type-variable"},"acf":[],"_links":{"self":[{"href":"https:\/\/woolskins.eu\/it\/wp-json\/wp\/v2\/product\/6499","targetHints":{"allow":["GET"]}}],"collection":[{"href":"https:\/\/woolskins.eu\/it\/wp-json\/wp\/v2\/product"}],"about":[{"href":"https:\/\/woolskins.eu\/it\/wp-json\/wp\/v2\/types\/product"}],"replies":[{"embeddable":true,"href":"https:\/\/woolskins.eu\/it\/wp-json\/wp\/v2\/comments?post=6499"}],"wp:featuredmedia":[{"embeddable":true,"href":"https:\/\/woolskins.eu\/it\/wp-json\/wp\/v2\/media\/5823"}],"wp:attachment":[{"href":"https:\/\/woolskins.eu\/it\/wp-json\/wp\/v2\/media?parent=6499"}],"wp:term":[{"taxonomy":"product_brand","embeddable":true,"href":"https:\/\/woolskins.eu\/it\/wp-json\/wp\/v2\/product_brand?post=6499"},{"taxonomy":"product_cat","embeddable":true,"href":"https:\/\/woolskins.eu\/it\/wp-json\/wp\/v2\/product_cat?post=6499"},{"taxonomy":"product_tag","embeddable":true,"href":"https:\/\/woolskins.eu\/it\/wp-json\/wp\/v2\/product_tag?post=6499"}],"curies":[{"name":"wp","href":"https:\/\/api.w.org\/{rel}","templated":true}]}}