{"id":6451,"date":"2021-09-01T12:52:12","date_gmt":"2021-09-01T12:52:12","guid":{"rendered":"https:\/\/woolskins.eu\/alwero-baby-winterpak-lammy-ecru"},"modified":"2026-04-24T20:43:59","modified_gmt":"2026-04-24T20:43:59","slug":"alwero-baby-tuta-invernale-lammy-ecru","status":"publish","type":"product","link":"https:\/\/woolskins.eu\/it\/alwero-baby-winterpak-lammy-ecru\/","title":{"rendered":"Abito invernale da bambino in lana sfogliato | Ecru"},"content":{"rendered":"<p>Dit product is gemaakt van\u00a0<strong>zuivere scheerwol met Oeko-Tex keurmerk<\/strong>. Dit winterpak wordt gedragen over de kleding, houdt daar rekening mee wat de juiste maat betreft.<\/p>\n<p>\u2013 Gemaakt van\u00a0zuivere scheerwol met Oeko-Tex keurmerk.<br \/>\n\u2013 Guanti e piedini integrati nella manica e nella gamba.<br \/>\n\u2013 L&#039;apertura continua nel tubo.<br \/>\n\u2013 lavabile a 30\u00b0C programma lavaggio lana.<br \/>\n\u2013 Guarda &#039;Taglie in centimetri&#039; per la misura corretta in cm.<\/p>\n<p>Le nostre tute invernali in Eco Lana sono molto adatte ai pi\u00f9 piccoli grazie alle propriet\u00e0 naturali delle fibre di lana. Questi respirano e hanno la propriet\u00e0 di agire come un termostato naturale che regola la temperatura corporea? Questo aiuta il tuo bambino a mantenere una temperatura stabile e lo mantiene asciutto e comodo.<\/p>\n<h5 class=\"Text1893342656__root Text1893342656---typography-11-runningText Text1893342656---priority-7-primary s8gg2 _2UIKs InfoSectionTitle3095652555__root\" aria-hidden=\"false\" data-hook=\"info-section-title\">Dimensioni in centimetri<\/h5>\n<div class=\"rah-static rah-static--height-auto\" aria-hidden=\"false\">\n<div>\n<div class=\"_1yvxJ fggS- cell\">\n<div class=\"WncCi\" data-hook=\"info-section-description\">\n<p>Taglia: 0-6 mesi Lunghezza: 60 cm (dalla spalla al fondo) Larghezza: 30 cm (ascella).<br \/>\nTaglia: 6-18 mesi Lunghezza: 68 cm (dalla spalla al fondo) Larghezza: 33 cm (ascella).<\/p>\n<\/div>\n<\/div>\n<\/div>\n<\/div>\n<div class=\"rah-static rah-static--height-auto\" aria-hidden=\"false\">\n<div class=\"_1yvxJ fggS- cell\">\n<div class=\"WncCi\" data-hook=\"info-section-description\">\n<h5>Etichetta di pelli di lana<\/h5>\n<p class=\"brz-lh-xs-1_8 brz-fs-xs-17 brz-text-xs-center brz-text-lg-center brz-tp-lg-empty brz-ff-roboto brz-ft-google brz-fs-lg-17 brz-fss-lg-px brz-fw-lg-400 brz-ls-lg-0 brz-lh-lg-1_8 brz-css-xtqtg\" data-generated-css=\"brz-css-djhzh\" data-uniq-id=\"odjfi\">Noi di Woolskins crediamo nel potere della natura pura. Progettiamo e realizziamo prodotti eleganti, morbidi e resistenti in lana 100%, specialmente per i pi\u00f9 piccoli. La nostra collezione Woolskins \u00e8 progettata da noi stessi e prodotta con cura in Europa, utilizzando lana della migliore qualit\u00e0. Scegliamo consapevolmente una produzione locale con materiali naturali e sostenibili. In questo modo, garantiamo non solo qualit\u00e0 e morbidezza, ma anche un prodotto onesto e responsabile. Woolskins avvolge il vostro bambino con la morbidezza della natura pura, progettata con amore e cura. Per un inizio di vita sicuro, naturale e confortevole.<\/p>\n<\/div>\n<\/div>\n<\/div>","protected":false},"excerpt":{"rendered":"<p data-start=\"99\" data-end=\"426\">Dit wollen winterpak zit heerlijk comfortabel en houdt je kindje aangenaam warm. Het is gemaakt van zuivere scheerwol met Oeko-Tex keurmerk, waardoor het zacht en veilig is voor de gevoelige babyhuid. Het pak zorgt ervoor dat je kindje helemaal klaar is voor frisse momenten buiten, zonder in te leveren op bewegingsvrijheid.<\/p>\n<p data-start=\"428\" data-end=\"832\" data-is-last-node=\"\" data-is-only-node=\"\">De opening loopt extra ver door, zodat je je baby gemakkelijk aan- en uit kunt kleden. Dankzij de praktische omslagjes aan handen en voeten blijven ook deze goed beschermd tegen de kou. Het winterpak is geschikt voor het voorjaar, najaar \u00e9n de winter. Door de natuurlijke, ademende en absorberende eigenschappen van wol blijft de lichaamstemperatuur goed in balans en zal je kindje niet snel gaan zweten.<\/p>\n<p><strong>Marca: Woolskin<\/strong><br \/>\n<strong>Produzione: Polonia<br \/>\nKeur: Oeko-Tex Standard<\/strong><\/p>\n<p><img loading=\"lazy\" decoding=\"async\" class=\"alignnone wp-image-28173 entered lazyloaded\" src=\"https:\/\/woolskins.eu\/wp-content\/uploads\/2024\/05\/csm_OEKO-TEX_Logo_2022_rgb_c1aaeb5ceb-300x300.jpg\" alt=\"\" width=\"89\" height=\"89\" data-lazy-src=\"https:\/\/woolskins.eu\/wp-content\/uploads\/2024\/05\/csm_OEKO-TEX_Logo_2022_rgb_c1aaeb5ceb-300x300.jpg\" data-ll-status=\"loaded\" srcset=\"https:\/\/woolskins.eu\/wp-content\/uploads\/2024\/05\/csm_OEKO-TEX_Logo_2022_rgb_c1aaeb5ceb-300x300.jpg 300w, https:\/\/woolskins.eu\/wp-content\/uploads\/2024\/05\/csm_OEKO-TEX_Logo_2022_rgb_c1aaeb5ceb-150x150.jpg 150w, https:\/\/woolskins.eu\/wp-content\/uploads\/2024\/05\/csm_OEKO-TEX_Logo_2022_rgb_c1aaeb5ceb-768x769.jpg 768w, https:\/\/woolskins.eu\/wp-content\/uploads\/2024\/05\/csm_OEKO-TEX_Logo_2022_rgb_c1aaeb5ceb-12x12.jpg 12w, https:\/\/woolskins.eu\/wp-content\/uploads\/2024\/05\/csm_OEKO-TEX_Logo_2022_rgb_c1aaeb5ceb-600x601.jpg 600w, https:\/\/woolskins.eu\/wp-content\/uploads\/2024\/05\/csm_OEKO-TEX_Logo_2022_rgb_c1aaeb5ceb-100x100.jpg 100w, https:\/\/woolskins.eu\/wp-content\/uploads\/2024\/05\/csm_OEKO-TEX_Logo_2022_rgb_c1aaeb5ceb-64x64.jpg 64w, https:\/\/woolskins.eu\/wp-content\/uploads\/2024\/05\/csm_OEKO-TEX_Logo_2022_rgb_c1aaeb5ceb.jpg 885w\" sizes=\"auto, (max-width: 89px) 100vw, 89px\" \/><\/p>","protected":false},"featured_media":13393,"comment_status":"closed","ping_status":"closed","template":"","meta":{"_acf_changed":false},"product_brand":[],"product_cat":[364,200,196,344,463,319,194],"product_tag":[],"class_list":{"0":"post-6451","1":"product","2":"type-product","3":"status-publish","4":"has-post-thumbnail","6":"product_cat-cadeaus-vanaf-e50","7":"product_cat-wollen-babykleding","8":"product_cat-slaapkleding-baby","9":"product_cat-kleertjes","10":"product_cat-winterpak","11":"product_cat-pakjes-en-jasjes","12":"product_cat-wollen-babyproducten","13":"pa_maat-0-6-maanden","14":"pa_maat-6-18-maanden","16":"first","17":"instock","18":"taxable","19":"shipping-taxable","20":"purchasable","21":"product-type-variable"},"acf":[],"_links":{"self":[{"href":"https:\/\/woolskins.eu\/it\/wp-json\/wp\/v2\/product\/6451","targetHints":{"allow":["GET"]}}],"collection":[{"href":"https:\/\/woolskins.eu\/it\/wp-json\/wp\/v2\/product"}],"about":[{"href":"https:\/\/woolskins.eu\/it\/wp-json\/wp\/v2\/types\/product"}],"replies":[{"embeddable":true,"href":"https:\/\/woolskins.eu\/it\/wp-json\/wp\/v2\/comments?post=6451"}],"wp:featuredmedia":[{"embeddable":true,"href":"https:\/\/woolskins.eu\/it\/wp-json\/wp\/v2\/media\/13393"}],"wp:attachment":[{"href":"https:\/\/woolskins.eu\/it\/wp-json\/wp\/v2\/media?parent=6451"}],"wp:term":[{"taxonomy":"product_brand","embeddable":true,"href":"https:\/\/woolskins.eu\/it\/wp-json\/wp\/v2\/product_brand?post=6451"},{"taxonomy":"product_cat","embeddable":true,"href":"https:\/\/woolskins.eu\/it\/wp-json\/wp\/v2\/product_cat?post=6451"},{"taxonomy":"product_tag","embeddable":true,"href":"https:\/\/woolskins.eu\/it\/wp-json\/wp\/v2\/product_tag?post=6451"}],"curies":[{"name":"wp","href":"https:\/\/api.w.org\/{rel}","templated":true}]}}