{"id":6444,"date":"2021-09-01T12:52:12","date_gmt":"2021-09-01T12:52:12","guid":{"rendered":"https:\/\/woolskins.eu\/overall-broekje-grijs-100-baby-alpaca-wol"},"modified":"2025-02-20T10:04:17","modified_gmt":"2025-02-20T10:04:17","slug":"pantaloni-overall-grigio-100-lana-baby-alpaca","status":"publish","type":"product","link":"https:\/\/woolskins.eu\/it\/overall-broekje-grijs-100-baby-alpaca-wol\/","title":{"rendered":"Pantaloni Salopette Grigi 100% Lana Baby Alpaca"},"content":{"rendered":"<p>Non c&#039;\u00e8 niente come una tuta con cui giocare. Con bellissime cinghie in pelle e corpo in baby alpaca, il tuo piccolo sar\u00e0 meravigliosamente comodo.<\/p>\n<p>\u2013 Taglia unica 3 \u2013 6 mesi<br \/>\n\u2013 \u00c8 leggero e molto morbido<br \/>\n\u2013 \u00c8 termico, quindi rinfrescante d\u2019estate e bello e caldo d\u2019inverno<br \/>\n\u2013 \u00c8 4 volte meno \u201csensibile all\u2019usura\u201d della lana merino<br \/>\n\u2013 Non si restringe dopo il lavaggio<br \/>\n\u2013 100% cucciolo di alpaca<br \/>\n\u2013 100% biologico secondo Oeko-Tex\u00ae Standard 100<\/p>\n<p>La lana di alpaca \u00e8 ancora pi\u00f9 morbida della lana merino e isola leggermente meglio della lana normale. Lo fa in modo dinamico, rendendo la lana piacevole e calda d&#039;inverno e fresca d&#039;estate. Ha una lucentezza morbida e quindi sembra molto lussuoso. La lana di baby alpaca si riferisce ai peli pi\u00f9 fini dell&#039;alpaca adulto. \u00c8 leggero e molto morbido.<\/p>\n<h5 class=\"Text1893342656__root Text1893342656---typography-11-runningText Text1893342656---priority-7-primary s8gg2 _2UIKs InfoSectionTitle3095652555__root\" aria-hidden=\"false\" data-hook=\"info-section-title\">Lana di alpaca baby<\/h5>\n<div class=\"rah-static rah-static--height-auto\" aria-hidden=\"false\">\n<div>\n<div class=\"_1yvxJ fggS- cell\">\n<div class=\"WncCi\" data-hook=\"info-section-description\">\n<p>La struttura della fibra della Lana Baby Alpaca \u00e8 molto fine e la morbidezza \u00e8 paragonabile alla lana cashmere, ma ancora pi\u00f9 morbida. La lana di alpaca \u00e8 nota per la sua qualit\u00e0 superiore, \u00e8 molto morbida sulla pelle ed \u00e8 ipoallergenica. La lana di baby alpaca \u00e8 la lana di alpaca pi\u00f9 morbida fin dalla prima tosatura. Baby alpaca non significa che la lana proviene da baby alpaca, ma che viene utilizzata solo la lana pi\u00f9 pregiata. Ha un diametro di circa 20 micron, che \u00e8 incredibilmente sottile: un micron equivale a 0,001 millimetri. Pi\u00f9 sottile \u00e8 la lana, pi\u00f9 morbido \u00e8 il prodotto.<\/p>\n<h5>Piccolo colibr\u00ec<\/h5>\n<p class=\"\">PETIT KOLIBRI nasce da un amore incondizionato per i prodotti autentici, biologici e naturali. I nostri prodotti nascono da un impegno costante nel promuovere la sostenibilit\u00e0 ambientale e pratiche commerciali consapevoli nelle comunit\u00e0 locali dell\u2019America Latina.<\/p>\n<p class=\"\">Tutto il nostro abbigliamento biologico in alpaca e baby alpaca viene acquistato con cura e attenzione in un rapporto reciprocamente vantaggioso e trasparente con i nostri fornitori. I prodotti finali prendono vita in condizioni eque da un collettivo di artigiani in Colombia e Per\u00f9. Il commercio equo e solidale \u00e8 diventato il nostro principio guida.<\/p>\n<p class=\"\">I bambini sono la popolazione di domani. L\u2019impatto che avranno sul nostro pianeta sar\u00e0 influenzato dai principi che insegniamo loro oggi. Il nostro lavoro a maglia minimalista dal design organico \u00e8 fatto per tutte le piccole avventure!<\/p>\n<p>Il nostro obiettivo \u00e8 fornire abbigliamento e accessori sicuri per i bambini, perch\u00e9 crediamo che i prodotti che i bambini toccano debbano essere allo stato pi\u00f9 puro e non trattato. Siamo orgogliosi di offrire prodotti biologici privi di sostanze nocive, certificati dallo Standard 100 by OEKO-TEX\u00ae. La lana che utilizziamo presso PETIT KOLIBRI proviene dal Per\u00f9, uno dei pi\u00f9 importanti paesi esportatori di lana di alpaca.<\/p>\n<\/div>\n<\/div>\n<\/div>\n<\/div>","protected":false},"excerpt":{"rendered":"<p>Non c&#039;\u00e8 niente come una tuta con cui giocare. Con bellissime cinghie in pelle e corpo in baby alpaca, il tuo piccolo sar\u00e0 meravigliosamente comodo.<\/p>","protected":false},"featured_media":5748,"comment_status":"closed","ping_status":"closed","template":"","meta":{"_acf_changed":false},"product_brand":[],"product_cat":[361,360,364,200,232,322,319],"product_tag":[],"class_list":{"0":"post-6444","1":"product","2":"type-product","3":"status-publish","4":"has-post-thumbnail","6":"product_cat-babyshower","7":"product_cat-cadeautips","8":"product_cat-cadeaus-vanaf-e50","9":"product_cat-wollen-babykleding","10":"product_cat-petit-kolibri","11":"product_cat-broekjes","12":"product_cat-pakjes-en-jasjes","14":"first","15":"instock","16":"taxable","17":"shipping-taxable","18":"purchasable","19":"product-type-simple"},"acf":[],"_links":{"self":[{"href":"https:\/\/woolskins.eu\/it\/wp-json\/wp\/v2\/product\/6444","targetHints":{"allow":["GET"]}}],"collection":[{"href":"https:\/\/woolskins.eu\/it\/wp-json\/wp\/v2\/product"}],"about":[{"href":"https:\/\/woolskins.eu\/it\/wp-json\/wp\/v2\/types\/product"}],"replies":[{"embeddable":true,"href":"https:\/\/woolskins.eu\/it\/wp-json\/wp\/v2\/comments?post=6444"}],"wp:featuredmedia":[{"embeddable":true,"href":"https:\/\/woolskins.eu\/it\/wp-json\/wp\/v2\/media\/5748"}],"wp:attachment":[{"href":"https:\/\/woolskins.eu\/it\/wp-json\/wp\/v2\/media?parent=6444"}],"wp:term":[{"taxonomy":"product_brand","embeddable":true,"href":"https:\/\/woolskins.eu\/it\/wp-json\/wp\/v2\/product_brand?post=6444"},{"taxonomy":"product_cat","embeddable":true,"href":"https:\/\/woolskins.eu\/it\/wp-json\/wp\/v2\/product_cat?post=6444"},{"taxonomy":"product_tag","embeddable":true,"href":"https:\/\/woolskins.eu\/it\/wp-json\/wp\/v2\/product_tag?post=6444"}],"curies":[{"name":"wp","href":"https:\/\/api.w.org\/{rel}","templated":true}]}}