{"id":6419,"date":"2021-09-01T12:51:50","date_gmt":"2021-09-01T12:51:50","guid":{"rendered":"https:\/\/woolskins.eu\/baby-slaapzak-lammy-camel"},"modified":"2026-05-06T12:31:54","modified_gmt":"2026-05-06T12:31:54","slug":"sacco-a-pelo-alwero-lammy-cammello","status":"publish","type":"product","link":"https:\/\/woolskins.eu\/it\/alwero-slaapzak-lammy-camel\/","title":{"rendered":"Sacco nanna in lana per bambino \u2013 Thumbed | Cammello"},"content":{"rendered":"<p>Il nostro sacco nanna in eco lana \u00e8 molto adatto ai pi\u00f9 piccoli grazie alle propriet\u00e0 naturali delle fibre di lana. Questi respirano e hanno la propriet\u00e0 di agire come un termostato naturale che regola la temperatura corporea.<\/p>\n<p>Questo aiuta il tuo bambino a mantenere una temperatura stabile e lo mantiene asciutto e comodo. Lo fa \u201cdinamicamente\u201d, nel senso che avviene quando \u00e8 necessario e non quando non \u00e8 necessario. Questi sacchi a pelo in lana sono caldi d&#039;inverno e freschi d&#039;estate.<\/p>\n<p>La dimensione del collo \u00e8 regolabile grazie ai doppi bottoni a pressione e ha una lunga cerniera in modo che l&#039;intero sacco a pelo possa essere facilmente aperto.<\/p>\n<p>Taglia 0-6 mesi: lunghezza 67 cm (dalla chiusura delle spalle al fondo).<\/p>\n<p>Questo prodotto ha il marchio di qualit\u00e0 Safe for Children e Woolmark.<\/p>\n<h5>Etichetta privata di lana prodotta da Alwero<\/h5>\n<p>Dopo anni di collaborazione di successo con Alwero, possiamo annunciare con orgoglio che possiamo portare Alwero sotto la nostra etichetta Woolskins.<\/p>\n<p>In questo modo ottieni comunque la migliore qualit\u00e0 di Alwero combinata con i prodotti\/design pi\u00f9 belli e unici di Woolskins.<\/p>\n<p>Cosa cambia allora? Non cos\u00ec tanto! La qualit\u00e0, i tessuti e i colori rimangono gli stessi, ma c&#039;\u00e8 una scelta pi\u00f9 ampia di prodotti unici che secondo Woolskins possono distinguersi e che rappresentano una buona aggiunta al set per bambini.<\/p>\n<p>Puoi riconoscere i nostri prodotti dall&#039;etichetta Woolskins e l&#039;etichetta di lavaggio mostra che sono stati prodotti da Alwero.<\/p>\n<p>Uniamo con entusiasmo le forze per creare un prodotto sostenibile, naturale e confortevole per il tuo bambino.<\/p>\n<h5>Alwero<\/h5>\n<p>L&#039;azienda di famiglia nasce alla fine degli anni &#039;90 dall&#039;esigenza di creare qualcosa. In mezzo alla natura dove le pecore pascolano in montagna, ALWERO trova la materia prima unica di cui parla: la lana grezza.<\/p>\n<p>Unendo antiche tradizioni e innovazione tecnica, ALWERO crea un mondo di comfort.La conoscenza, l&#039;artigianato e l&#039;amore per la lana hanno fatto s\u00ec che i prodotti ALWERO siano apprezzati in tutto il mondo.<\/p>","protected":false},"excerpt":{"rendered":"<p>Se stai cercando un sacco nanna comodo e caldo per il tuo bambino, la lana \u00e8 un&#039;ottima scelta. La lana ha molti benefici che aiutano il tuo bambino a dormire bene, in ogni stagione dell&#039;anno.<\/p>\n<p>Il nostro leggero sacco a pelo in lana ecologica \u00e8 traspirante e ha la capacit\u00e0 di agire come un termostato naturale che regola la temperatura corporea, aiutando il bambino a riposare e dormire serenamente. Questo sacco nanna \u00e8 molto adatto ai pi\u00f9 piccoli grazie ai doppi bottoni a pressione che consentono di rendere l'apertura del collo pi\u00f9 o meno grande. La zip lunga apre l'intero sacco a pelo per facilitare il cambio. Il sacco nanna in lana aiuta il bambino a mantenere una temperatura stabile e lo mantiene asciutto e comodo. Lo fa in modo \u2018dinamico\u2019, cio\u00e8 quando serve e non quando non serve. Questi sacchi nanna in lana sono quindi caldi in inverno e freschi in estate.<\/p>\n<p><strong>Marca: Woolskin<\/strong><br \/>\n<strong>Produttore: Woolskins Private Lable \u00e8 prodotto da Alwero<\/strong><\/p>","protected":false},"featured_media":5714,"comment_status":"closed","ping_status":"closed","template":"","meta":{"_acf_changed":false},"product_brand":[],"product_cat":[361,360,364,196,370,194],"product_tag":[],"class_list":{"0":"post-6419","1":"product","2":"type-product","3":"status-publish","4":"has-post-thumbnail","6":"product_cat-babyshower","7":"product_cat-cadeautips","8":"product_cat-cadeaus-vanaf-e50","9":"product_cat-slaapkleding-baby","10":"product_cat-slaapzakken","11":"product_cat-wollen-babyproducten","12":"pa_maat-0-6-maanden","13":"pa_maat-6-12-maanden","15":"first","16":"outofstock","17":"taxable","18":"shipping-taxable","19":"purchasable","20":"product-type-variable"},"acf":[],"_links":{"self":[{"href":"https:\/\/woolskins.eu\/it\/wp-json\/wp\/v2\/product\/6419","targetHints":{"allow":["GET"]}}],"collection":[{"href":"https:\/\/woolskins.eu\/it\/wp-json\/wp\/v2\/product"}],"about":[{"href":"https:\/\/woolskins.eu\/it\/wp-json\/wp\/v2\/types\/product"}],"replies":[{"embeddable":true,"href":"https:\/\/woolskins.eu\/it\/wp-json\/wp\/v2\/comments?post=6419"}],"wp:featuredmedia":[{"embeddable":true,"href":"https:\/\/woolskins.eu\/it\/wp-json\/wp\/v2\/media\/5714"}],"wp:attachment":[{"href":"https:\/\/woolskins.eu\/it\/wp-json\/wp\/v2\/media?parent=6419"}],"wp:term":[{"taxonomy":"product_brand","embeddable":true,"href":"https:\/\/woolskins.eu\/it\/wp-json\/wp\/v2\/product_brand?post=6419"},{"taxonomy":"product_cat","embeddable":true,"href":"https:\/\/woolskins.eu\/it\/wp-json\/wp\/v2\/product_cat?post=6419"},{"taxonomy":"product_tag","embeddable":true,"href":"https:\/\/woolskins.eu\/it\/wp-json\/wp\/v2\/product_tag?post=6419"}],"curies":[{"name":"wp","href":"https:\/\/api.w.org\/{rel}","templated":true}]}}