{"id":6415,"date":"2021-09-01T12:51:50","date_gmt":"2021-09-01T12:51:50","guid":{"rendered":"https:\/\/woolskins.eu\/baby-slaapzak-lammy-beige"},"modified":"2026-05-06T12:33:35","modified_gmt":"2026-05-06T12:33:35","slug":"sacco-a-pelo-alwero-lammy-beige","status":"publish","type":"product","link":"https:\/\/woolskins.eu\/it\/alwero-slaapzak-lammy-beige\/","title":{"rendered":"Sacco nanna in lana per bambino \u2013 Thumbed | Beige"},"content":{"rendered":"<p>La dimensione del collo \u00e8 regolabile grazie ai doppi bottoni a pressione e ha una lunga cerniera in modo che l&#039;intero sacco a pelo possa essere facilmente aperto.<\/p>\n<p>\u2013 100% lana vergine Thullata con marchio di qualit\u00e0 Woolmark.<br \/>\n\u2013 Struttura liscia, morbida e Teddy Plush.<br \/>\n\u2013 Buone propriet\u00e0 termiche.<br \/>\n\u2013 Per la casa e in viaggio.<br \/>\n\u2013 Taglia: 0\/6 mesi 67 cm, 6\/12 mesi 82 cm.<br \/>\n\u2013 Produzione europea.<br \/>\n\u2013 lavabile a 30\u00b0C programma lavaggio lana.<\/p>\n<p>I nostri sacchi nanna Eco Lana sono molto adatti ai pi\u00f9 piccoli grazie alle propriet\u00e0 naturali delle fibre di lana. Questi respirano e hanno la propriet\u00e0 di agire come un termostato naturale che regola la temperatura corporea? Questo aiuta il tuo bambino a mantenere una temperatura stabile e lo mantiene asciutto e comodo. Lo fa \u201cdinamicamente\u201d, nel senso che avviene quando \u00e8 necessario e non quando non \u00e8 necessario.<\/p>\n<p>Questo prodotto ha il marchio di qualit\u00e0 Safe for Children e Woolmark.<\/p>\n<h5>Etichetta di pelli di lana<\/h5>\n<p>Dopo anni di collaborazione di successo con Alwero, possiamo annunciare con orgoglio che ora portiamo i nostri prodotti sotto la nostra etichetta Woolskins.<\/p>\n<p>In questo modo ottieni comunque la migliore qualit\u00e0, ma combinata con i prodotti e i design pi\u00f9 belli e unici.<\/p>\n<p>La qualit\u00e0 dei tessuti e dei colori rimane quella di sempre, ma ora c&#039;\u00e8 una scelta pi\u00f9 ampia che secondo Woolskins pu\u00f2 distinguersi.<\/p>\n<p>La nostra ampia collezione \u00e8 composta in modo tale da costituire una buona aggiunta a qualsiasi set per neonati, realizzata in lana europea 100% che respira ed \u00e8 adatta ad ogni stagione.<\/p>\n<p>Uniamo con entusiasmo le forze per creare un prodotto sostenibile, naturale e confortevole per il tuo bambino.<\/p>","protected":false},"excerpt":{"rendered":"<p>Se stai cercando un sacco nanna comodo e caldo per il tuo bambino, la lana \u00e8 un&#039;ottima scelta. La lana ha molti benefici che aiutano il tuo bambino a dormire bene, in ogni stagione dell&#039;anno.<\/p>\n<p>Il nostro leggero sacco a pelo in lana ecologica \u00e8 traspirante e ha la capacit\u00e0 di agire come un termostato naturale che regola la temperatura corporea, aiutando il bambino a riposare e dormire serenamente. Questo sacco nanna \u00e8 molto adatto ai pi\u00f9 piccoli grazie ai doppi bottoni a pressione che consentono di rendere l'apertura del collo pi\u00f9 o meno grande. La zip lunga apre l'intero sacco a pelo per facilitare il cambio. Il sacco nanna in lana aiuta il bambino a mantenere una temperatura stabile e lo mantiene asciutto e comodo. Lo fa in modo \u2018dinamico\u2019, cio\u00e8 quando serve e non quando non serve. Questi sacchi nanna in lana sono quindi caldi in inverno e freschi in estate.<\/p>\n<p><strong>Marca: Woolskin<\/strong><br \/>\n<strong>Produzione: Polonia<\/strong><\/p>","protected":false},"featured_media":17552,"comment_status":"closed","ping_status":"closed","template":"","meta":{"_acf_changed":false},"product_brand":[],"product_cat":[361,360,364,196,370,194],"product_tag":[414],"class_list":{"0":"post-6415","1":"product","2":"type-product","3":"status-publish","4":"has-post-thumbnail","6":"product_cat-babyshower","7":"product_cat-cadeautips","8":"product_cat-cadeaus-vanaf-e50","9":"product_cat-slaapkleding-baby","10":"product_cat-slaapzakken","11":"product_cat-wollen-babyproducten","12":"product_tag-alwero-slaapzak","13":"pa_maat-0-6-maanden","14":"pa_maat-6-12-maanden","16":"first","17":"instock","18":"taxable","19":"shipping-taxable","20":"purchasable","21":"product-type-variable"},"acf":[],"_links":{"self":[{"href":"https:\/\/woolskins.eu\/it\/wp-json\/wp\/v2\/product\/6415","targetHints":{"allow":["GET"]}}],"collection":[{"href":"https:\/\/woolskins.eu\/it\/wp-json\/wp\/v2\/product"}],"about":[{"href":"https:\/\/woolskins.eu\/it\/wp-json\/wp\/v2\/types\/product"}],"replies":[{"embeddable":true,"href":"https:\/\/woolskins.eu\/it\/wp-json\/wp\/v2\/comments?post=6415"}],"wp:featuredmedia":[{"embeddable":true,"href":"https:\/\/woolskins.eu\/it\/wp-json\/wp\/v2\/media\/17552"}],"wp:attachment":[{"href":"https:\/\/woolskins.eu\/it\/wp-json\/wp\/v2\/media?parent=6415"}],"wp:term":[{"taxonomy":"product_brand","embeddable":true,"href":"https:\/\/woolskins.eu\/it\/wp-json\/wp\/v2\/product_brand?post=6415"},{"taxonomy":"product_cat","embeddable":true,"href":"https:\/\/woolskins.eu\/it\/wp-json\/wp\/v2\/product_cat?post=6415"},{"taxonomy":"product_tag","embeddable":true,"href":"https:\/\/woolskins.eu\/it\/wp-json\/wp\/v2\/product_tag?post=6415"}],"curies":[{"name":"wp","href":"https:\/\/api.w.org\/{rel}","templated":true}]}}