{"id":6357,"date":"2021-09-01T12:50:56","date_gmt":"2021-09-01T12:50:56","guid":{"rendered":"https:\/\/woolskins.eu\/weer-windbalsem-lanoline-40ml-lanacare"},"modified":"2026-05-04T14:51:24","modified_gmt":"2026-05-04T14:51:24","slug":"balsamo-vento-meteo-lanolina-40ml-lanacare","status":"publish","type":"product","link":"https:\/\/woolskins.eu\/it\/weer-windbalsem-lanoline-40ml-lanacare\/","title":{"rendered":"LANACare Balsamo alla lanolina - Per bambini, madri e pelli sensibili (40 ml)"},"content":{"rendered":"<p data-start=\"482\" data-end=\"790\">LANACare Lanolin Balm \u00e8 una crema versatile e naturale a base di lanolina ipoallergenica 100%. Adatto sia per i bambini che per le mamme, questo balsamo protegge e ripristina efficacemente la pelle sensibile, dalle guance screpolate ai capezzoli doloranti durante l'allattamento.<\/p>\n<p data-start=\"792\" data-end=\"1153\">Questo ricco balsamo forma un sottile strato antibatterico naturale che protegge la pelle senza sigillarla. Ideale in caso di freddo e intemperie, nonch\u00e9 in caso di eritema da pannolino, macchie secche o pelle screpolata. La lanolina favorisce il naturale processo di guarigione delle ferite e supporta una barriera cutanea sana sia nei bambini che negli adulti.<\/p>\n<p data-start=\"1155\" data-end=\"1418\">Per le madri che allattano al seno, il balsamo lenisce e cura i capezzoli secchi, doloranti o screpolati. Grazie alla sicurezza degli ingredienti, non \u00e8 necessario rimuovere il balsamo prima della poppata: \u00e8 completamente sicuro sia per la madre che per il bambino.<\/p>\n<p data-start=\"1420\" data-end=\"1744\">Il balsamo LANACare contiene solo ingredienti biologici e rispettosi della pelle: lanolina pura e trigliceridi alimentari. Senza profumo, coloranti o conservanti. La sua consistenza morbida rende il balsamo facile da applicare e si assorbe bene senza lasciare una sensazione di unto.<\/p>\n<p data-start=\"1746\" data-end=\"2031\"><strong>Adatto per:<\/strong><br data-start=\"1762\" data-end=\"1765\" \/>- Protezione della pelle del bambino (ad es. in caso di freddo o vento)<br data-start=\"1818\" data-end=\"1821\" \/>- Lenisce le aree screpolate, secche o sensibili<br data-start=\"1874\" data-end=\"1877\" \/>- Trattamento dell'eritema da pannolino<br data-start=\"1911\" data-end=\"1914\" \/>- Cura del capezzolo durante l'allattamento<br data-start=\"1962\" data-end=\"1965\" \/>- Utilizzato da adulti con pelle secca o sensibile ai problemi<\/p>\n<p data-start=\"2033\" data-end=\"2241\">Questa crema alla lanolina ha il marchio A del Consiglio danese dei consumatori, che garantisce l'assenza di sostanze chimiche problematiche. Una scelta sicura per l'uso quotidiano, fin dal primo giorno.<\/p>\n<h5 class=\"font_2\">Storia di LANACare<\/h5>\n<p>LANACare \u00e8 stata fondata nel 1990 dall&#039;infermiera danese Jeannette Almstr\u00f8m in Danimarca. Come madre di 3 figli, Jeannette Almstr\u00f8m ha sviluppato una gamma di prodotti per mamme e neonati in pura lana merino biologica. Il suo background come infermiera e la formazione professionale nel settore tessile e del design si sono rivelati una perfetta combinazione di competenze. Ogni articolo LANACare \u00e8 progettato per promuovere la salute e il benessere di mamma e bambino, fornendo il comfort rilassante e il calore traspirante che solo la pura lana pu\u00f2 fornire.<\/p>\n<p><span class=\"wixGuard\">\u200b<\/span>Oggi, tutte le attivit\u00e0 LANACare sono gestite dalla stessa Jeannette Almtr\u00f8m, appassionata di ricerca di materiali nuovi e sostenibili da utilizzare in nuovi prodotti che promuovano non solo la salute di un individuo, ma anche quella della nostra Madre Terra.<\/p>\n<p><span class=\"wixGuard\">\u200b<\/span>Nel corso degli anni le quantit\u00e0 produttive e distributive di LANACare si sono sviluppate enormemente. I prodotti sono ora venduti in 28 paesi in tutto il mondo.<\/p>\n<p>&nbsp;<\/p>","protected":false},"excerpt":{"rendered":"<h3 data-start=\"171\" data-end=\"244\"><strong data-start=\"175\" data-end=\"242\">LANACare Balsamo alla lanolina - 100% Naturale e versatile (40 ml)<\/strong><\/h3>\n<p data-start=\"245\" data-end=\"751\">Un balsamo ricco e ipoallergenico a base di lanolina pura, adatto sia ai bambini che alle mamme.<br data-start=\"337\" data-end=\"340\" \/>Protegge la pelle sensibile nella stagione fredda, lenisce l'eritema da pannolino e aiuta le zone secche o screpolate.<br data-start=\"452\" data-end=\"455\" \/>Ideale anche per le madri con capezzoli doloranti durante l'allattamento: sicuro, antibatterico e non deve essere rimosso prima della poppata.<br data-start=\"601\" data-end=\"604\" \/>Senza profumo n\u00e9 conservanti.<\/p>\n<p data-start=\"245\" data-end=\"751\">Per il bambino, la madre e la pelle sensibile<br data-start=\"712\" data-end=\"715\" \/>Marchio A del Consiglio danese dei consumatori<\/p>\n<p data-start=\"245\" data-end=\"751\"><strong>Marchio: Lanacare<\/strong><br \/>\n<strong>Produzione: Lituania<\/strong><\/p>","protected":false},"featured_media":5624,"comment_status":"closed","ping_status":"closed","template":"","meta":{"_acf_changed":false},"product_brand":[],"product_cat":[349,360,362,353,225],"product_tag":[],"class_list":{"0":"post-6357","1":"product","2":"type-product","3":"status-publish","4":"has-post-thumbnail","6":"product_cat-borstvoedingenvoedingskussens","7":"product_cat-cadeautips","8":"product_cat-cadeaus-tot-e-25","9":"product_cat-lanacare","10":"product_cat-tepelzalf-zoogcompressen","12":"first","13":"instock","14":"taxable","15":"shipping-taxable","16":"purchasable","17":"product-type-simple"},"acf":[],"_links":{"self":[{"href":"https:\/\/woolskins.eu\/it\/wp-json\/wp\/v2\/product\/6357","targetHints":{"allow":["GET"]}}],"collection":[{"href":"https:\/\/woolskins.eu\/it\/wp-json\/wp\/v2\/product"}],"about":[{"href":"https:\/\/woolskins.eu\/it\/wp-json\/wp\/v2\/types\/product"}],"replies":[{"embeddable":true,"href":"https:\/\/woolskins.eu\/it\/wp-json\/wp\/v2\/comments?post=6357"}],"wp:featuredmedia":[{"embeddable":true,"href":"https:\/\/woolskins.eu\/it\/wp-json\/wp\/v2\/media\/5624"}],"wp:attachment":[{"href":"https:\/\/woolskins.eu\/it\/wp-json\/wp\/v2\/media?parent=6357"}],"wp:term":[{"taxonomy":"product_brand","embeddable":true,"href":"https:\/\/woolskins.eu\/it\/wp-json\/wp\/v2\/product_brand?post=6357"},{"taxonomy":"product_cat","embeddable":true,"href":"https:\/\/woolskins.eu\/it\/wp-json\/wp\/v2\/product_cat?post=6357"},{"taxonomy":"product_tag","embeddable":true,"href":"https:\/\/woolskins.eu\/it\/wp-json\/wp\/v2\/product_tag?post=6357"}],"curies":[{"name":"wp","href":"https:\/\/api.w.org\/{rel}","templated":true}]}}