{"id":6353,"date":"2021-09-01T12:50:56","date_gmt":"2021-09-01T12:50:56","guid":{"rendered":"https:\/\/woolskins.eu\/alwero-wikkeldeken-wingy-ecru-ecru"},"modified":"2026-04-14T14:00:57","modified_gmt":"2026-04-14T14:00:57","slug":"coperta-alwero-wrap-wingy-ecru-ecru","status":"publish","type":"product","link":"https:\/\/woolskins.eu\/it\/alwero-wikkeldeken-wingy-ecru-ecru\/","title":{"rendered":"Coperta avvolgente in lana per bambino | Wingy Thumbled ecru"},"content":{"rendered":"<p>Poich\u00e9 la dimensione standard \u00e8 un po&#039; pi\u00f9 grande e meno adatta al Maxi-Cosi e al seggiolino auto, abbiamo fatto realizzare una versione pi\u00f9 piccola che racchiude un po&#039; meglio i pi\u00f9 piccoli e si adatta meglio al Maxi-Cosi e al seggiolino auto. Naturalmente il Mini si adatta bene anche al passeggino, proprio come la dimensione originale.<\/p>\n<p>La lana respira e misura immediatamente la temperatura del tuo bambino. Caldo d&#039;inverno e fresco d&#039;estate. Comodo per la casa e per l&#039;uso nel Maxi-Cosi o nel passeggino.<\/p>\n<p>\u2013 100% lana vergine con marchio di qualit\u00e0 Woolmark.<br \/>\n\u2013 Disponibile esclusivamente su Woolskins.<br \/>\n\u2013 Per la casa e in viaggio.<br \/>\n\u2013 Aperture per le cinture di sicurezza (5 punti).<br \/>\n\u2013 Dimensioni: lunghezza 80 cm x larghezza 50 cm (et\u00e0 fino a +\/- 1 anno) \u2013 Mini: lunghezza 75 cm x 45 cm (et\u00e0 fino a +\/- 9 mesi)<br \/>\n- Il formato mini ha un bordo diverso, questo \u00e8 il nostro ultimo modello.<br \/>\n\u2013 lavabile a 30\u00b0C programma lavaggio lana.<\/p>\n<p>Le fibre di lana respirano e hanno la propriet\u00e0 di agire come un termostato naturale che regola la temperatura corporea? Questo aiuta il tuo bambino a mantenere una temperatura stabile e lo mantiene asciutto e comodo. Lo fa \u201cdinamicamente\u201d, nel senso che avviene quando \u00e8 necessario e non quando non \u00e8 necessario. Caldo d&#039;inverno e fresco d&#039;estate.<\/p>\n<p>Questo prodotto ha il marchio di qualit\u00e0 Safe for Children e Woolmark.<\/p>\n<h5>Etichetta di pelli di lana<\/h5>\n<p>Dopo anni di collaborazione di successo con Alwero, possiamo annunciare con orgoglio che ora portiamo i nostri prodotti sotto la nostra etichetta Woolskins.<\/p>\n<p>In questo modo ottieni comunque la migliore qualit\u00e0, ma combinata con i prodotti e i design pi\u00f9 belli e unici.<\/p>\n<p>La qualit\u00e0 dei tessuti e dei colori rimane quella di sempre, ma ora c&#039;\u00e8 una scelta pi\u00f9 ampia che secondo Woolskins pu\u00f2 distinguersi.<\/p>\n<p>La nostra ampia collezione \u00e8 composta in modo tale da costituire una buona aggiunta a qualsiasi set per neonati, realizzata in lana europea 100% che respira ed \u00e8 adatta ad ogni stagione.<\/p>\n<p>Uniamo con entusiasmo le forze per creare un prodotto sostenibile, naturale e confortevole per il tuo bambino.<\/p>","protected":false},"excerpt":{"rendered":"<p>Il vostro bambino dormir\u00e0 e sogner\u00e0 in questa comoda coperta di lana Wingy della nostra collezione \u2018Thumbled\u2019. Questa coperta cade senza problemi ed \u00e8 molto morbida. Ha un aspetto bello e lussuoso ed \u00e8 estremamente confortevole. La coperta \u00e8 realizzata in lana 100%, prende immediatamente la temperatura del bambino e pu\u00f2 essere utilizzata in qualsiasi stagione. Grazie alle aperture per le cinghie di sicurezza (a 5 punti), si adatta perfettamente alla carrozzina e porta il bambino fuori al caldo e in modo confortevole. Soprattutto per i pi\u00f9 piccoli, abbiamo anche una versione pi\u00f9 piccola (mini) che si adatta bene e si inserisce perfettamente nella maxi-cosi. (Le immagini si riferiscono alla versione mini)<\/p>\n<div class=\"woocommerce-product-details__short-description\">\n<p><strong>Marca: Woolskin<\/strong><br \/>\n<strong>Produzione: Polonia<\/strong><\/p>\n<\/div>","protected":false},"featured_media":17509,"comment_status":"closed","ping_status":"closed","template":"","meta":{"_acf_changed":false},"product_brand":[],"product_cat":[361,360,364,196,321,194],"product_tag":[],"class_list":{"0":"post-6353","1":"product","2":"type-product","3":"status-publish","4":"has-post-thumbnail","6":"product_cat-babyshower","7":"product_cat-cadeautips","8":"product_cat-cadeaus-vanaf-e50","9":"product_cat-slaapkleding-baby","10":"product_cat-wikkeldekens","11":"product_cat-wollen-babyproducten","12":"pa_maat-mini","13":"pa_maat-standaard-maat","15":"first","16":"instock","17":"taxable","18":"shipping-taxable","19":"purchasable","20":"product-type-variable"},"acf":[],"_links":{"self":[{"href":"https:\/\/woolskins.eu\/it\/wp-json\/wp\/v2\/product\/6353","targetHints":{"allow":["GET"]}}],"collection":[{"href":"https:\/\/woolskins.eu\/it\/wp-json\/wp\/v2\/product"}],"about":[{"href":"https:\/\/woolskins.eu\/it\/wp-json\/wp\/v2\/types\/product"}],"replies":[{"embeddable":true,"href":"https:\/\/woolskins.eu\/it\/wp-json\/wp\/v2\/comments?post=6353"}],"wp:featuredmedia":[{"embeddable":true,"href":"https:\/\/woolskins.eu\/it\/wp-json\/wp\/v2\/media\/17509"}],"wp:attachment":[{"href":"https:\/\/woolskins.eu\/it\/wp-json\/wp\/v2\/media?parent=6353"}],"wp:term":[{"taxonomy":"product_brand","embeddable":true,"href":"https:\/\/woolskins.eu\/it\/wp-json\/wp\/v2\/product_brand?post=6353"},{"taxonomy":"product_cat","embeddable":true,"href":"https:\/\/woolskins.eu\/it\/wp-json\/wp\/v2\/product_cat?post=6353"},{"taxonomy":"product_tag","embeddable":true,"href":"https:\/\/woolskins.eu\/it\/wp-json\/wp\/v2\/product_tag?post=6353"}],"curies":[{"name":"wp","href":"https:\/\/api.w.org\/{rel}","templated":true}]}}