{"id":6339,"date":"2021-09-01T12:50:32","date_gmt":"2021-09-01T12:50:32","guid":{"rendered":"https:\/\/woolskins.eu\/baby-care-comfort-warm-grey-2"},"modified":"2026-03-10T11:13:33","modified_gmt":"2026-03-10T11:13:33","slug":"baby-care-comfort-warm-grey-2","status":"publish","type":"product","link":"https:\/\/woolskins.eu\/it\/baby-care-comfort-warm-grey-2\/","title":{"rendered":"Schapenvacht voor Kinderwagen &#8211; Comfort Warm Grey"},"content":{"rendered":"<p>Questa pelle di agnello Eco Baby-Care \u00e8 appositamente tagliata su misura per l&#039;uso nel passeggino, nella culla, nel seggiolino auto o nel cestino Moses. Molto comodo sia in viaggio che a casa. Ideale per lunghi viaggi di vacanza nei paesi caldi. \u00c8 estremamente confortevole perch\u00e9 respira e assorbe immediatamente il sudore senza dare la sensazione di bagnato\/umido al tuo bambino.<\/p>\n<p>\u2013 Dimensioni 75 x 45 cm, pelliccia 2 cm.<br \/>\n\u2013 Tacche per cinghie di sicurezza 3 e 5 punti.<br \/>\n\u2013 Mantello morbido e compatto.<br \/>\n\u2013 <strong>NON<\/strong> Lavabile a mano e in lavatrice e asciugabile in asciugatrice.<br \/>\n- Facile da mantenere.<\/p>\n<h5><b>Viaggia comodamente<\/b><\/h5>\n<p>Le fibre di lana respirano e hanno la propriet\u00e0 di agire come un termostato naturale che regola la temperatura corporea? Questo aiuta il tuo bambino a mantenere una temperatura stabile e lo mantiene asciutto e comodo. Lo fa \u201cdinamicamente\u201d, nel senso che avviene quando \u00e8 necessario e non quando non \u00e8 necessario. Caldo d&#039;inverno e fresco d&#039;estate.<\/p>\n<p>I cappotti Woolskins Baby-Care hanno un pelo pi\u00f9 corto, che li rende a prova di bambino. Sono adatti fin dalla nascita e poich\u00e9 la loro lavorazione tiene conto dell&#039;ambiente, proteggono sia i pi\u00f9 piccoli che il pianeta. A casa o in viaggio, crei un ambiente confortevole in cui tuo figlio si sente felice e rilassato. Confezione standard &quot;pronta per il regalo&quot; con una nota personale.<\/p>\n<h5><strong>Propriet\u00e0 Pelle di pecora confortevole<\/strong><\/h5>\n<p>Questa pelle di pecora Baby-Care proviene da pecore inglesi. \u00c8 un mantello colorato molto morbido e meravigliosamente compatto. Questo cappotto Comfort \u00e8 &quot;la&quot; pelle di pecora che conosciamo dal passato, l&#039;abbiamo tosata solo per un breve periodo. Molto sicuro. Come tutti gli altri nostri cappotti, le fibre di lana respirano. Questo aiuta il tuo bambino a mantenere una temperatura stabile e lo mantiene asciutto e comodo. Fresco d&#039;estate e caldo d&#039;inverno.<\/p>\n<h5><b>Ecologico<\/b><\/h5>\n<p>Tutti i prodotti utilizzati nella concia e nella rifinizione sono conformi alle essenziali direttive comunitarie relative alla salvaguardia e alla tutela dell&#039;ambiente.<\/p>\n<p>I nostri velli sono conciati in conformit\u00e0 con le normative REACH, adottate per migliorare la protezione della salute umana e dell&#039;ambiente contro i rischi che le sostanze chimiche possono comportare, aumentando al contempo la competitivit\u00e0 dell&#039;industria chimica dell&#039;UE. Nella produzione non vengono utilizzati coloranti AZO.<\/p>\n<p>PRODOTTI ECO \u2013 le pelli sono pelli ecologiche, la loro lavorazione e trattamento sono sicuri per adulti e bambini. Le pelli sono biodegradabili, organiche.<\/p>\n<p>Woolskins non vende velli di pecora a cui \u00e8 stato applicato il Mulesing! Il Mulesing non viene utilizzato nelle pecore europee perch\u00e9 il parassita che induce gli allevatori a utilizzare il Mulesing non \u00e8 presente in Europa.<\/p>\n<h5><b>Dormienti di pancia\u2026 prendete nota!<\/b><\/h5>\n<p>I bambini che dormono a pancia in gi\u00f9 per i primi 12 mesi non dovrebbero dormire su nulla di morbido per motivi di sicurezza, poich\u00e9 ci\u00f2 pu\u00f2 essere pericoloso. Consigliamo quindi di utilizzare saggiamente il cappotto Woolskins! Prestate sempre attenzione quando il vostro bambino \u00e8 sdraiato o dorme a pancia in gi\u00f9 e assicuratevi che sia sempre sorvegliato.<\/p>","protected":false},"excerpt":{"rendered":"<h6>Passeggino Baby-Care Comfort \u2013 Grigio Caldo<\/h6>\n<p>Questa morbida pelliccia si adatta al passeggino, alla culla, al seggiolino auto o al cestino Moses. \u00c8 sicuro per i bambini grazie al pelo corto ed \u00e8 adatto fin dalla nascita.<\/p>","protected":false},"featured_media":5600,"comment_status":"closed","ping_status":"closed","template":"","meta":{"_acf_changed":false},"product_brand":[],"product_cat":[216,222,354],"product_tag":[],"class_list":{"0":"post-6339","1":"product","2":"type-product","3":"status-publish","4":"has-post-thumbnail","6":"product_cat-schapenvacht-voor-baby","7":"product_cat-buggy-schapenvachtjes","8":"product_cat-woolskins","10":"first","11":"instock","12":"sale","13":"taxable","14":"shipping-taxable","15":"purchasable","16":"product-type-variable","17":"has-default-attributes"},"acf":[],"_links":{"self":[{"href":"https:\/\/woolskins.eu\/it\/wp-json\/wp\/v2\/product\/6339","targetHints":{"allow":["GET"]}}],"collection":[{"href":"https:\/\/woolskins.eu\/it\/wp-json\/wp\/v2\/product"}],"about":[{"href":"https:\/\/woolskins.eu\/it\/wp-json\/wp\/v2\/types\/product"}],"replies":[{"embeddable":true,"href":"https:\/\/woolskins.eu\/it\/wp-json\/wp\/v2\/comments?post=6339"}],"wp:featuredmedia":[{"embeddable":true,"href":"https:\/\/woolskins.eu\/it\/wp-json\/wp\/v2\/media\/5600"}],"wp:attachment":[{"href":"https:\/\/woolskins.eu\/it\/wp-json\/wp\/v2\/media?parent=6339"}],"wp:term":[{"taxonomy":"product_brand","embeddable":true,"href":"https:\/\/woolskins.eu\/it\/wp-json\/wp\/v2\/product_brand?post=6339"},{"taxonomy":"product_cat","embeddable":true,"href":"https:\/\/woolskins.eu\/it\/wp-json\/wp\/v2\/product_cat?post=6339"},{"taxonomy":"product_tag","embeddable":true,"href":"https:\/\/woolskins.eu\/it\/wp-json\/wp\/v2\/product_tag?post=6339"}],"curies":[{"name":"wp","href":"https:\/\/api.w.org\/{rel}","templated":true}]}}