{"id":6242,"date":"2021-09-01T12:48:54","date_gmt":"2021-09-01T12:48:54","guid":{"rendered":"https:\/\/woolskins.eu\/eco-baby-care-essential-3"},"modified":"2026-04-01T08:40:14","modified_gmt":"2026-04-01T08:40:14","slug":"eco-cura-del-bambino-essenziale-3","status":"publish","type":"product","link":"https:\/\/woolskins.eu\/it\/eco-baby-care-essential-3\/","title":{"rendered":"Pelle di pecora per passeggino \u2013 Essenziale (medicinale)"},"content":{"rendered":"<p>Questa pelle di agnello Eco Baby-Care \u00e8 appositamente tagliata su misura per l&#039;uso nel passeggino, nella culla, nel seggiolino auto o nel cestino Moses. Molto comodo sia in viaggio che a casa. Ideale per lunghi viaggi di vacanza nei paesi caldi. \u00c8 estremamente confortevole perch\u00e9 respira e assorbe immediatamente il sudore senza dare la sensazione di bagnato\/umido al tuo bambino.<\/p>\n<p>\u2013 Dimensioni 75 x 45 cm, pelliccia 2 cm.<br \/>\n\u2013 Tacche per cinghie di sicurezza 3 e 5 punti.<br \/>\n\u2013 Abbronzatura medicinale.<br \/>\n\u2013 Mantello morbido e compatto.<br \/>\n\u2013 Lavabile in lavatrice e asciugabile in asciugatrice.<br \/>\n- Facile da mantenere.<\/p>\n<h5 class=\"Text1234883549__root Text1234883549---typography-11-runningText Text1234883549---priority-7-primary s8gg2 _2UIKs InfoSectionTitle3095652555__root\" aria-hidden=\"false\" data-hook=\"info-section-title\">Viaggia comodamente<\/h5>\n<div class=\"rah-static rah-static--height-auto\" aria-hidden=\"false\">\n<div>\n<div class=\"_1yvxJ fggS- cell\">\n<div class=\"WncCi NTPd3\" data-hook=\"info-section-description\">\n<p>Le fibre di lana respirano e hanno la propriet\u00e0 di agire come un termostato naturale che regola la temperatura corporea? Questo aiuta il tuo bambino a mantenere una temperatura stabile e lo mantiene asciutto e comodo. Lo fa \u201cdinamicamente\u201d, nel senso che avviene quando \u00e8 necessario e non quando non \u00e8 necessario. Caldo d&#039;inverno e fresco d&#039;estate.<\/p>\n<\/div>\n<\/div>\n<\/div>\n<\/div>\n<p>I cappotti Woolskins Baby-Care hanno un pelo pi\u00f9 corto, che li rende a prova di bambino. Sono adatti fin dalla nascita e poich\u00e9 la loro lavorazione tiene conto dell&#039;ambiente, proteggono sia i pi\u00f9 piccoli che il pianeta. A casa o in viaggio, crei un ambiente confortevole in cui tuo figlio si sente felice e rilassato. Confezione standard &quot;pronta per il regalo&quot; con una nota personale.<\/p>\n<h5><b>Propriet\u00e0 Cappotto essenziale<\/b><\/h5>\n<p><span style=\"font-weight: 400;\">Questa pelle di pecora Baby-Care proviene da pecore inglesi. \u00c8 un pelo molto morbido e compatto ed \u00e8 il nostro TIP! Come tutti gli altri nostri cappotti, le fibre di lana respirano. Questo aiuta il tuo bambino a mantenere una temperatura stabile e lo mantiene asciutto e comodo. Fresco d&#039;estate e caldo d&#039;inverno.<\/span><\/p>\n<h5><b>Ecologico<\/b><\/h5>\n<p><span style=\"font-weight: 400;\">Tutti i prodotti utilizzati nella concia e nella rifinizione sono conformi alle essenziali direttive comunitarie relative alla salvaguardia e alla tutela dell&#039;ambiente.<\/span><\/p>\n<p><span style=\"font-weight: 400;\">I nostri velli sono conciati in conformit\u00e0 con le normative REACH, adottate per migliorare la protezione della salute umana e dell&#039;ambiente contro i rischi che le sostanze chimiche possono comportare, aumentando al contempo la competitivit\u00e0 dell&#039;industria chimica dell&#039;UE. Nella produzione non vengono utilizzati coloranti AZO.<\/span><\/p>\n<p><span style=\"font-weight: 400;\">PRODOTTI ECO \u2013 le pelli sono pelli ecologiche, la loro lavorazione e trattamento sono sicuri per adulti e bambini. Le pelli sono biodegradabili, organiche.<\/span><\/p>\n<p><span style=\"font-weight: 400;\">Woolskins non vende velli di pecora a cui \u00e8 stato applicato il Mulesing! Il Mulesing non viene utilizzato nelle pecore europee perch\u00e9 il parassita che induce gli allevatori a utilizzare il Mulesing non \u00e8 presente in Europa.<\/span><\/p>\n<h5><b>Dormienti di pancia\u2026 prendete nota!<\/b><\/h5>\n<p><span style=\"font-weight: 400;\">I bambini che dormono a pancia in gi\u00f9 per i primi 12 mesi non dovrebbero dormire su nulla di morbido per motivi di sicurezza, poich\u00e9 ci\u00f2 pu\u00f2 essere pericoloso. Consigliamo quindi di utilizzare saggiamente il cappotto Woolskins! Prestate sempre attenzione quando il vostro bambino \u00e8 sdraiato o dorme a pancia in gi\u00f9 e assicuratevi che sia sempre sorvegliato.<\/span><\/p>\n<p>&nbsp;<\/p>","protected":false},"excerpt":{"rendered":"<p><strong>Pelle di pecora morbida e naturale per bambini - Woolskins<br \/>\n<\/strong><br \/>\nDate al vostro bambino il meglio con questo vello di pecora europea di alta qualit\u00e0 di Woolskins. Il vello \u00e8 appositamente tosato per la sicurezza del bambino ed \u00e8 ideale per l'uso nella carrozzina, nella Maxi-Cosi o nella cesta Moses, ad esempio. \u00c8 dotato di comode aperture per l'imbracatura a 5 punti, in modo da poter assicurare il bambino in modo sicuro senza perdere il comfort. La lana naturale mantiene il bambino comodo grazie alla regolazione della temperatura, mentre il materiale ipoallergenico \u00e8 delicato sulla pelle sensibile. Inoltre, la pelliccia ha un effetto calmante, facendo sentire il bambino rilassato durante qualsiasi viaggio o momento a casa. Durevole e di facile manutenzione, pu\u00f2 essere utilizzato a lungo. Per saperne di pi\u00f9, consultare le informazioni sul prodotto qui sotto.<\/p>\n<p><strong>Marca: Woolskin<\/strong><br \/>\n<strong>Paese: Polonia<\/strong><\/p>","protected":false},"featured_media":9647,"comment_status":"closed","ping_status":"closed","template":"","meta":{"_acf_changed":false},"product_brand":[],"product_cat":[222,354],"product_tag":[],"class_list":{"0":"post-6242","1":"product","2":"type-product","3":"status-publish","4":"has-post-thumbnail","6":"product_cat-buggy-schapenvachtjes","7":"product_cat-woolskins","9":"first","10":"instock","11":"sale","12":"taxable","13":"shipping-taxable","14":"purchasable","15":"product-type-variable","16":"has-default-attributes"},"acf":[],"_links":{"self":[{"href":"https:\/\/woolskins.eu\/it\/wp-json\/wp\/v2\/product\/6242","targetHints":{"allow":["GET"]}}],"collection":[{"href":"https:\/\/woolskins.eu\/it\/wp-json\/wp\/v2\/product"}],"about":[{"href":"https:\/\/woolskins.eu\/it\/wp-json\/wp\/v2\/types\/product"}],"replies":[{"embeddable":true,"href":"https:\/\/woolskins.eu\/it\/wp-json\/wp\/v2\/comments?post=6242"}],"wp:featuredmedia":[{"embeddable":true,"href":"https:\/\/woolskins.eu\/it\/wp-json\/wp\/v2\/media\/9647"}],"wp:attachment":[{"href":"https:\/\/woolskins.eu\/it\/wp-json\/wp\/v2\/media?parent=6242"}],"wp:term":[{"taxonomy":"product_brand","embeddable":true,"href":"https:\/\/woolskins.eu\/it\/wp-json\/wp\/v2\/product_brand?post=6242"},{"taxonomy":"product_cat","embeddable":true,"href":"https:\/\/woolskins.eu\/it\/wp-json\/wp\/v2\/product_cat?post=6242"},{"taxonomy":"product_tag","embeddable":true,"href":"https:\/\/woolskins.eu\/it\/wp-json\/wp\/v2\/product_tag?post=6242"}],"curies":[{"name":"wp","href":"https:\/\/api.w.org\/{rel}","templated":true}]}}