{"id":6221,"date":"2021-09-01T12:48:54","date_gmt":"2021-09-01T12:48:54","guid":{"rendered":"https:\/\/woolskins.eu\/eco-baby-care-merino"},"modified":"2026-05-13T10:38:22","modified_gmt":"2026-05-13T10:38:22","slug":"pelle-di-pecora-per-neonati-eco-baby-care-merino","status":"publish","type":"product","link":"https:\/\/woolskins.eu\/it\/schapenvacht-voor-baby-eco-baby-care-merino\/","title":{"rendered":"Pelle di pecora per neonati \u2013 Merino Extra Fine (medicinale)"},"content":{"rendered":"<p><strong>Descrizione<\/strong><\/p>\n<p>Le pelli di pecora per neonati Woolskins Baby-Care hanno un pelo pi\u00f9 corto, che le rende a prova di bambino. Sono adatti fin dalla nascita e poich\u00e9 la loro lavorazione tiene conto dell&#039;ambiente, proteggono sia i pi\u00f9 piccoli che il pianeta. A casa o in viaggio, crei un ambiente confortevole in cui tuo figlio si sente felice e rilassato. Sapevi che la pelle di pecora fa bene anche al tuo bambino?<\/p>\n<p>\u2013 Lunghezza 90-100 cm \/ mantello 3 cm.<br \/>\n\u2013 Abbronzatura medicinale.<br \/>\n\u2013 Mantello extra morbido e compatto.<br \/>\n\u2013 Lavabile in lavatrice e asciugabile in asciugatrice.<br \/>\n- Facile da mantenere.<\/p>\n<p>Ordina una spazzola per la manutenzione per mantenere il tuo mantello bello a lungo e\/o personalizza il tuo mantello con i dettagli di nascita del tuo\/del bambino. Un regalo bellissimo e unico, disponibile esclusivamente su Woolskins. Confezione standard &quot;pronta per il regalo&quot; con una nota personale.<\/p>\n<p><strong>Propriet\u00e0 Pelle di pecora merino<\/strong><\/p>\n<p>La lana\/pelliccia merino \u00e8 nota per i peli pi\u00f9 fini della pecora merino e quindi leggermente pi\u00f9 morbida sulla pelle. I peli sono pi\u00f9 fini e ravvicinati, rendendo il mantello pi\u00f9 compatto. Come tutti gli altri nostri cappotti, le fibre di lana respirano. Questo aiuta il tuo bambino a mantenere una temperatura stabile e lo mantiene asciutto e comodo. Fresco d&#039;estate e caldo d&#039;inverno.<\/p>\n<p><strong>Ecologico<\/strong><\/p>\n<p>Tutti i prodotti utilizzati nella concia e nella rifinizione sono conformi alle essenziali direttive comunitarie relative alla salvaguardia e alla tutela dell&#039;ambiente.<\/p>\n<p>La nostra pelle di pecora \u00e8 conciata in conformit\u00e0 con le normative REACH adottate per migliorare la protezione della salute umana e dell&#039;ambiente contro i rischi che le sostanze chimiche possono comportare, aumentando al tempo stesso la competitivit\u00e0 dell&#039;industria chimica dell&#039;UE. Nella produzione non vengono utilizzati coloranti AZO.<\/p>\n<p>PRODOTTI ECO: le pelli sono pelli di pecora ecologiche, la loro lavorazione e trattamento sono sicuri per adulti e bambini. Le pelli sono biodegradabili, organiche.<\/p>\n<p>Woolskins non vende pelli di pecore dove \u00e8 stato applicato il Mulesing! Il Mulesing non viene utilizzato nelle pecore europee perch\u00e9 il parassita che induce gli allevatori a utilizzare il Mulesing non \u00e8 presente in Europa.<\/p>\n<p><strong>Dormienti di pancia\u2026 prendete nota!<\/strong><\/p>\n<p>I bambini che dormono a pancia in gi\u00f9 per i primi 12 mesi non dovrebbero dormire su nulla di morbido per motivi di sicurezza, poich\u00e9 ci\u00f2 pu\u00f2 essere pericoloso. Consigliamo quindi di utilizzare saggiamente la pelle di pecora per bambino Woolskins! Prestate sempre attenzione quando il vostro bambino \u00e8 sdraiato o dorme a pancia in gi\u00f9 e assicuratevi che sia sempre sorvegliato.<\/p>","protected":false},"excerpt":{"rendered":"<p><strong>Pelle di pecora morbida e naturale per bambini - Woolskins<br \/>\n<\/strong><br \/>\nDate al vostro bambino il meglio con questa coperta in pelle di pecora europea di alta qualit\u00e0 di Woolskins. Perfetta come superficie morbida e confortevole nella culla, nel box o sul pavimento. Il vello \u00e8 realizzato in morbida lana naturale che regola la temperatura e protegge la pelle sensibile del bambino. Ha anche un effetto calmante, che fa sentire il bambino rilassato durante i momenti di gioco o di riposo. Durevole e di facile manutenzione, per poterne usufruire a lungo. Ulteriori informazioni sono disponibili nella sezione Informazioni sul prodotto.<\/p>\n<p><strong>Marca: Woolskin<\/strong><br \/>\n<strong>Paese: Polonia<\/strong><\/p>","protected":false},"featured_media":10531,"comment_status":"open","ping_status":"closed","template":"","meta":{"_acf_changed":false},"product_brand":[],"product_cat":[354,216],"product_tag":[503],"class_list":{"0":"post-6221","1":"product","2":"type-product","3":"status-publish","4":"has-post-thumbnail","6":"product_cat-woolskins","7":"product_cat-schapenvacht-voor-baby","8":"product_tag-schapenvacht-vor-baby","10":"first","11":"instock","12":"sale","13":"taxable","14":"shipping-taxable","15":"purchasable","16":"product-type-variable","17":"has-default-attributes"},"acf":[],"_links":{"self":[{"href":"https:\/\/woolskins.eu\/it\/wp-json\/wp\/v2\/product\/6221","targetHints":{"allow":["GET"]}}],"collection":[{"href":"https:\/\/woolskins.eu\/it\/wp-json\/wp\/v2\/product"}],"about":[{"href":"https:\/\/woolskins.eu\/it\/wp-json\/wp\/v2\/types\/product"}],"replies":[{"embeddable":true,"href":"https:\/\/woolskins.eu\/it\/wp-json\/wp\/v2\/comments?post=6221"}],"wp:featuredmedia":[{"embeddable":true,"href":"https:\/\/woolskins.eu\/it\/wp-json\/wp\/v2\/media\/10531"}],"wp:attachment":[{"href":"https:\/\/woolskins.eu\/it\/wp-json\/wp\/v2\/media?parent=6221"}],"wp:term":[{"taxonomy":"product_brand","embeddable":true,"href":"https:\/\/woolskins.eu\/it\/wp-json\/wp\/v2\/product_brand?post=6221"},{"taxonomy":"product_cat","embeddable":true,"href":"https:\/\/woolskins.eu\/it\/wp-json\/wp\/v2\/product_cat?post=6221"},{"taxonomy":"product_tag","embeddable":true,"href":"https:\/\/woolskins.eu\/it\/wp-json\/wp\/v2\/product_tag?post=6221"}],"curies":[{"name":"wp","href":"https:\/\/api.w.org\/{rel}","templated":true}]}}