{"id":30284,"date":"2026-04-17T14:35:15","date_gmt":"2026-04-17T14:35:15","guid":{"rendered":"https:\/\/woolskins.eu\/?post_type=product&#038;p=30284"},"modified":"2026-04-17T14:41:41","modified_gmt":"2026-04-17T14:41:41","slug":"wollen-wikkeldeken-capuchondeken-hazelnoot","status":"publish","type":"product","link":"https:\/\/woolskins.eu\/it\/wollen-wikkeldeken-capuchondeken-hazelnoot\/","title":{"rendered":"Wollen Wikkeldeken &#8211; Capuchondeken voor Baby | Felted Hazelnoot"},"content":{"rendered":"<p>Il vostro bambino dormir\u00e0 meravigliosamente e sogner\u00e0 in questa comoda coperta avvolgente in lana con cappuccio della nostra collezione &quot;Felted&quot;. Questa coperta avvolgente\/con cappuccio cade dolcemente ed \u00e8 molto morbida. Hanno un aspetto bello e lussuoso e sono estremamente confortevoli. La coperta avvolgente \u00e8 realizzata in lana 100% e misura immediatamente la temperatura del tuo bambino. Puoi anche fasciare il tuo bambino con questo o dargli da mangiare comodamente, oppure puoi portarlo facilmente con te in viaggio per tenerlo al caldo.<\/p>\n<p>\u2013 100% lana vergine infeltrita con marchio di qualit\u00e0 Woolmark.<br \/>\n\u2013 Struttura liscia, morbida e compatta<br \/>\n\u2013 Buone propriet\u00e0 termiche<br \/>\n\u2013 Per la casa e in viaggio.<br \/>\n\u2013 Dimensioni: 80 x 80 cm.<br \/>\n\u2013 Produzione europea.<br \/>\n\u2013 Lavabile al programma di lavaggio lana a 30\u00b0C.<br \/>\n\u2013 Disponibile esclusivamente su Woolskins<\/p>\n<p>Le fibre di lana respirano e hanno la propriet\u00e0 di agire come un termostato naturale che regola la temperatura corporea? Questo aiuta il tuo bambino a mantenere una temperatura stabile e lo mantiene asciutto e comodo. Lo fa \u201cdinamicamente\u201d, nel senso che avviene quando \u00e8 necessario e non quando non \u00e8 necessario. Caldo d&#039;inverno e fresco d&#039;estate.<\/p>\n<p>Questo prodotto ha il marchio di qualit\u00e0 Safe for Children e Woolmark.<\/p>\n<div id=\"product-7026\" class=\"product type-product post-7026 status-publish first instock product_cat-babyshower product_cat-cadeaus-e25-e50 product_cat-cadeautips product_cat-alwero product_cat-slaapkleding-baby product_cat-babydeken product_cat-best-verkocht has-post-thumbnail taxable shipping-taxable purchasable product-type-variable ct-ajax-add-to-cart thumbs-bottom sticky-summary ct-default-gallery\">\n<div class=\"woocommerce-tabs wc-tabs-wrapper\" data-type=\"type-1:center\">\n<article>\n<div id=\"tab-description\" class=\"woocommerce-Tabs-panel woocommerce-Tabs-panel--description panel entry-content wc-tab\" role=\"tabpanel\" aria-labelledby=\"tab-title-description\">\n<h5>Etichetta di pelli di lana<\/h5>\n<p>Dopo anni di collaborazione di successo con Alwero, possiamo annunciare con orgoglio che ora portiamo i nostri prodotti sotto la nostra etichetta Woolskins.<\/p>\n<p>In questo modo ottieni comunque la migliore qualit\u00e0, ma combinata con i prodotti e i design pi\u00f9 belli e unici.<\/p>\n<p>La qualit\u00e0 dei tessuti e dei colori rimane quella di sempre, ma ora c&#039;\u00e8 una scelta pi\u00f9 ampia che secondo Woolskins pu\u00f2 distinguersi.<\/p>\n<p>La nostra ampia collezione \u00e8 composta in modo tale da costituire una buona aggiunta a qualsiasi set per neonati, realizzata in lana europea 100% che respira ed \u00e8 adatta ad ogni stagione.<\/p>\n<p>Uniamo con entusiasmo le forze per creare un prodotto sostenibile, naturale e confortevole per il tuo bambino.<\/p>\n<\/div>\n<\/article>\n<\/div>\n<\/div>","protected":false},"excerpt":{"rendered":"<p>Questa coperta avvolgente in lana &#039;Felted&#039; con cappuccio \u00e8 un prodotto caldo e confortevole adatto a tutte le stagioni. \u00c8 realizzato in lana morbida e naturale, che isola bene, respira e cade dolcemente. La coperta avvolgente ha un cappuccio che mantiene la testa bella e calda. \u00c8 un prodotto versatile e pratico, adatto sia per interni che per esterni. Una coperta avvolgente in lana con cappuccio \u00e8 un vero &quot;must have&quot; per ogni set per neonati, ma \u00e8 anche un bel regalo da fare a qualcuno. \u00c8 disponibile in diversi tessuti e colori di lana, cos\u00ec potrai sempre trovare la coperta avvolgente adatta a te. La coperta avvolgente \u00e8 realizzata in lana 100% e misura immediatamente la temperatura del tuo bambino. Puoi anche fasciare il tuo bambino con questo o dargli da mangiare comodamente, oppure puoi portarlo facilmente con te in viaggio per tenerlo al caldo.<\/p>\n<p><strong>Marca: Woolskin<\/strong><br \/>\n<strong>Produzione: Polonia<\/strong><\/p>","protected":false},"featured_media":30287,"comment_status":"closed","ping_status":"closed","template":"","meta":{"_acf_changed":false},"product_brand":[],"product_cat":[361,360,364,499,196,321,194],"product_tag":[],"class_list":{"0":"post-30284","1":"product","2":"type-product","3":"status-publish","4":"has-post-thumbnail","6":"product_cat-babyshower","7":"product_cat-cadeautips","8":"product_cat-cadeaus-vanaf-e50","9":"product_cat-new-arrivals","10":"product_cat-slaapkleding-baby","11":"product_cat-wikkeldekens","12":"product_cat-wollen-babyproducten","14":"first","15":"instock","16":"taxable","17":"shipping-taxable","18":"purchasable","19":"product-type-simple"},"acf":[],"_links":{"self":[{"href":"https:\/\/woolskins.eu\/it\/wp-json\/wp\/v2\/product\/30284","targetHints":{"allow":["GET"]}}],"collection":[{"href":"https:\/\/woolskins.eu\/it\/wp-json\/wp\/v2\/product"}],"about":[{"href":"https:\/\/woolskins.eu\/it\/wp-json\/wp\/v2\/types\/product"}],"replies":[{"embeddable":true,"href":"https:\/\/woolskins.eu\/it\/wp-json\/wp\/v2\/comments?post=30284"}],"wp:featuredmedia":[{"embeddable":true,"href":"https:\/\/woolskins.eu\/it\/wp-json\/wp\/v2\/media\/30287"}],"wp:attachment":[{"href":"https:\/\/woolskins.eu\/it\/wp-json\/wp\/v2\/media?parent=30284"}],"wp:term":[{"taxonomy":"product_brand","embeddable":true,"href":"https:\/\/woolskins.eu\/it\/wp-json\/wp\/v2\/product_brand?post=30284"},{"taxonomy":"product_cat","embeddable":true,"href":"https:\/\/woolskins.eu\/it\/wp-json\/wp\/v2\/product_cat?post=30284"},{"taxonomy":"product_tag","embeddable":true,"href":"https:\/\/woolskins.eu\/it\/wp-json\/wp\/v2\/product_tag?post=30284"}],"curies":[{"name":"wp","href":"https:\/\/api.w.org\/{rel}","templated":true}]}}