{"id":30157,"date":"2026-04-04T10:37:35","date_gmt":"2026-04-04T10:37:35","guid":{"rendered":"https:\/\/woolskins.eu\/?post_type=product&#038;p=30157"},"modified":"2026-04-04T10:42:16","modified_gmt":"2026-04-04T10:42:16","slug":"a-basic-brand-babysjaaltje-rib-brown","status":"publish","type":"product","link":"https:\/\/woolskins.eu\/it\/a-basic-brand-babysjaaltje-rib-brown\/","title":{"rendered":"A Basic Brand &#8211; Babysjaaltje Rib | Brown"},"content":{"rendered":"<p>Sciarpa in cotone a coste. Aggiunta perfetta al nostro berretto a coste. \u00c8 disponibile in una dimensione universale che si adatta a tutti.<\/p>\n<p>STANDARD 100 di OEKO-TEX\u00ae<\/p>\n<p>TAGLIA UNICA (0 \u2013 3 mesi \u2013 lunghezza plantare \u2013 10 cm)<\/p>\n<h5>Un marchio per bambini<\/h5>\n<p>Scopri un guardaroba davvero minimalista, pieno di pratici elementi essenziali. Mescola e abbina i nostri modelli e colori unisex. Nessun logo, nessuna stampa, nessuna confusione.<\/p>\n<p>La nostra missione \u00e8 semplificarti la vita, quindi una delle idee principali alla base della nostra filosofia \u00e8 la PRATICA. Abbiamo anche a cuore il nostro pianeta e desideriamo che tutti vivano una vita pi\u00f9 minimalista e quindi usino meno vestiti (#CONSUMEWISELY).<\/p>\n<p>Ecco perch\u00e9 la qualit\u00e0 dei nostri prodotti \u00e8 la pi\u00f9 alta possibile. Puoi usarli per anni e trasmetterli quando hai finito. Utilizziamo tessuti di prima qualit\u00e0 con certificato di cotone organico GOTS e STANDARD 100 di OEKO-TEX\u00ae. Tutti i nostri prodotti possono essere lavati in lavatrice e asciugati in asciugatrice tutte le volte che vuoi. Scoprirai che la nostra felpa di cotone non ha nemmeno bisogno di essere stirata per avere un bell&#039;aspetto.<\/p>","protected":false},"excerpt":{"rendered":"<p data-start=\"44\" data-end=\"345\">Zachte en stijlvolle katoenen rib sjaal voor baby\u2019s, perfect te combineren met de bijpassende ribbeanie. Deze baby sjaal van katoen is ademend, comfortabel en ideaal voor dagelijks gebruik. Dankzij de one size pasvorm (0\u20133 maanden) sluit hij mooi aan en biedt hij warmte zonder te knellen.<\/p>\n<p data-start=\"347\" data-end=\"563\">Gemaakt van 97% katoen en 3% elastaan en voorzien van het OEKO-TEX\u00ae STANDARD 100 keurmerk \u2013 veilig voor de gevoelige babyhuid. Een praktische en duurzame toevoeging aan een minimalistische baby garderobe.<\/p>\n<p data-start=\"347\" data-end=\"563\"><strong>Marchio: un marchio di base<\/strong><br \/>\n<strong>Paese: Polonia<\/strong><\/p>","protected":false},"featured_media":30154,"comment_status":"open","ping_status":"closed","template":"","meta":{"_acf_changed":false},"product_brand":[],"product_cat":[360,335,361,362,529,535],"product_tag":[],"class_list":{"0":"post-30157","1":"product","2":"type-product","3":"status-publish","4":"has-post-thumbnail","6":"product_cat-cadeautips","7":"product_cat-a_baby_brand","8":"product_cat-babyshower","9":"product_cat-cadeaus-tot-e-25","10":"product_cat-katoenen-babykleertjes","11":"product_cat-katoenen-babymuts-babysjaaltjes","13":"first","14":"instock","15":"taxable","16":"shipping-taxable","17":"purchasable","18":"product-type-simple"},"acf":[],"_links":{"self":[{"href":"https:\/\/woolskins.eu\/it\/wp-json\/wp\/v2\/product\/30157","targetHints":{"allow":["GET"]}}],"collection":[{"href":"https:\/\/woolskins.eu\/it\/wp-json\/wp\/v2\/product"}],"about":[{"href":"https:\/\/woolskins.eu\/it\/wp-json\/wp\/v2\/types\/product"}],"replies":[{"embeddable":true,"href":"https:\/\/woolskins.eu\/it\/wp-json\/wp\/v2\/comments?post=30157"}],"wp:featuredmedia":[{"embeddable":true,"href":"https:\/\/woolskins.eu\/it\/wp-json\/wp\/v2\/media\/30154"}],"wp:attachment":[{"href":"https:\/\/woolskins.eu\/it\/wp-json\/wp\/v2\/media?parent=30157"}],"wp:term":[{"taxonomy":"product_brand","embeddable":true,"href":"https:\/\/woolskins.eu\/it\/wp-json\/wp\/v2\/product_brand?post=30157"},{"taxonomy":"product_cat","embeddable":true,"href":"https:\/\/woolskins.eu\/it\/wp-json\/wp\/v2\/product_cat?post=30157"},{"taxonomy":"product_tag","embeddable":true,"href":"https:\/\/woolskins.eu\/it\/wp-json\/wp\/v2\/product_tag?post=30157"}],"curies":[{"name":"wp","href":"https:\/\/api.w.org\/{rel}","templated":true}]}}