{"id":30151,"date":"2026-04-04T09:18:15","date_gmt":"2026-04-04T09:18:15","guid":{"rendered":"https:\/\/woolskins.eu\/?post_type=product&#038;p=30151"},"modified":"2026-04-04T10:09:24","modified_gmt":"2026-04-04T10:09:24","slug":"a-basic-brand-babymuts-rib-beanie-brown","status":"publish","type":"product","link":"https:\/\/woolskins.eu\/it\/a-basic-brand-babymuts-rib-beanie-brown\/","title":{"rendered":"A Basic Brand &#8211; Babymuts Rib Beanie | Brown"},"content":{"rendered":"<p>Berretto in cotone a coste. Un cappello casual e un&#039;aggiunta perfetta al guardaroba del tuo piccolo. Disponibile in tre taglie: dal neonato all&#039;adulto. Questa ampia gamma di dimensioni rende un prodotto perfetto A BABY BRAND per l&#039;abbinamento bambino\/genitore.<\/p>\n<p>STANDARD 100 di OEKO-TEX\u00ae<\/p>\n<p>Dimensioni<\/p>\n<p>S \u2013 0\/6m<br \/>\nM \u2013 6 mesi\/2 anni<br \/>\nL \u2013 2 anni +<\/p>\n<h5>Un marchio per bambini<\/h5>\n<p>Scopri un guardaroba davvero minimalista, pieno di pratici elementi essenziali. Mescola e abbina i nostri modelli e colori unisex. Nessun logo, nessuna stampa, nessuna confusione.<\/p>\n<p>La nostra missione \u00e8 semplificarti la vita, quindi una delle idee principali alla base della nostra filosofia \u00e8 la PRATICA. Abbiamo anche a cuore il nostro pianeta e desideriamo che tutti vivano una vita pi\u00f9 minimalista e quindi usino meno vestiti (#CONSUMEWISELY).<\/p>\n<p>Ecco perch\u00e9 la qualit\u00e0 dei nostri prodotti \u00e8 la pi\u00f9 alta possibile. Puoi usarli per anni e trasmetterli quando hai finito. Utilizziamo tessuti di prima qualit\u00e0 con certificato di cotone organico GOTS e STANDARD 100 di OEKO-TEX\u00ae. Tutti i nostri prodotti possono essere lavati in lavatrice e asciugati in asciugatrice tutte le volte che vuoi. Scoprirai che la nostra felpa di cotone non ha nemmeno bisogno di essere stirata per avere un bell&#039;aspetto.<\/p>","protected":false},"excerpt":{"rendered":"<p>Minimalistische katoenen ribbeanie voor baby\u2019s en kinderen, gemaakt van zacht en ademend katoen met stretch voor een perfecte pasvorm. Deze duurzame baby muts is comfortabel, tijdloos en ideaal voor dagelijks gebruik. Dankzij het unisex design en brede maatbereik is hij perfect om te matchen met ouders en kinderen.<\/p>\n<p>Gemaakt van 97% katoen en 3% elastaan, gecertificeerd met OEKO-TEX\u00ae STANDARD 100,\u00a0veilig voor de gevoelige babyhuid. Een praktische en stijlvolle essential binnen een minimalistische baby garderobe.<\/p>","protected":false},"featured_media":30155,"comment_status":"closed","ping_status":"closed","template":"","meta":{"_acf_changed":false},"product_brand":[],"product_cat":[335,361,360,362,529,535,499],"product_tag":[],"class_list":{"0":"post-30151","1":"product","2":"type-product","3":"status-publish","4":"has-post-thumbnail","6":"product_cat-a_baby_brand","7":"product_cat-babyshower","8":"product_cat-cadeautips","9":"product_cat-cadeaus-tot-e-25","10":"product_cat-katoenen-babykleertjes","11":"product_cat-katoenen-babymuts-babysjaaltjes","12":"product_cat-new-arrivals","13":"pa_maat-l","14":"pa_maat-m","15":"pa_maat-s","17":"first","18":"instock","19":"taxable","20":"shipping-taxable","21":"purchasable","22":"product-type-variable"},"acf":[],"_links":{"self":[{"href":"https:\/\/woolskins.eu\/it\/wp-json\/wp\/v2\/product\/30151","targetHints":{"allow":["GET"]}}],"collection":[{"href":"https:\/\/woolskins.eu\/it\/wp-json\/wp\/v2\/product"}],"about":[{"href":"https:\/\/woolskins.eu\/it\/wp-json\/wp\/v2\/types\/product"}],"replies":[{"embeddable":true,"href":"https:\/\/woolskins.eu\/it\/wp-json\/wp\/v2\/comments?post=30151"}],"wp:featuredmedia":[{"embeddable":true,"href":"https:\/\/woolskins.eu\/it\/wp-json\/wp\/v2\/media\/30155"}],"wp:attachment":[{"href":"https:\/\/woolskins.eu\/it\/wp-json\/wp\/v2\/media?parent=30151"}],"wp:term":[{"taxonomy":"product_brand","embeddable":true,"href":"https:\/\/woolskins.eu\/it\/wp-json\/wp\/v2\/product_brand?post=30151"},{"taxonomy":"product_cat","embeddable":true,"href":"https:\/\/woolskins.eu\/it\/wp-json\/wp\/v2\/product_cat?post=30151"},{"taxonomy":"product_tag","embeddable":true,"href":"https:\/\/woolskins.eu\/it\/wp-json\/wp\/v2\/product_tag?post=30151"}],"curies":[{"name":"wp","href":"https:\/\/api.w.org\/{rel}","templated":true}]}}