{"id":30007,"date":"2026-03-19T13:38:14","date_gmt":"2026-03-19T13:38:14","guid":{"rendered":"https:\/\/woolskins.eu\/?post_type=product&#038;p=30007"},"modified":"2026-03-28T12:29:55","modified_gmt":"2026-03-28T12:29:55","slug":"wollen-slaapzak-baby-peuter-teddy-hazelnoot","status":"publish","type":"product","link":"https:\/\/woolskins.eu\/it\/wollen-slaapzak-baby-peuter-teddy-hazelnoot\/","title":{"rendered":"Wollen Slaapzak Baby &#038; Peuter | Teddy Hazelnoot"},"content":{"rendered":"<p data-start=\"126\" data-end=\"937\">Questo sacco a pelo in lana con gambe \u00e8 progettato per crescere con il ritmo quotidiano del bambino. Mentre i sacchi nanna tradizionali sono adatti soprattutto per l'uso a letto, questo modello offre molta pi\u00f9 libert\u00e0. Le gambe sciolte permettono al bambino di muoversi liberamente non appena si sveglia: sedersi, gattonare, camminare e giocare senza fatica, senza perdere calore. Questo rende il sacco a pelo ideale per le lunghe e tranquille mattinate del fine settimana, per i pi\u00f9 piccoli che vogliono coccole e giochi al mattino, per i bambini che si raffreddano rapidamente appena scesi dal letto, per i momenti di intimit\u00e0 sul divano o in salotto e per i bambini che hanno difficolt\u00e0 a stare fermi durante il cambio. Il bambino star\u00e0 al caldo e comodo, ma senza i vincoli di un sacco a pelo tradizionale.<\/p>\n<p data-start=\"126\" data-end=\"937\"><strong>100% Lana Vergine<\/strong><\/p>\n<p data-start=\"670\" data-end=\"706\"><strong>Questo rende il sacco a pelo ideale per:<\/strong><\/p>\n<ul data-start=\"707\" data-end=\"982\">\n<li data-start=\"707\" data-end=\"750\">\n<p data-start=\"709\" data-end=\"750\">mattinate lunghe e tranquille nei fine settimana<\/p>\n<\/li>\n<li data-start=\"751\" data-end=\"813\">\n<p data-start=\"753\" data-end=\"813\">bambini che amano le coccole e il gioco al mattino<\/p>\n<\/li>\n<li data-start=\"814\" data-end=\"867\">\n<p data-start=\"816\" data-end=\"867\">bambini che si raffreddano rapidamente non appena si alzano dal letto<\/p>\n<\/li>\n<li data-start=\"868\" data-end=\"910\">\n<p data-start=\"870\" data-end=\"910\">momenti sul divano o in salotto<\/p>\n<\/li>\n<li data-start=\"911\" data-end=\"982\">\n<p data-start=\"913\" data-end=\"982\">bambini che non rimangono fermi quando si cambiano o si cambiano d'abito<\/p>\n<\/li>\n<\/ul>\n<p data-start=\"984\" data-end=\"1083\"><strong>Il vostro bambino star\u00e0 al caldo e comodo, ma senza le limitazioni di un sacco a pelo tradizionale.<\/strong><\/p>\n<p data-start=\"1085\" data-end=\"1347\"><strong>Polsini di copertura per piedi caldi o dita libere.<\/strong><\/p>\n<p data-start=\"1085\" data-end=\"1347\">Un ulteriore vantaggio di questo modello sono i polsini avvolgenti sulle gambe. Questi consentono di tenere i piedi completamente al caldo e di rimboccarli, oppure di lasciarli aperti quando il bambino vuole camminare, esplorare o giocare.<\/p>\n<ul data-start=\"1348\" data-end=\"1494\">\n<li data-start=\"1348\" data-end=\"1416\">\n<p data-start=\"1350\" data-end=\"1416\">I piedi stretti mantengono il calore durante il sonno o il riposo.<\/p>\n<\/li>\n<li data-start=\"1417\" data-end=\"1494\">\n<p data-start=\"1419\" data-end=\"1494\">I piedi aperti danno al bambino la libert\u00e0 di camminare e giocare in sicurezza.<\/p>\n<\/li>\n<\/ul>\n<p data-start=\"1496\" data-end=\"1639\">Per molte mamme, questa \u00e8 la soluzione per le mattine in cui il bambino non ha ancora bisogno di essere vestito, ma ama correre e fare movimento.<\/p>\n<p data-start=\"1641\" data-end=\"1851\"><strong>Perch\u00e9 la lana \u00e8 cos\u00ec adatta a neonati e bambini<\/strong><\/p>\n<p data-start=\"1641\" data-end=\"1851\">La lana \u00e8 un materiale eccezionale per natura, sia durante il sonno che quando il bambino \u00e8 attivo. Regola la temperatura in modo naturale.<\/p>\n<ul data-start=\"1852\" data-end=\"1967\">\n<li data-start=\"1852\" data-end=\"1898\">\n<p data-start=\"1854\" data-end=\"1898\">La lana trattiene il calore quando fa freddo.<\/p>\n<\/li>\n<li data-start=\"1899\" data-end=\"1967\">\n<p data-start=\"1901\" data-end=\"1967\">La lana allontana il calore e l'umidit\u00e0 in eccesso quando fa caldo.<\/p>\n<\/li>\n<\/ul>\n<p data-start=\"1969\" data-end=\"2212\">In questo modo si evita il surriscaldamento del bambino, si garantisce un sonno pi\u00f9 riposante e si mantiene la temperatura corporea pi\u00f9 equilibrata. Questo \u00e8 particolarmente importante per i neonati e i bambini che non sono ancora in grado di regolare da soli la propria temperatura.<\/p>\n<p data-start=\"2214\" data-end=\"2368\">Inoltre, la lana utilizzata \u00e8 conciata a livello medico, ipoallergenica e priva di sostanze nocive. Questo rende il sacco a pelo particolarmente adatto ai pi\u00f9 piccoli:<\/p>\n<ul data-start=\"2369\" data-end=\"2438\">\n<li data-start=\"2369\" data-end=\"2379\">\n<p data-start=\"2371\" data-end=\"2379\">eczema<\/p>\n<\/li>\n<li data-start=\"2380\" data-end=\"2423\">\n<p data-start=\"2382\" data-end=\"2423\">pelle sensibile o facilmente irritabile<\/p>\n<\/li>\n<li data-start=\"2424\" data-end=\"2438\">\n<p data-start=\"2426\" data-end=\"2438\">allergie<\/p>\n<\/li>\n<\/ul>\n<p data-start=\"2440\" data-end=\"2554\">La lana \u00e8 inoltre resistente ai batteri e poco attraente per gli acari della polvere, contribuendo a creare un ambiente sano per il sonno.<\/p>\n<p data-start=\"2556\" data-end=\"2886\">La lana \u00e8 anche traspirante, resistente agli odori e autopulente. Neutralizza gli odori, respira in modo eccezionale e raramente ha bisogno di essere lavata; spesso \u00e8 sufficiente una rapida aerazione. La struttura morbida e avvolgente della lana fa sentire i bambini sicuri e protetti, il che spesso li fa dormire pi\u00f9 serenamente, meno agitati e pi\u00f9 profondamente.<\/p>\n<p data-start=\"2888\" data-end=\"2982\"><strong>Ideale per i bambini che gi\u00e0 camminano<\/strong><\/p>\n<p data-start=\"2888\" data-end=\"2982\">Le gambe e la vestibilit\u00e0 flessibile permettono al bambino di:<\/p>\n<ul data-start=\"2983\" data-end=\"3125\">\n<li data-start=\"2983\" data-end=\"3022\">\n<p data-start=\"2985\" data-end=\"3022\">alzarsi dal letto senza essersi rinfrescati<\/p>\n<\/li>\n<li data-start=\"3023\" data-end=\"3043\">\n<p data-start=\"3025\" data-end=\"3043\">camminare in sicurezza<\/p>\n<\/li>\n<li data-start=\"3044\" data-end=\"3066\">\n<p data-start=\"3046\" data-end=\"3066\">gioco indipendente<\/p>\n<\/li>\n<li data-start=\"3067\" data-end=\"3125\">\n<p data-start=\"3069\" data-end=\"3125\">fare una colazione confortevole o partecipare al rituale mattutino<\/p>\n<\/li>\n<\/ul>\n<p data-start=\"3127\" data-end=\"3260\">Non c'\u00e8 pi\u00f9 bisogno di correre a cambiarsi subito o di preoccuparsi dei piedi freddi: il sacco a pelo rimane indossato e supporta tutti i rituali mattutini.<\/p>\n<p data-start=\"3262\" data-end=\"3539\"><strong>Perfetto per le mattine e le serate a casa<\/strong><\/p>\n<p data-start=\"3262\" data-end=\"3539\">Molte mamme definiscono questo sacco a pelo in lana un vero e proprio eroe mattutino. \u00c8 ideale per le accoglienti mattine del fine settimana, quando il vostro bambino cammina ancora nella stanza con il sacco a pelo, gattona sul divano con voi o gioca tranquillamente mentre voi iniziate la giornata.<\/p>","protected":false},"excerpt":{"rendered":"<p>Mentre i sacchi a pelo tradizionali sono destinati principalmente all'uso a letto, questo sacco a pelo in lana con tubi offre molte pi\u00f9 possibilit\u00e0. Grazie alla <strong data-start=\"1093\" data-end=\"1110\">tubi allentati<\/strong> con polsini avvolgenti, il bambino pu\u00f2 muoversi liberamente appena si sveglia: sedersi, gattonare, camminare o giocare felicemente senza perdere calore. Questo esclusivo sacco a pelo \u00e8 realizzato in <strong data-start=\"731\" data-end=\"765\">zuiver scheerwol met OekoTex keur<\/strong>, Un materiale morbido e ipoallergenico che tiene il bambino al caldo e lo aiuta a dormire meglio. Molte mamme definiscono questo sacco a pelo di lana un vero e proprio eroe mattutino. \u00c8 ideale per le accoglienti mattine del fine settimana, quando il bambino \u00e8 ancora nel sacco a pelo e cammina per la stanza, gattona sul divano con voi o gioca tranquillamente mentre voi iniziate la giornata.<\/p>\n<p><strong>Marca: Woolskin<\/strong><br \/>\n<strong>Produzione: Polonia<br \/>\nKeur: Oeko-Tex Standard<\/strong><\/p>\n<p><img loading=\"lazy\" decoding=\"async\" class=\"alignnone wp-image-28173 entered lazyloaded\" src=\"https:\/\/woolskins.eu\/wp-content\/uploads\/2024\/05\/csm_OEKO-TEX_Logo_2022_rgb_c1aaeb5ceb-300x300.jpg\" alt=\"\" width=\"89\" height=\"89\" data-lazy-src=\"https:\/\/woolskins.eu\/wp-content\/uploads\/2024\/05\/csm_OEKO-TEX_Logo_2022_rgb_c1aaeb5ceb-300x300.jpg\" data-ll-status=\"loaded\" srcset=\"https:\/\/woolskins.eu\/wp-content\/uploads\/2024\/05\/csm_OEKO-TEX_Logo_2022_rgb_c1aaeb5ceb-300x300.jpg 300w, https:\/\/woolskins.eu\/wp-content\/uploads\/2024\/05\/csm_OEKO-TEX_Logo_2022_rgb_c1aaeb5ceb-150x150.jpg 150w, https:\/\/woolskins.eu\/wp-content\/uploads\/2024\/05\/csm_OEKO-TEX_Logo_2022_rgb_c1aaeb5ceb-768x769.jpg 768w, https:\/\/woolskins.eu\/wp-content\/uploads\/2024\/05\/csm_OEKO-TEX_Logo_2022_rgb_c1aaeb5ceb-12x12.jpg 12w, https:\/\/woolskins.eu\/wp-content\/uploads\/2024\/05\/csm_OEKO-TEX_Logo_2022_rgb_c1aaeb5ceb-600x601.jpg 600w, https:\/\/woolskins.eu\/wp-content\/uploads\/2024\/05\/csm_OEKO-TEX_Logo_2022_rgb_c1aaeb5ceb-100x100.jpg 100w, https:\/\/woolskins.eu\/wp-content\/uploads\/2024\/05\/csm_OEKO-TEX_Logo_2022_rgb_c1aaeb5ceb-64x64.jpg 64w, https:\/\/woolskins.eu\/wp-content\/uploads\/2024\/05\/csm_OEKO-TEX_Logo_2022_rgb_c1aaeb5ceb.jpg 885w\" sizes=\"auto, (max-width: 89px) 100vw, 89px\" \/><\/p>","protected":false},"featured_media":30010,"comment_status":"open","ping_status":"closed","template":"","meta":{"_acf_changed":false},"product_brand":[],"product_cat":[360,361,364,499,196,370,194],"product_tag":[],"class_list":{"0":"post-30007","1":"product","2":"type-product","3":"status-publish","4":"has-post-thumbnail","6":"product_cat-cadeautips","7":"product_cat-babyshower","8":"product_cat-cadeaus-vanaf-e50","9":"product_cat-new-arrivals","10":"product_cat-slaapkleding-baby","11":"product_cat-slaapzakken","12":"product_cat-wollen-babyproducten","14":"first","15":"instock","16":"taxable","17":"shipping-taxable","18":"purchasable","19":"product-type-variable"},"acf":[],"_links":{"self":[{"href":"https:\/\/woolskins.eu\/it\/wp-json\/wp\/v2\/product\/30007","targetHints":{"allow":["GET"]}}],"collection":[{"href":"https:\/\/woolskins.eu\/it\/wp-json\/wp\/v2\/product"}],"about":[{"href":"https:\/\/woolskins.eu\/it\/wp-json\/wp\/v2\/types\/product"}],"replies":[{"embeddable":true,"href":"https:\/\/woolskins.eu\/it\/wp-json\/wp\/v2\/comments?post=30007"}],"wp:featuredmedia":[{"embeddable":true,"href":"https:\/\/woolskins.eu\/it\/wp-json\/wp\/v2\/media\/30010"}],"wp:attachment":[{"href":"https:\/\/woolskins.eu\/it\/wp-json\/wp\/v2\/media?parent=30007"}],"wp:term":[{"taxonomy":"product_brand","embeddable":true,"href":"https:\/\/woolskins.eu\/it\/wp-json\/wp\/v2\/product_brand?post=30007"},{"taxonomy":"product_cat","embeddable":true,"href":"https:\/\/woolskins.eu\/it\/wp-json\/wp\/v2\/product_cat?post=30007"},{"taxonomy":"product_tag","embeddable":true,"href":"https:\/\/woolskins.eu\/it\/wp-json\/wp\/v2\/product_tag?post=30007"}],"curies":[{"name":"wp","href":"https:\/\/api.w.org\/{rel}","templated":true}]}}