{"id":29670,"date":"2026-02-19T14:59:30","date_gmt":"2026-02-19T14:59:30","guid":{"rendered":"https:\/\/woolskins.eu\/?post_type=product&#038;p=29670"},"modified":"2026-05-14T13:30:44","modified_gmt":"2026-05-14T13:30:44","slug":"wollen-wiegdeken-babydeken-rosebeige","status":"publish","type":"product","link":"https:\/\/woolskins.eu\/it\/wollen-wiegdeken-babydeken-rosebeige\/","title":{"rendered":"Wollen Wiegdeken \/ Babydeken &#8211; Thumbled | Ros\u00e9beige"},"content":{"rendered":"<p>Onze Wollen Wiegdekens zijn zeer geschikt voor de allerkleinste dankzij de natuurlijke eigenschappen van wolvezels. Deze ademen en hebben de eigenschap op te treden als een natuurlijke thermostaat die de lichaamstemperatuur reguleert? Dit helpt je baby in het onderhouden van een stabiele temperatuur en houdt je baby droog en comfortabel. Het doet dit \u2018dynamisch\u2019, wat betekent dat het gebeurt als het nodig is, en niet als het niet nodig is.<\/p>\n<p>\u2013 100% lana vergine (Tumbled) con marchio di qualit\u00e0 Woolmark.<br \/>\n\u2013 Per la casa e in viaggio.<br \/>\n\u2013 Dimensioni: 75 x 100 cm e 90 x 130 cm.<br \/>\n\u2013 Produzione europea.<br \/>\n\u2013 lavabile a 30\u00b0C programma lavaggio lana.<\/p>\n<p>I prodotti in lana bottalata sono caratterizzati dalle fibre di lana sciolte. Per evitare il pi\u00f9 possibile la formazione di pelucchi, \u00e8 meglio picchiettare il prodotto all&#039;esterno prima di utilizzarlo.<\/p>\n<p>Questo prodotto ha il marchio di qualit\u00e0 Safe for Children e Woolmark.<\/p>\n<h5>Etichetta di pelli di lana<\/h5>\n<p>Dopo anni di collaborazione di successo con Alwero, possiamo annunciare con orgoglio che ora portiamo i nostri prodotti sotto la nostra etichetta Woolskins.<\/p>\n<p>In questo modo ottieni comunque la migliore qualit\u00e0, ma combinata con i prodotti e i design pi\u00f9 belli e unici.<\/p>\n<p>La qualit\u00e0 dei tessuti e dei colori rimane quella di sempre, ma ora c&#039;\u00e8 una scelta pi\u00f9 ampia che secondo Woolskins pu\u00f2 distinguersi.<\/p>\n<p>La nostra ampia collezione \u00e8 composta in modo tale da costituire una buona aggiunta a qualsiasi set per neonati, realizzata in lana europea 100% che respira ed \u00e8 adatta ad ogni stagione.<\/p>\n<p>Uniamo con entusiasmo le forze per creare un prodotto sostenibile, naturale e confortevole per il tuo bambino.<\/p>","protected":false},"excerpt":{"rendered":"<p>Il vostro bambino dormir\u00e0 meravigliosamente e sogner\u00e0 sotto questa comoda coperta da lettino in lana 100%. La coperta da lettino in lana \u00e8 elastica e molto morbida ed \u00e8 rifinita con un punto festone. Hanno un aspetto bello e lussuoso e appartengono a ogni set per bambini. Le coperte di lana respirano e misurano immediatamente la temperatura del tuo bambino. Hanno le dimensioni e il peso ideali per dormire o giocare. Usalo a casa o in viaggio per tenere il tuo bambino al caldo. La coperta \u00e8 adatta ad ogni stagione ed \u00e8 un regalo perfetto per un baby shower o una visita di maternit\u00e0.<\/p>\n<p><strong>Marca: Woolskin<\/strong><br \/>\n<strong>Produzione: Polonia<\/strong><\/p>","protected":false},"featured_media":29673,"comment_status":"closed","ping_status":"closed","template":"","meta":{"_acf_changed":false},"product_brand":[],"product_cat":[361,360,363,364,499,196,318,194],"product_tag":[],"class_list":{"0":"post-29670","1":"product","2":"type-product","3":"status-publish","4":"has-post-thumbnail","6":"product_cat-babyshower","7":"product_cat-cadeautips","8":"product_cat-cadeaus-e25-e50","9":"product_cat-cadeaus-vanaf-e50","10":"product_cat-new-arrivals","11":"product_cat-slaapkleding-baby","12":"product_cat-wollen-wiegdeken-ledikantdeken","13":"product_cat-wollen-babyproducten","14":"pa_maat-75-x-100-cm","15":"pa_maat-90-x-130-cm","17":"first","18":"instock","19":"taxable","20":"shipping-taxable","21":"purchasable","22":"product-type-variable"},"acf":[],"_links":{"self":[{"href":"https:\/\/woolskins.eu\/it\/wp-json\/wp\/v2\/product\/29670","targetHints":{"allow":["GET"]}}],"collection":[{"href":"https:\/\/woolskins.eu\/it\/wp-json\/wp\/v2\/product"}],"about":[{"href":"https:\/\/woolskins.eu\/it\/wp-json\/wp\/v2\/types\/product"}],"replies":[{"embeddable":true,"href":"https:\/\/woolskins.eu\/it\/wp-json\/wp\/v2\/comments?post=29670"}],"wp:featuredmedia":[{"embeddable":true,"href":"https:\/\/woolskins.eu\/it\/wp-json\/wp\/v2\/media\/29673"}],"wp:attachment":[{"href":"https:\/\/woolskins.eu\/it\/wp-json\/wp\/v2\/media?parent=29670"}],"wp:term":[{"taxonomy":"product_brand","embeddable":true,"href":"https:\/\/woolskins.eu\/it\/wp-json\/wp\/v2\/product_brand?post=29670"},{"taxonomy":"product_cat","embeddable":true,"href":"https:\/\/woolskins.eu\/it\/wp-json\/wp\/v2\/product_cat?post=29670"},{"taxonomy":"product_tag","embeddable":true,"href":"https:\/\/woolskins.eu\/it\/wp-json\/wp\/v2\/product_tag?post=29670"}],"curies":[{"name":"wp","href":"https:\/\/api.w.org\/{rel}","templated":true}]}}