{"id":27640,"date":"2025-11-21T13:28:22","date_gmt":"2025-11-21T13:28:22","guid":{"rendered":"https:\/\/woolskins.eu\/?post_type=product&#038;p=27640"},"modified":"2026-04-01T06:25:56","modified_gmt":"2026-04-01T06:25:56","slug":"wollen-slaapzak-voor-baby-teddy-amandel","status":"publish","type":"product","link":"https:\/\/woolskins.eu\/it\/wollen-slaapzak-voor-baby-teddy-amandel\/","title":{"rendered":"Wollen Slaapzak voor Baby | Teddy Amandel"},"content":{"rendered":"<p>La dimensione del collo \u00e8 regolabile grazie ai doppi bottoni a pressione e ha una lunga cerniera in modo che l&#039;intero sacco a pelo possa essere facilmente aperto.<\/p>\n<p>\u2013 100% lana vergine Thullata con marchio di qualit\u00e0 Woolmark.<br \/>\n- Texture liscia, morbida e Teddy Plush che si muove con voi.<br \/>\n- Zip lunga che permette al sacco a pelo di aprirsi completamente o solo nella parte inferiore.<br \/>\n\u2013 Buone propriet\u00e0 termiche.<br \/>\n\u2013 Per la casa e in viaggio.<br \/>\n\u2013 Taglia: 0\/6 mesi 67 cm, 6\/12 mesi 82 cm.<br \/>\n\u2013 Produzione europea.<\/p>\n<p>I nostri sacchi nanna Eco Lana sono molto adatti ai pi\u00f9 piccoli grazie alle propriet\u00e0 naturali delle fibre di lana. Questi respirano e hanno la propriet\u00e0 di agire come un termostato naturale che regola la temperatura corporea? Questo aiuta il tuo bambino a mantenere una temperatura stabile e lo mantiene asciutto e comodo. Lo fa \u201cdinamicamente\u201d, nel senso che avviene quando \u00e8 necessario e non quando non \u00e8 necessario.<\/p>\n<p data-start=\"63\" data-end=\"427\"><strong data-start=\"63\" data-end=\"83\">Istruzioni per il lavaggio<\/strong><\/p>\n<p data-start=\"63\" data-end=\"427\">Per mantenere questo tessuto di lana Teddy bello e morbido, si consiglia di lavarlo a mano a una temperatura massima di 30\u00b0C. Nel farlo, procedere con cautela e utilizzare un detergente delicato per lana. Evitare la candeggina, la stiratura, l'asciugatrice e la centrifuga. Lasciare asciugare il tessuto in piano per preservarne la forma. \u00c8 possibile anche il lavaggio a secco.<\/p>\n<p data-start=\"429\" data-end=\"552\">\u2728 <strong data-start=\"431\" data-end=\"439\">Mancia:<\/strong> La lana non ha bisogno di essere lavata spesso. Una rapida aerazione all'esterno \u00e8 spesso sufficiente per mantenere il tessuto fresco.<\/p>\n<p data-start=\"554\" data-end=\"817\">\ud83c\udf3f <strong data-start=\"557\" data-end=\"588\">Perch\u00e9 la lana \u00e8 speciale: <\/strong>La lana \u00e8 naturalmente autopulente e repellente allo sporco. Gli odori scompaiono semplicemente arieggiando il tessuto e lo sporco aderisce meno facilmente rispetto ad altri materiali. Cos\u00ec il vostro tessuto di lana rimane fresco pi\u00f9 a lungo, senza bisogno di molta manutenzione.<\/p>\n<h5>Etichetta di pelli di lana<\/h5>\n<p>Dopo anni di collaborazione di successo con Alwero, possiamo annunciare con orgoglio che ora portiamo i nostri prodotti sotto la nostra etichetta Woolskins.<\/p>\n<p>In questo modo ottieni comunque la migliore qualit\u00e0, ma combinata con i prodotti e i design pi\u00f9 belli e unici.<\/p>\n<p>La qualit\u00e0 dei tessuti e dei colori rimane quella di sempre, ma ora c&#039;\u00e8 una scelta pi\u00f9 ampia che secondo Woolskins pu\u00f2 distinguersi.<\/p>\n<p>La nostra ampia collezione \u00e8 composta in modo tale da costituire una buona aggiunta a qualsiasi set per neonati, realizzata in lana europea 100% che respira ed \u00e8 adatta ad ogni stagione.<\/p>\n<p>Uniamo con entusiasmo le forze per creare un prodotto sostenibile, naturale e confortevole per il tuo bambino.<\/p>","protected":false},"excerpt":{"rendered":"<p>Se stai cercando un sacco nanna comodo e caldo per il tuo bambino, la lana \u00e8 un&#039;ottima scelta. La lana ha molti benefici che aiutano il tuo bambino a dormire bene, in ogni stagione dell&#039;anno.<\/p>\n<p>Il nostro leggero sacco a pelo in lana ecologica \u00e8 traspirante e ha la capacit\u00e0 di agire come un termostato naturale che regola la temperatura corporea, aiutando il bambino a riposare e dormire serenamente. Questo sacco nanna \u00e8 molto adatto ai pi\u00f9 piccoli grazie ai doppi bottoni a pressione che consentono di rendere l'apertura del collo pi\u00f9 o meno grande. La lunga cerniera si apre su due lati, in modo che il sacco a pelo possa essere aperto completamente o solo nella parte inferiore per cambiare il bambino. Il sacco nanna in lana si muove con voi (\u00e8 elasticizzato) e aiuta il bambino a mantenere una temperatura stabile e ad asciugarsi e a stare comodo. Lo fa in modo \u2018dinamico\u2019, cio\u00e8 quando serve e non quando non serve. Questi sacchi nanna in lana sono quindi caldi in inverno e freschi in estate.<\/p>\n<p><strong>Marca: Woolskin<\/strong><br \/>\n<strong>Produzione: Polonia<\/strong><\/p>","protected":false},"featured_media":27643,"comment_status":"closed","ping_status":"closed","template":"","meta":{"_acf_changed":false},"product_brand":[],"product_cat":[361,360,364,196,370,194],"product_tag":[414],"class_list":{"0":"post-27640","1":"product","2":"type-product","3":"status-publish","4":"has-post-thumbnail","6":"product_cat-babyshower","7":"product_cat-cadeautips","8":"product_cat-cadeaus-vanaf-e50","9":"product_cat-slaapkleding-baby","10":"product_cat-slaapzakken","11":"product_cat-wollen-babyproducten","12":"product_tag-alwero-slaapzak","13":"pa_maat-0-6-maanden","14":"pa_maat-6-12-maanden","16":"first","17":"instock","18":"taxable","19":"shipping-taxable","20":"purchasable","21":"product-type-variable"},"acf":[],"_links":{"self":[{"href":"https:\/\/woolskins.eu\/it\/wp-json\/wp\/v2\/product\/27640","targetHints":{"allow":["GET"]}}],"collection":[{"href":"https:\/\/woolskins.eu\/it\/wp-json\/wp\/v2\/product"}],"about":[{"href":"https:\/\/woolskins.eu\/it\/wp-json\/wp\/v2\/types\/product"}],"replies":[{"embeddable":true,"href":"https:\/\/woolskins.eu\/it\/wp-json\/wp\/v2\/comments?post=27640"}],"wp:featuredmedia":[{"embeddable":true,"href":"https:\/\/woolskins.eu\/it\/wp-json\/wp\/v2\/media\/27643"}],"wp:attachment":[{"href":"https:\/\/woolskins.eu\/it\/wp-json\/wp\/v2\/media?parent=27640"}],"wp:term":[{"taxonomy":"product_brand","embeddable":true,"href":"https:\/\/woolskins.eu\/it\/wp-json\/wp\/v2\/product_brand?post=27640"},{"taxonomy":"product_cat","embeddable":true,"href":"https:\/\/woolskins.eu\/it\/wp-json\/wp\/v2\/product_cat?post=27640"},{"taxonomy":"product_tag","embeddable":true,"href":"https:\/\/woolskins.eu\/it\/wp-json\/wp\/v2\/product_tag?post=27640"}],"curies":[{"name":"wp","href":"https:\/\/api.w.org\/{rel}","templated":true}]}}