{"id":27525,"date":"2025-11-17T13:39:51","date_gmt":"2025-11-17T13:39:51","guid":{"rendered":"https:\/\/woolskins.eu\/?post_type=product&#038;p=27525"},"modified":"2025-11-17T13:43:15","modified_gmt":"2025-11-17T13:43:15","slug":"gomitoli-di-lana-di-ricarica","status":"publish","type":"product","link":"https:\/\/woolskins.eu\/it\/bijvulling-wolbolletjes\/","title":{"rendered":"Palline di lana per la ricarica del cuscino per l'allattamento 300 grammi"},"content":{"rendered":"","protected":false},"excerpt":{"rendered":"<p data-start=\"147\" data-end=\"234\"><strong data-start=\"147\" data-end=\"234\">Globuli di lana di riempimento extra - per un cuscino per l'allattamento duraturo e perfettamente sostenuto<\/strong><\/p>\n<p data-start=\"236\" data-end=\"521\">Rivitalizzate il vostro cuscino per la pappa Woolskins con un'imbottitura extra di perle di lana naturale 100%. Queste perle di lana di pecora europea, ariose e resistenti, offrono un sostegno ottimale durante la poppata, il riposo o il sonno, proprio come ci si aspetta da Woolskins.<\/p>\n<p data-start=\"523\" data-end=\"788\">Le palline di lana sono ipoallergeniche, regolano la temperatura e rimangono fresche a lungo grazie alle propriet\u00e0 autopulenti della lana. Ideali quando il cuscino per l'alimentazione si \u00e8 ammorbidito nel tempo o quando si cerca un po' di compattezza in pi\u00f9.<\/p>\n<p data-start=\"790\" data-end=\"900\">Con questa ricarica da 300 grammi, potrete rendere il vostro cuscino per l'allattamento come lo desiderate: pi\u00f9 pieno, pi\u00f9 solido e ancora pi\u00f9 confortevole.<\/p>\n<p data-start=\"902\" data-end=\"916\"><strong data-start=\"902\" data-end=\"916\">Vantaggi:<\/strong><\/p>\n<ul data-start=\"917\" data-end=\"1132\">\n<li data-start=\"917\" data-end=\"958\">\n<p data-start=\"919\" data-end=\"958\">100% gomitoli di lana (lana ecologica)<\/p>\n<\/li>\n<li data-start=\"959\" data-end=\"1010\">\n<p data-start=\"961\" data-end=\"1010\">Traspirante, ipoallergenico e termoregolatore<\/p>\n<\/li>\n<li data-start=\"1011\" data-end=\"1076\">\n<p data-start=\"1013\" data-end=\"1076\">Rimane resistente e fresco grazie alle sue propriet\u00e0 autopulenti<\/p>\n<\/li>\n<li data-start=\"1077\" data-end=\"1132\">\n<p data-start=\"1079\" data-end=\"1132\">Facile da riempire per un supporto perfetto<\/p>\n<\/li>\n<\/ul>","protected":false},"featured_media":27526,"comment_status":"open","ping_status":"closed","template":"","meta":{"_acf_changed":false},"product_brand":[],"product_cat":[349,210],"product_tag":[],"class_list":{"0":"post-27525","1":"product","2":"type-product","3":"status-publish","4":"has-post-thumbnail","6":"product_cat-borstvoedingenvoedingskussens","7":"product_cat-wollen-voedingskussen","9":"first","10":"instock","11":"taxable","12":"shipping-taxable","13":"purchasable","14":"product-type-simple"},"acf":[],"_links":{"self":[{"href":"https:\/\/woolskins.eu\/it\/wp-json\/wp\/v2\/product\/27525","targetHints":{"allow":["GET"]}}],"collection":[{"href":"https:\/\/woolskins.eu\/it\/wp-json\/wp\/v2\/product"}],"about":[{"href":"https:\/\/woolskins.eu\/it\/wp-json\/wp\/v2\/types\/product"}],"replies":[{"embeddable":true,"href":"https:\/\/woolskins.eu\/it\/wp-json\/wp\/v2\/comments?post=27525"}],"wp:featuredmedia":[{"embeddable":true,"href":"https:\/\/woolskins.eu\/it\/wp-json\/wp\/v2\/media\/27526"}],"wp:attachment":[{"href":"https:\/\/woolskins.eu\/it\/wp-json\/wp\/v2\/media?parent=27525"}],"wp:term":[{"taxonomy":"product_brand","embeddable":true,"href":"https:\/\/woolskins.eu\/it\/wp-json\/wp\/v2\/product_brand?post=27525"},{"taxonomy":"product_cat","embeddable":true,"href":"https:\/\/woolskins.eu\/it\/wp-json\/wp\/v2\/product_cat?post=27525"},{"taxonomy":"product_tag","embeddable":true,"href":"https:\/\/woolskins.eu\/it\/wp-json\/wp\/v2\/product_tag?post=27525"}],"curies":[{"name":"wp","href":"https:\/\/api.w.org\/{rel}","templated":true}]}}