{"id":26900,"date":"2025-10-17T13:05:04","date_gmt":"2025-10-17T13:05:04","guid":{"rendered":"https:\/\/woolskins.eu\/?post_type=product&#038;p=26900"},"modified":"2025-12-20T10:36:34","modified_gmt":"2025-12-20T10:36:34","slug":"un-marchio-di-base-pantofole-di-lana-da-donna-100-lana-vergine-nero","status":"publish","type":"product","link":"https:\/\/woolskins.eu\/it\/a-basic-brand-wollen-sloffen-dames-100-scheerwol-zwart\/","title":{"rendered":"A Basic Brand - Pantofole in lana da donna - 100% Lana nuova | nero"},"content":{"rendered":"<h3 data-start=\"115\" data-end=\"164\"><strong data-start=\"119\" data-end=\"164\">A Basic Brand - Pantofole in lana da donna<\/strong><\/h3>\n<p data-start=\"166\" data-end=\"475\">Calda e confortante, ma anche completamente naturale e traspirante. Questo <strong data-start=\"237\" data-end=\"273\">pantofole in lana di A Basic Brand<\/strong> sono realizzati per le donne che amano il comfort, la semplicit\u00e0 e i materiali naturali. Offrono il perfetto equilibrio tra calore, traspirabilit\u00e0 e stile, ideali per essere indossati tutto l'anno in casa.<\/p>\n<h4 data-start=\"477\" data-end=\"509\"><strong data-start=\"482\" data-end=\"509\">100% Pile di pura lana vergine<\/strong><\/h4>\n<p data-start=\"510\" data-end=\"780\">L'interno delle pantofole \u00e8 realizzato in <strong data-start=\"555\" data-end=\"578\">100% pura lana vergine<\/strong>lana di nuova estrazione che non \u00e8 mai stata lavorata prima. Questo crea una fodera eccezionalmente morbida, resiliente e traspirante che si modella ai piedi e mantiene costantemente una temperatura confortevole.<\/p>\n<h4 data-start=\"782\" data-end=\"811\"><strong data-start=\"787\" data-end=\"811\">I benefici della lana<\/strong><\/h4>\n<p data-start=\"812\" data-end=\"919\">La lana \u00e8 una delle fibre naturali pi\u00f9 funzionali in circolazione. Grazie alle sue propriet\u00e0 uniche:<\/p>\n<ul data-start=\"920\" data-end=\"1300\">\n<li data-start=\"920\" data-end=\"995\">\n<p data-start=\"922\" data-end=\"995\"><strong data-start=\"922\" data-end=\"954\">La lana regola la temperatura<\/strong> - caldo in inverno, fresco in estate.<\/p>\n<\/li>\n<li data-start=\"996\" data-end=\"1070\">\n<p data-start=\"998\" data-end=\"1070\"><strong data-start=\"998\" data-end=\"1035\">\u00c8 traspirante e regola l'umidit\u00e0<\/strong> - mantiene i piedi asciutti e freschi.<\/p>\n<\/li>\n<li data-start=\"1071\" data-end=\"1147\">\n<p data-start=\"1073\" data-end=\"1147\"><strong data-start=\"1073\" data-end=\"1115\">\u00c8 autopulente e antibatterico<\/strong> - gli odori non hanno alcuna possibilit\u00e0.<\/p>\n<\/li>\n<li data-start=\"1148\" data-end=\"1214\">\n<p data-start=\"1150\" data-end=\"1214\"><strong data-start=\"1150\" data-end=\"1174\">\u00c8 ipoallergenico<\/strong> - Gentile con la pelle sensibile.<\/p>\n<\/li>\n<li data-start=\"1215\" data-end=\"1300\">\n<p data-start=\"1217\" data-end=\"1300\"><strong data-start=\"1217\" data-end=\"1262\">\u00c8 sostenibile e biodegradabile<\/strong> - buono per voi e per il pianeta.<\/p>\n<\/li>\n<\/ul>\n<h4 data-start=\"1302\" data-end=\"1341\"><strong data-start=\"1307\" data-end=\"1341\">Calore e comfort ad ogni passo<\/strong><\/h4>\n<p data-start=\"1342\" data-end=\"1641\">Le pantofole in lana di A Basic Brand sono leggere, ma offrono una presa salda e un sostegno naturale. La morbida lana avvolge i piedi come un caldo abbraccio e dona un'immediata sensazione di relax. Perfette per le mattine fredde, le serate tranquille o le lunghe giornate di lavoro a casa.<\/p>\n<h4 data-start=\"1643\" data-end=\"1679\"><strong data-start=\"1648\" data-end=\"1679\">Design semplice e senza tempo<\/strong><\/h4>\n<p data-start=\"1680\" data-end=\"1913\">Come suggerisce il nome, sta per <strong data-start=\"1709\" data-end=\"1726\">Un marchio fondamentale<\/strong> per la pura semplicit\u00e0 e la qualit\u00e0 naturale. Nessun dettaglio superfluo: solo un look senza tempo e un comfort duraturo. Il colore naturale della lana si adatta a qualsiasi stile e interno.<\/p>\n<h4 data-start=\"1915\" data-end=\"1950\"><strong data-start=\"1920\" data-end=\"1950\">Disponibile in due misure<\/strong><\/h4>\n<p data-start=\"1951\" data-end=\"1985\">Le pantofole sono disponibili in:<\/p>\n<ul data-start=\"1986\" data-end=\"2023\">\n<li data-start=\"1986\" data-end=\"2004\">\n<p data-start=\"1988\" data-end=\"2004\"><strong data-start=\"1988\" data-end=\"2002\">Taglia 38\/39 (26 cm)<\/strong><\/p>\n<\/li>\n<li data-start=\"2005\" data-end=\"2023\">\n<p data-start=\"2007\" data-end=\"2023\"><strong data-start=\"2007\" data-end=\"2021\">Taglia 40\/41 (28 cm)<\/strong><\/p>\n<\/li>\n<\/ul>\n<p data-start=\"2025\" data-end=\"2167\">Grazie alla naturale elasticit\u00e0 della lana, si adattano bene al piede senza stringere e mantengono la loro forma con un uso regolare.<\/p>","protected":false},"excerpt":{"rendered":"<h3 data-start=\"115\" data-end=\"164\"><strong data-start=\"119\" data-end=\"164\">A Basic Brand - Pantofole in lana da donna<\/strong><\/h3>\n<p>Sperimentate il massimo del comfort domestico con il <strong data-start=\"171\" data-end=\"218\">pantofole in lana da donna di A Basic Brand<\/strong>. Realizzati con un doppio strato di pura lana vergine 100%, sono meravigliosamente caldi, morbidi e traspiranti, ideali per le giornate fredde e per chi ama i materiali naturali. La lana regola la temperatura, elimina l'umidit\u00e0 e mantiene i piedi freschi e asciutti, senza pizzicare. Disponibile nella taglia <strong data-start=\"486\" data-end=\"495\">38\/39<\/strong> E <strong data-start=\"499\" data-end=\"508\">40\/41<\/strong> per una calzata perfetta e un puro relax a ogni passo. Inoltre, queste pantofole sono dotate di <strong data-start=\"594\" data-end=\"613\">suole antiscivolo<\/strong>, che consente di camminare in modo sicuro e stabile su tutti i piani.<\/p>\n<p><strong>Marchio: un marchio di base<\/strong><br \/>\n<strong>Paese: Polonia<\/strong><\/p>","protected":false},"featured_media":26897,"comment_status":"open","ping_status":"closed","template":"","meta":{"_acf_changed":false},"product_brand":[],"product_cat":[499,351,360,364,350,31],"product_tag":[],"class_list":{"0":"post-26900","1":"product","2":"type-product","3":"status-publish","4":"has-post-thumbnail","6":"product_cat-new-arrivals","7":"product_cat-accessoiresvoormama","8":"product_cat-cadeautips","9":"product_cat-cadeaus-vanaf-e50","10":"product_cat-fashion","11":"product_cat-yogamat-wol","13":"first","14":"instock","15":"taxable","16":"shipping-taxable","17":"purchasable","18":"product-type-variable"},"acf":[],"_links":{"self":[{"href":"https:\/\/woolskins.eu\/it\/wp-json\/wp\/v2\/product\/26900","targetHints":{"allow":["GET"]}}],"collection":[{"href":"https:\/\/woolskins.eu\/it\/wp-json\/wp\/v2\/product"}],"about":[{"href":"https:\/\/woolskins.eu\/it\/wp-json\/wp\/v2\/types\/product"}],"replies":[{"embeddable":true,"href":"https:\/\/woolskins.eu\/it\/wp-json\/wp\/v2\/comments?post=26900"}],"wp:featuredmedia":[{"embeddable":true,"href":"https:\/\/woolskins.eu\/it\/wp-json\/wp\/v2\/media\/26897"}],"wp:attachment":[{"href":"https:\/\/woolskins.eu\/it\/wp-json\/wp\/v2\/media?parent=26900"}],"wp:term":[{"taxonomy":"product_brand","embeddable":true,"href":"https:\/\/woolskins.eu\/it\/wp-json\/wp\/v2\/product_brand?post=26900"},{"taxonomy":"product_cat","embeddable":true,"href":"https:\/\/woolskins.eu\/it\/wp-json\/wp\/v2\/product_cat?post=26900"},{"taxonomy":"product_tag","embeddable":true,"href":"https:\/\/woolskins.eu\/it\/wp-json\/wp\/v2\/product_tag?post=26900"}],"curies":[{"name":"wp","href":"https:\/\/api.w.org\/{rel}","templated":true}]}}